{"id":157972,"date":"2026-03-03T20:09:54","date_gmt":"2026-03-03T19:09:54","guid":{"rendered":"https:\/\/kortleksbolaget.se\/produkt\/avatar\/"},"modified":"2026-04-02T22:07:29","modified_gmt":"2026-04-02T20:07:29","slug":"avatar","status":"publish","type":"product","link":"https:\/\/kortleksbolaget.se\/no\/produkt\/avatar\/","title":{"rendered":"Avatar"},"content":{"rendered":"","protected":false},"excerpt":{"rendered":"<p id=\"tw-target-text\" class=\"tw-data-text tw-text-large tw-ta\" dir=\"ltr\" tabindex=\"-1\" role=\"text\" data-placeholder=\"\u00d6vers\u00e4ttning\" data-ved=\"2ahUKEwj3rO_fzfSSAxXIJxAIHcgcL38Q3ewLegQIDBAV\" aria-label=\"\u00d6versatt text: Avatar-spelkort - Premiumspelkort inspirerade av James Camerons banbrytande trilogi. En resa genom Pandora kort f\u00f6r kort Kliv in i Pandoras sj\u00e4lvlysande hj\u00e4rta, d\u00e4r varje kort \u00e4r minuti\u00f6st illustrerat f\u00f6r att f\u00f6rverkliga fantasi i din handflata. Kortl\u00e5dan skimrar med p\u00e4rlemorskimrande bl\u00e5 och silverfolier, med detaljerad pr\u00e4gling som v\u00e4cker Pandoras extraordin\u00e4ra landskap till liv. EYWAS \u00d6GA F\u00f6lj med alla dina favoritkarakt\u00e4rer - Jake Sully, Neytiri, Spider, Lo'ak, Kiri, Tonowari, Ronal och fler - tillsammans med de ikoniska varelserna och landskapen fr\u00e5n skogarna, haven och avl\u00e4gsna horisonter som g\u00f6r Avatars v\u00e4rld levande. This Family Is Our Fortress - all energi \u00e4r bara l\u00e5nad Fylld med vacker Na'vi-ikonografi och en hisnande f\u00e4rgpalett, \u00e4r denna kortlek perfekt f\u00f6r din n\u00e4sta spelkv\u00e4ll och v\u00e4rdig att visa upp p\u00e5 din hylla eller i hj\u00e4rtat av din v\u00e4xande samling. Kan du hitta alla g\u00f6mda p\u00e5sk\u00e4gg och referenser fr\u00e5n filmerna?\"><span class=\"Y2IQFc\" lang=\"sv\"><b>Avatar Playing Cards<\/b> &#8211; Premium playing cards inspired by James Cameron&#8217;s groundbreaking trilogy.<\/p>\n<p><b>A Journey Through Pandora<\/b> card by card<br \/>\nStep into the bioluminescent heart of Pandora, where every card is meticulously illustrated to bring fantasy to reality in the palm of your hand. The tuck box shimmers with pearlescent blue and silver foils, with detailed embossing that brings the extraordinary landscape of Pandora to life.<\/p>\n<p><b>EYE OF EYWA<\/b><br \/>\nJoin all of your favorite characters &#8211; Jake Sully, Neytiri, Spider, Lo&#8217;ak, Kiri, Tonowari, Ronal, and more &#8211; alongside the iconic creatures and landscapes from the forests, oceans, and distant horizons that make the world of Avatar come alive.<\/p>\n<p><b>This Family Is Our Fortress<\/b> all energy is only borrowed<br \/>\nFilled with gorgeous Na&#8217;vi iconography and a breathtaking color palette, this deck is perfect for your next game night and is worthy of display on your shelf or at the heart of your growing collection. Can you spot all of the hidden easter eggs and references from the films?<\/span><\/p>\n<p> [&#8230;]<\/p>\n<p><a class=\"btn btn-secondary understrap-read-more-link\" href=\"https:\/\/kortleksbolaget.se\/no\/produkt\/avatar\/\">Les mer&#8230;<span class=\"screen-reader-text\"> from Avatar<\/span><\/a><\/p>\n","protected":false},"featured_media":157962,"template":"","meta":{"_acf_changed":false},"product_brand":[],"product_cat":[232],"product_tag":[],"class_list":{"0":"post-157972","1":"product","2":"type-product","3":"status-publish","4":"has-post-thumbnail","6":"varumarke-theory11-no","7":"product_cat-special-lyx-limited-no","9":"first","10":"instock","11":"featured","12":"taxable","13":"shipping-taxable","14":"purchasable","15":"product-type-simple"},"acf":[],"yoast_head":"<!-- This site is optimized with the Yoast SEO plugin v26.3 - https:\/\/yoast.com\/wordpress\/plugins\/seo\/ -->\n<title>Kortlek Avatar | Kortleksbolaget<\/title>\n<meta name=\"description\" content=\"K\u00f6p Avatar. Snabba leveranser &amp; bra priser. Sveriges st\u00f6rsta sortiment av kortlekar p\u00e5 Kortleksbolaget!\" \/>\n<meta name=\"robots\" content=\"index, follow, max-snippet:-1, max-image-preview:large, max-video-preview:-1\" \/>\n<link rel=\"canonical\" href=\"https:\/\/kortleksbolaget.se\/no\/produkt\/avatar\/\" \/>\n<meta property=\"og:locale\" content=\"nb_NO\" \/>\n<meta property=\"og:type\" content=\"article\" \/>\n<meta property=\"og:title\" content=\"Kortlek Avatar | Kortleksbolaget\" \/>\n<meta property=\"og:description\" content=\"K\u00f6p Avatar. Snabba leveranser &amp; bra priser. Sveriges st\u00f6rsta sortiment av kortlekar p\u00e5 Kortleksbolaget!\" \/>\n<meta property=\"og:url\" content=\"https:\/\/kortleksbolaget.se\/no\/produkt\/avatar\/\" \/>\n<meta property=\"og:site_name\" content=\"Kortleksbolaget\" \/>\n<meta property=\"article:modified_time\" content=\"2026-04-02T20:07:29+00:00\" \/>\n<meta property=\"og:image\" content=\"https:\/\/kortleksbolaget.se\/wp-content\/uploads\/avatar-kortlek.jpg\" \/>\n\t<meta property=\"og:image:width\" content=\"434\" \/>\n\t<meta property=\"og:image:height\" content=\"651\" \/>\n\t<meta property=\"og:image:type\" content=\"image\/jpeg\" \/>\n<meta name=\"twitter:card\" content=\"summary_large_image\" \/>\n<script type=\"application\/ld+json\" class=\"yoast-schema-graph\">{\"@context\":\"https:\/\/schema.org\",\"@graph\":[{\"@type\":\"WebPage\",\"@id\":\"https:\/\/kortleksbolaget.se\/no\/produkt\/avatar\/\",\"url\":\"https:\/\/kortleksbolaget.se\/no\/produkt\/avatar\/\",\"name\":\"Kortlek Avatar | Kortleksbolaget\",\"isPartOf\":{\"@id\":\"https:\/\/kortleksbolaget.se\/no\/#website\"},\"primaryImageOfPage\":{\"@id\":\"https:\/\/kortleksbolaget.se\/no\/produkt\/avatar\/#primaryimage\"},\"image\":{\"@id\":\"https:\/\/kortleksbolaget.se\/no\/produkt\/avatar\/#primaryimage\"},\"thumbnailUrl\":\"https:\/\/kortleksbolaget.se\/wp-content\/uploads\/avatar-kortlek.jpg\",\"datePublished\":\"2026-03-03T19:09:54+00:00\",\"dateModified\":\"2026-04-02T20:07:29+00:00\",\"description\":\"K\u00f6p Avatar. Snabba leveranser & bra priser. Sveriges st\u00f6rsta sortiment av kortlekar p\u00e5 Kortleksbolaget!\",\"breadcrumb\":{\"@id\":\"https:\/\/kortleksbolaget.se\/no\/produkt\/avatar\/#breadcrumb\"},\"inLanguage\":\"nb-NO\",\"potentialAction\":[{\"@type\":\"ReadAction\",\"target\":[\"https:\/\/kortleksbolaget.se\/no\/produkt\/avatar\/\"]}]},{\"@type\":\"ImageObject\",\"inLanguage\":\"nb-NO\",\"@id\":\"https:\/\/kortleksbolaget.se\/no\/produkt\/avatar\/#primaryimage\",\"url\":\"https:\/\/kortleksbolaget.se\/wp-content\/uploads\/avatar-kortlek.jpg\",\"contentUrl\":\"https:\/\/kortleksbolaget.se\/wp-content\/uploads\/avatar-kortlek.jpg\",\"width\":434,\"height\":651},{\"@type\":\"BreadcrumbList\",\"@id\":\"https:\/\/kortleksbolaget.se\/no\/produkt\/avatar\/#breadcrumb\",\"itemListElement\":[{\"@type\":\"ListItem\",\"position\":1,\"name\":\"Hem\",\"item\":\"https:\/\/kortleksbolaget.se\/no\/\"},{\"@type\":\"ListItem\",\"position\":2,\"name\":\"Alle Kortstokker\",\"item\":\"https:\/\/kortleksbolaget.se\/no\/alla-produkter\/\"},{\"@type\":\"ListItem\",\"position\":3,\"name\":\"Avatar\"}]},{\"@type\":\"WebSite\",\"@id\":\"https:\/\/kortleksbolaget.se\/no\/#website\",\"url\":\"https:\/\/kortleksbolaget.se\/no\/\",\"name\":\"Kortleksbolaget\",\"description\":\"Kortlekar p\u00e5 n\u00e4tet\",\"publisher\":{\"@id\":\"https:\/\/kortleksbolaget.se\/no\/#organization\"},\"potentialAction\":[{\"@type\":\"SearchAction\",\"target\":{\"@type\":\"EntryPoint\",\"urlTemplate\":\"https:\/\/kortleksbolaget.se\/no\/?s={search_term_string}\"},\"query-input\":{\"@type\":\"PropertyValueSpecification\",\"valueRequired\":true,\"valueName\":\"search_term_string\"}}],\"inLanguage\":\"nb-NO\"},{\"@type\":\"Organization\",\"@id\":\"https:\/\/kortleksbolaget.se\/no\/#organization\",\"name\":\"Kortleksbolaget\",\"url\":\"https:\/\/kortleksbolaget.se\/no\/\",\"logo\":{\"@type\":\"ImageObject\",\"inLanguage\":\"nb-NO\",\"@id\":\"https:\/\/kortleksbolaget.se\/no\/#\/schema\/logo\/image\/\",\"url\":\"https:\/\/kortleksbolaget.se\/wp-content\/uploads\/kortleksbolaget_logo-svart.png\",\"contentUrl\":\"https:\/\/kortleksbolaget.se\/wp-content\/uploads\/kortleksbolaget_logo-svart.png\",\"width\":1200,\"height\":296,\"caption\":\"Kortleksbolaget\"},\"image\":{\"@id\":\"https:\/\/kortleksbolaget.se\/no\/#\/schema\/logo\/image\/\"}}]}<\/script>\n<!-- \/ Yoast SEO plugin. -->","yoast_head_json":{"title":"Kortlek Avatar | Kortleksbolaget","description":"K\u00f6p Avatar. Snabba leveranser & bra priser. Sveriges st\u00f6rsta sortiment av kortlekar p\u00e5 Kortleksbolaget!","robots":{"index":"index","follow":"follow","max-snippet":"max-snippet:-1","max-image-preview":"max-image-preview:large","max-video-preview":"max-video-preview:-1"},"canonical":"https:\/\/kortleksbolaget.se\/no\/produkt\/avatar\/","og_locale":"nb_NO","og_type":"article","og_title":"Kortlek Avatar | Kortleksbolaget","og_description":"K\u00f6p Avatar. Snabba leveranser & bra priser. Sveriges st\u00f6rsta sortiment av kortlekar p\u00e5 Kortleksbolaget!","og_url":"https:\/\/kortleksbolaget.se\/no\/produkt\/avatar\/","og_site_name":"Kortleksbolaget","article_modified_time":"2026-04-02T20:07:29+00:00","og_image":[{"width":434,"height":651,"url":"https:\/\/kortleksbolaget.se\/wp-content\/uploads\/avatar-kortlek.jpg","type":"image\/jpeg"}],"twitter_card":"summary_large_image","schema":{"@context":"https:\/\/schema.org","@graph":[{"@type":"WebPage","@id":"https:\/\/kortleksbolaget.se\/no\/produkt\/avatar\/","url":"https:\/\/kortleksbolaget.se\/no\/produkt\/avatar\/","name":"Kortlek Avatar | Kortleksbolaget","isPartOf":{"@id":"https:\/\/kortleksbolaget.se\/no\/#website"},"primaryImageOfPage":{"@id":"https:\/\/kortleksbolaget.se\/no\/produkt\/avatar\/#primaryimage"},"image":{"@id":"https:\/\/kortleksbolaget.se\/no\/produkt\/avatar\/#primaryimage"},"thumbnailUrl":"https:\/\/kortleksbolaget.se\/wp-content\/uploads\/avatar-kortlek.jpg","datePublished":"2026-03-03T19:09:54+00:00","dateModified":"2026-04-02T20:07:29+00:00","description":"K\u00f6p Avatar. Snabba leveranser & bra priser. Sveriges st\u00f6rsta sortiment av kortlekar p\u00e5 Kortleksbolaget!","breadcrumb":{"@id":"https:\/\/kortleksbolaget.se\/no\/produkt\/avatar\/#breadcrumb"},"inLanguage":"nb-NO","potentialAction":[{"@type":"ReadAction","target":["https:\/\/kortleksbolaget.se\/no\/produkt\/avatar\/"]}]},{"@type":"ImageObject","inLanguage":"nb-NO","@id":"https:\/\/kortleksbolaget.se\/no\/produkt\/avatar\/#primaryimage","url":"https:\/\/kortleksbolaget.se\/wp-content\/uploads\/avatar-kortlek.jpg","contentUrl":"https:\/\/kortleksbolaget.se\/wp-content\/uploads\/avatar-kortlek.jpg","width":434,"height":651},{"@type":"BreadcrumbList","@id":"https:\/\/kortleksbolaget.se\/no\/produkt\/avatar\/#breadcrumb","itemListElement":[{"@type":"ListItem","position":1,"name":"Hem","item":"https:\/\/kortleksbolaget.se\/no\/"},{"@type":"ListItem","position":2,"name":"Alle Kortstokker","item":"https:\/\/kortleksbolaget.se\/no\/alla-produkter\/"},{"@type":"ListItem","position":3,"name":"Avatar"}]},{"@type":"WebSite","@id":"https:\/\/kortleksbolaget.se\/no\/#website","url":"https:\/\/kortleksbolaget.se\/no\/","name":"Kortleksbolaget","description":"Kortlekar p\u00e5 n\u00e4tet","publisher":{"@id":"https:\/\/kortleksbolaget.se\/no\/#organization"},"potentialAction":[{"@type":"SearchAction","target":{"@type":"EntryPoint","urlTemplate":"https:\/\/kortleksbolaget.se\/no\/?s={search_term_string}"},"query-input":{"@type":"PropertyValueSpecification","valueRequired":true,"valueName":"search_term_string"}}],"inLanguage":"nb-NO"},{"@type":"Organization","@id":"https:\/\/kortleksbolaget.se\/no\/#organization","name":"Kortleksbolaget","url":"https:\/\/kortleksbolaget.se\/no\/","logo":{"@type":"ImageObject","inLanguage":"nb-NO","@id":"https:\/\/kortleksbolaget.se\/no\/#\/schema\/logo\/image\/","url":"https:\/\/kortleksbolaget.se\/wp-content\/uploads\/kortleksbolaget_logo-svart.png","contentUrl":"https:\/\/kortleksbolaget.se\/wp-content\/uploads\/kortleksbolaget_logo-svart.png","width":1200,"height":296,"caption":"Kortleksbolaget"},"image":{"@id":"https:\/\/kortleksbolaget.se\/no\/#\/schema\/logo\/image\/"}}]}},"_links":{"self":[{"href":"https:\/\/kortleksbolaget.se\/no\/wp-json\/wp\/v2\/product\/157972","targetHints":{"allow":["GET"]}}],"collection":[{"href":"https:\/\/kortleksbolaget.se\/no\/wp-json\/wp\/v2\/product"}],"about":[{"href":"https:\/\/kortleksbolaget.se\/no\/wp-json\/wp\/v2\/types\/product"}],"wp:featuredmedia":[{"embeddable":true,"href":"https:\/\/kortleksbolaget.se\/no\/wp-json\/wp\/v2\/media\/157962"}],"wp:attachment":[{"href":"https:\/\/kortleksbolaget.se\/no\/wp-json\/wp\/v2\/media?parent=157972"}],"wp:term":[{"taxonomy":"product_brand","embeddable":true,"href":"https:\/\/kortleksbolaget.se\/no\/wp-json\/wp\/v2\/product_brand?post=157972"},{"taxonomy":"product_cat","embeddable":true,"href":"https:\/\/kortleksbolaget.se\/no\/wp-json\/wp\/v2\/product_cat?post=157972"},{"taxonomy":"product_tag","embeddable":true,"href":"https:\/\/kortleksbolaget.se\/no\/wp-json\/wp\/v2\/product_tag?post=157972"}],"curies":[{"name":"wp","href":"https:\/\/api.w.org\/{rel}","templated":true}]}}