{"id":159404,"date":"2026-05-12T11:12:19","date_gmt":"2026-05-12T09:12:19","guid":{"rendered":"https:\/\/kortleksbolaget.se\/produkt\/odd-fellows-brother-mcpint-mini\/"},"modified":"2026-05-12T11:12:19","modified_gmt":"2026-05-12T09:12:19","slug":"odd-fellows-brother-mcpint-mini","status":"publish","type":"product","link":"https:\/\/kortleksbolaget.se\/no\/produkt\/odd-fellows-brother-mcpint-mini\/","title":{"rendered":"Odd Fellows Brother McPint Mini"},"content":{"rendered":"","protected":false},"excerpt":{"rendered":"<div id=\"tw-target-text-container\" class=\"tw-ta-container tw-nfl\" tabindex=\"0\" role=\"text\">\n<p class=\"tw-data-text tw-text-large tw-ta\" dir=\"ltr\" tabindex=\"-1\" role=\"text\" data-placeholder=\"\u00d6vers\u00e4ttning\" data-ved=\"2ahUKEwjTnpLS5pyUAxVpHRAIHa1jFV4Q3ewLegQIDBAU\" aria-label=\"\u00d6versatt text: Broder McPint Miniformat Bevis beslagtagna i The Sanctuary - hem f\u00f6r ett g\u00e4ng sm\u00e5brottslingar f\u00f6rkl\u00e4dda till pr\u00e4ster, som planerar r\u00e5n, smugglar andar och driver ohederliga spel. Broder McPint \u00e4r en av karakt\u00e4rerna fr\u00e5n The Odd Fellows fr\u00e5n The Sanctuary. Specifikationer: 54 kort i miniformat, samma design som S. M. Gorda och F. Firkin, utan r\u00e5nplanen i bakgrunden. Pappersmaterial: Japansk svart k\u00e4rna 290 g\/m\u00b2 med lack 100 % specialdesignat med illustrerade hovkort, jokrar, spader ess F\u00f6rpackningsask med folie och pr\u00e4gling Inslagen i cellofan Tryckt av WJPC\"><span class=\"Y2IQFc\" lang=\"sv\">The Odd Fellows from The Sanctuary<\/p>\n<p><b>Brother McPint Mini Size<\/b><\/p>\n<p>Evidence seized at The Sanctuary &#8211; home of a gang of petty criminals disguised as clergy, plotting heists, bootlegging spirits, and running crooked games.<\/p>\n<p>Brother McPint is one of the characters from The Odd Fellows from The Sanctuary.<\/p>\n<p>Specs:<\/span><\/p>\n<ul>\n<li>54 cards mini size, same design as S. M. Gorda and F. Firkin, without the heist plan on the background.<\/li>\n<li>Paper Stock: Japanese Black Core 290gsm with varnish<\/li>\n<li>100% custom with illustrated court cards, jokers, Ace of Spades<\/li>\n<li>Tuckbox with foil and embossing<\/li>\n<li>Wrapped in cellophane<\/li>\n<li>Printed by WJPC<\/li>\n<\/ul>\n<p id=\"tw-target-text\" class=\"tw-data-text tw-text-large tw-ta\" dir=\"ltr\" tabindex=\"-1\" role=\"text\" data-placeholder=\"\u00d6vers\u00e4ttning\" data-ved=\"2ahUKEwjTnpLS5pyUAxVpHRAIHa1jFV4Q3ewLegQIDBAU\" aria-label=\"\u00d6versatt text: Broder McPint Miniformat Bevis beslagtagna i The Sanctuary - hem f\u00f6r ett g\u00e4ng sm\u00e5brottslingar f\u00f6rkl\u00e4dda till pr\u00e4ster, som planerar r\u00e5n, smugglar andar och driver ohederliga spel. Broder McPint \u00e4r en av karakt\u00e4rerna fr\u00e5n The Odd Fellows fr\u00e5n The Sanctuary. Specifikationer: 54 kort i miniformat, samma design som S. M. Gorda och F. Firkin, utan r\u00e5nplanen i bakgrunden. Pappersmaterial: Japansk svart k\u00e4rna 290 g\/m\u00b2 med lack 100 % specialdesignat med illustrerade hovkort, jokrar, spader ess F\u00f6rpackningsask med folie och pr\u00e4gling Inslagen i cellofan Tryckt av WJPC\"><span class=\"Y2IQFc\" lang=\"sv\">\u00a0<\/span><\/p>\n<\/div>\n<div id=\"tw-target-rmn-container\" class=\"tw-target-rmn tw-ta-container tw-nfl\" tabindex=\"-1\" role=\"text\">\n<pre id=\"tw-target-rmn\" class=\"tw-data-placeholder tw-text-small tw-ta\" dir=\"ltr\" tabindex=\"-1\" role=\"text\" data-placeholder=\"\"><\/pre>\n<\/div>\n<p> [&#8230;]<\/p>\n<p><a class=\"btn btn-secondary understrap-read-more-link\" href=\"https:\/\/kortleksbolaget.se\/no\/produkt\/odd-fellows-brother-mcpint-mini\/\">Les mer&#8230;<span class=\"screen-reader-text\"> from Odd Fellows Brother McPint Mini<\/span><\/a><\/p>\n","protected":false},"featured_media":159395,"template":"","meta":{"_acf_changed":false},"product_brand":[],"product_cat":[232],"product_tag":[],"class_list":{"0":"post-159404","1":"product","2":"type-product","3":"status-publish","4":"has-post-thumbnail","6":"varumarke-stockholm17-no","7":"product_cat-special-lyx-limited-no","9":"first","10":"instock","11":"featured","12":"taxable","13":"shipping-taxable","14":"purchasable","15":"product-type-simple"},"acf":[],"yoast_head":"<!-- This site is optimized with the Yoast SEO plugin v27.5 - https:\/\/yoast.com\/product\/yoast-seo-wordpress\/ -->\n<title>Kortlek Odd Fellows Brother McPint Mini | Kortleksbolaget<\/title>\n<meta name=\"description\" content=\"K\u00f6p Odd Fellows Brother McPint Mini. Snabba leveranser &amp; bra priser. Sveriges st\u00f6rsta sortiment av kortlekar p\u00e5 Kortleksbolaget!\" \/>\n<meta name=\"robots\" content=\"index, follow, max-snippet:-1, max-image-preview:large, max-video-preview:-1\" \/>\n<link rel=\"canonical\" href=\"https:\/\/kortleksbolaget.se\/no\/produkt\/odd-fellows-brother-mcpint-mini\/\" \/>\n<meta property=\"og:locale\" content=\"nb_NO\" \/>\n<meta property=\"og:type\" content=\"article\" \/>\n<meta property=\"og:title\" content=\"Kortlek Odd Fellows Brother McPint Mini | Kortleksbolaget\" \/>\n<meta property=\"og:description\" content=\"K\u00f6p Odd Fellows Brother McPint Mini. Snabba leveranser &amp; bra priser. Sveriges st\u00f6rsta sortiment av kortlekar p\u00e5 Kortleksbolaget!\" \/>\n<meta property=\"og:url\" content=\"https:\/\/kortleksbolaget.se\/no\/produkt\/odd-fellows-brother-mcpint-mini\/\" \/>\n<meta property=\"og:site_name\" content=\"Kortleksbolaget\" \/>\n<meta property=\"og:image\" content=\"https:\/\/kortleksbolaget.se\/wp-content\/uploads\/58253-alt2.png\" \/>\n\t<meta property=\"og:image:width\" content=\"740\" \/>\n\t<meta property=\"og:image:height\" content=\"416\" \/>\n\t<meta property=\"og:image:type\" content=\"image\/png\" \/>\n<meta name=\"twitter:card\" content=\"summary_large_image\" \/>\n<script type=\"application\/ld+json\" class=\"yoast-schema-graph\">{\"@context\":\"https:\\\/\\\/schema.org\",\"@graph\":[{\"@type\":\"WebPage\",\"@id\":\"https:\\\/\\\/kortleksbolaget.se\\\/no\\\/produkt\\\/odd-fellows-brother-mcpint-mini\\\/\",\"url\":\"https:\\\/\\\/kortleksbolaget.se\\\/no\\\/produkt\\\/odd-fellows-brother-mcpint-mini\\\/\",\"name\":\"Kortlek Odd Fellows Brother McPint Mini | Kortleksbolaget\",\"isPartOf\":{\"@id\":\"https:\\\/\\\/kortleksbolaget.se\\\/no\\\/#website\"},\"primaryImageOfPage\":{\"@id\":\"https:\\\/\\\/kortleksbolaget.se\\\/no\\\/produkt\\\/odd-fellows-brother-mcpint-mini\\\/#primaryimage\"},\"image\":{\"@id\":\"https:\\\/\\\/kortleksbolaget.se\\\/no\\\/produkt\\\/odd-fellows-brother-mcpint-mini\\\/#primaryimage\"},\"thumbnailUrl\":\"https:\\\/\\\/kortleksbolaget.se\\\/wp-content\\\/uploads\\\/odd-fellows-mini.jpg\",\"datePublished\":\"2026-05-12T09:12:19+00:00\",\"description\":\"K\u00f6p Odd Fellows Brother McPint Mini. Snabba leveranser & bra priser. Sveriges st\u00f6rsta sortiment av kortlekar p\u00e5 Kortleksbolaget!\",\"breadcrumb\":{\"@id\":\"https:\\\/\\\/kortleksbolaget.se\\\/no\\\/produkt\\\/odd-fellows-brother-mcpint-mini\\\/#breadcrumb\"},\"inLanguage\":\"nb-NO\",\"potentialAction\":[{\"@type\":\"ReadAction\",\"target\":[\"https:\\\/\\\/kortleksbolaget.se\\\/no\\\/produkt\\\/odd-fellows-brother-mcpint-mini\\\/\"]}]},{\"@type\":\"ImageObject\",\"inLanguage\":\"nb-NO\",\"@id\":\"https:\\\/\\\/kortleksbolaget.se\\\/no\\\/produkt\\\/odd-fellows-brother-mcpint-mini\\\/#primaryimage\",\"url\":\"https:\\\/\\\/kortleksbolaget.se\\\/wp-content\\\/uploads\\\/odd-fellows-mini.jpg\",\"contentUrl\":\"https:\\\/\\\/kortleksbolaget.se\\\/wp-content\\\/uploads\\\/odd-fellows-mini.jpg\",\"width\":473,\"height\":709},{\"@type\":\"BreadcrumbList\",\"@id\":\"https:\\\/\\\/kortleksbolaget.se\\\/no\\\/produkt\\\/odd-fellows-brother-mcpint-mini\\\/#breadcrumb\",\"itemListElement\":[{\"@type\":\"ListItem\",\"position\":1,\"name\":\"Hem\",\"item\":\"https:\\\/\\\/kortleksbolaget.se\\\/no\\\/\"},{\"@type\":\"ListItem\",\"position\":2,\"name\":\"Alle Kortstokker\",\"item\":\"https:\\\/\\\/kortleksbolaget.se\\\/no\\\/alla-produkter\\\/\"},{\"@type\":\"ListItem\",\"position\":3,\"name\":\"Odd Fellows Brother McPint Mini\"}]},{\"@type\":\"WebSite\",\"@id\":\"https:\\\/\\\/kortleksbolaget.se\\\/no\\\/#website\",\"url\":\"https:\\\/\\\/kortleksbolaget.se\\\/no\\\/\",\"name\":\"Kortleksbolaget\",\"description\":\"Kortlekar p\u00e5 n\u00e4tet\",\"publisher\":{\"@id\":\"https:\\\/\\\/kortleksbolaget.se\\\/no\\\/#organization\"},\"potentialAction\":[{\"@type\":\"SearchAction\",\"target\":{\"@type\":\"EntryPoint\",\"urlTemplate\":\"https:\\\/\\\/kortleksbolaget.se\\\/no\\\/?s={search_term_string}\"},\"query-input\":{\"@type\":\"PropertyValueSpecification\",\"valueRequired\":true,\"valueName\":\"search_term_string\"}}],\"inLanguage\":\"nb-NO\"},{\"@type\":\"Organization\",\"@id\":\"https:\\\/\\\/kortleksbolaget.se\\\/no\\\/#organization\",\"name\":\"Kortleksbolaget\",\"url\":\"https:\\\/\\\/kortleksbolaget.se\\\/no\\\/\",\"logo\":{\"@type\":\"ImageObject\",\"inLanguage\":\"nb-NO\",\"@id\":\"https:\\\/\\\/kortleksbolaget.se\\\/no\\\/#\\\/schema\\\/logo\\\/image\\\/\",\"url\":\"https:\\\/\\\/kortleksbolaget.se\\\/wp-content\\\/uploads\\\/kortleksbolaget_logo-svart.png\",\"contentUrl\":\"https:\\\/\\\/kortleksbolaget.se\\\/wp-content\\\/uploads\\\/kortleksbolaget_logo-svart.png\",\"width\":1200,\"height\":296,\"caption\":\"Kortleksbolaget\"},\"image\":{\"@id\":\"https:\\\/\\\/kortleksbolaget.se\\\/no\\\/#\\\/schema\\\/logo\\\/image\\\/\"}}]}<\/script>\n<!-- \/ Yoast SEO plugin. -->","yoast_head_json":{"title":"Kortlek Odd Fellows Brother McPint Mini | Kortleksbolaget","description":"K\u00f6p Odd Fellows Brother McPint Mini. Snabba leveranser & bra priser. Sveriges st\u00f6rsta sortiment av kortlekar p\u00e5 Kortleksbolaget!","robots":{"index":"index","follow":"follow","max-snippet":"max-snippet:-1","max-image-preview":"max-image-preview:large","max-video-preview":"max-video-preview:-1"},"canonical":"https:\/\/kortleksbolaget.se\/no\/produkt\/odd-fellows-brother-mcpint-mini\/","og_locale":"nb_NO","og_type":"article","og_title":"Kortlek Odd Fellows Brother McPint Mini | Kortleksbolaget","og_description":"K\u00f6p Odd Fellows Brother McPint Mini. Snabba leveranser & bra priser. Sveriges st\u00f6rsta sortiment av kortlekar p\u00e5 Kortleksbolaget!","og_url":"https:\/\/kortleksbolaget.se\/no\/produkt\/odd-fellows-brother-mcpint-mini\/","og_site_name":"Kortleksbolaget","og_image":[{"width":740,"height":416,"url":"https:\/\/kortleksbolaget.se\/wp-content\/uploads\/58253-alt2.png","type":"image\/png"}],"twitter_card":"summary_large_image","schema":{"@context":"https:\/\/schema.org","@graph":[{"@type":"WebPage","@id":"https:\/\/kortleksbolaget.se\/no\/produkt\/odd-fellows-brother-mcpint-mini\/","url":"https:\/\/kortleksbolaget.se\/no\/produkt\/odd-fellows-brother-mcpint-mini\/","name":"Kortlek Odd Fellows Brother McPint Mini | Kortleksbolaget","isPartOf":{"@id":"https:\/\/kortleksbolaget.se\/no\/#website"},"primaryImageOfPage":{"@id":"https:\/\/kortleksbolaget.se\/no\/produkt\/odd-fellows-brother-mcpint-mini\/#primaryimage"},"image":{"@id":"https:\/\/kortleksbolaget.se\/no\/produkt\/odd-fellows-brother-mcpint-mini\/#primaryimage"},"thumbnailUrl":"https:\/\/kortleksbolaget.se\/wp-content\/uploads\/odd-fellows-mini.jpg","datePublished":"2026-05-12T09:12:19+00:00","description":"K\u00f6p Odd Fellows Brother McPint Mini. Snabba leveranser & bra priser. Sveriges st\u00f6rsta sortiment av kortlekar p\u00e5 Kortleksbolaget!","breadcrumb":{"@id":"https:\/\/kortleksbolaget.se\/no\/produkt\/odd-fellows-brother-mcpint-mini\/#breadcrumb"},"inLanguage":"nb-NO","potentialAction":[{"@type":"ReadAction","target":["https:\/\/kortleksbolaget.se\/no\/produkt\/odd-fellows-brother-mcpint-mini\/"]}]},{"@type":"ImageObject","inLanguage":"nb-NO","@id":"https:\/\/kortleksbolaget.se\/no\/produkt\/odd-fellows-brother-mcpint-mini\/#primaryimage","url":"https:\/\/kortleksbolaget.se\/wp-content\/uploads\/odd-fellows-mini.jpg","contentUrl":"https:\/\/kortleksbolaget.se\/wp-content\/uploads\/odd-fellows-mini.jpg","width":473,"height":709},{"@type":"BreadcrumbList","@id":"https:\/\/kortleksbolaget.se\/no\/produkt\/odd-fellows-brother-mcpint-mini\/#breadcrumb","itemListElement":[{"@type":"ListItem","position":1,"name":"Hem","item":"https:\/\/kortleksbolaget.se\/no\/"},{"@type":"ListItem","position":2,"name":"Alle Kortstokker","item":"https:\/\/kortleksbolaget.se\/no\/alla-produkter\/"},{"@type":"ListItem","position":3,"name":"Odd Fellows Brother McPint Mini"}]},{"@type":"WebSite","@id":"https:\/\/kortleksbolaget.se\/no\/#website","url":"https:\/\/kortleksbolaget.se\/no\/","name":"Kortleksbolaget","description":"Kortlekar p\u00e5 n\u00e4tet","publisher":{"@id":"https:\/\/kortleksbolaget.se\/no\/#organization"},"potentialAction":[{"@type":"SearchAction","target":{"@type":"EntryPoint","urlTemplate":"https:\/\/kortleksbolaget.se\/no\/?s={search_term_string}"},"query-input":{"@type":"PropertyValueSpecification","valueRequired":true,"valueName":"search_term_string"}}],"inLanguage":"nb-NO"},{"@type":"Organization","@id":"https:\/\/kortleksbolaget.se\/no\/#organization","name":"Kortleksbolaget","url":"https:\/\/kortleksbolaget.se\/no\/","logo":{"@type":"ImageObject","inLanguage":"nb-NO","@id":"https:\/\/kortleksbolaget.se\/no\/#\/schema\/logo\/image\/","url":"https:\/\/kortleksbolaget.se\/wp-content\/uploads\/kortleksbolaget_logo-svart.png","contentUrl":"https:\/\/kortleksbolaget.se\/wp-content\/uploads\/kortleksbolaget_logo-svart.png","width":1200,"height":296,"caption":"Kortleksbolaget"},"image":{"@id":"https:\/\/kortleksbolaget.se\/no\/#\/schema\/logo\/image\/"}}]}},"_links":{"self":[{"href":"https:\/\/kortleksbolaget.se\/no\/wp-json\/wp\/v2\/product\/159404","targetHints":{"allow":["GET"]}}],"collection":[{"href":"https:\/\/kortleksbolaget.se\/no\/wp-json\/wp\/v2\/product"}],"about":[{"href":"https:\/\/kortleksbolaget.se\/no\/wp-json\/wp\/v2\/types\/product"}],"wp:featuredmedia":[{"embeddable":true,"href":"https:\/\/kortleksbolaget.se\/no\/wp-json\/wp\/v2\/media\/159395"}],"wp:attachment":[{"href":"https:\/\/kortleksbolaget.se\/no\/wp-json\/wp\/v2\/media?parent=159404"}],"wp:term":[{"taxonomy":"product_brand","embeddable":true,"href":"https:\/\/kortleksbolaget.se\/no\/wp-json\/wp\/v2\/product_brand?post=159404"},{"taxonomy":"product_cat","embeddable":true,"href":"https:\/\/kortleksbolaget.se\/no\/wp-json\/wp\/v2\/product_cat?post=159404"},{"taxonomy":"product_tag","embeddable":true,"href":"https:\/\/kortleksbolaget.se\/no\/wp-json\/wp\/v2\/product_tag?post=159404"}],"curies":[{"name":"wp","href":"https:\/\/api.w.org\/{rel}","templated":true}]}}