{"id":42499,"date":"2020-06-11T20:11:57","date_gmt":"2020-06-11T18:11:57","guid":{"rendered":"https:\/\/kortleksbolaget.se\/nyasidan2021\/produkt\/phoenix-gaff-large-index\/"},"modified":"2020-12-10T17:02:36","modified_gmt":"2020-12-10T16:02:36","slug":"phoenix-gaff-large-index","status":"publish","type":"product","link":"https:\/\/kortleksbolaget.se\/no\/produkt\/phoenix-gaff-large-index\/","title":{"rendered":"Phoenix Gaff Large Index"},"content":{"rendered":"","protected":false},"excerpt":{"rendered":"<p>Gaffs for the Serious Pro!<\/p>\n<p>Our Large Index Decks are getting more and more popular. To get your full potential out of your Large Index Decks, we put together a great assortment of gimmicked cards that leverage your possibilities. Here&#8217;s a deck that does not contain a single fancy misprinted card, but has all that a serious card worker needs:<\/p>\n<ul>\n<li>27 Double-Faced cards that finally make sense. The prints are paired like an Invisible Deck, so 26 cards can cover all values in a deck, with half the thickness. And, we include a double-faced Joker.<\/li>\n<li>False Index Queens and Kings with red backs<\/li>\n<li>McDonald&#8217;s Aces<\/li>\n<li>4 Double Backer cards with Phoenix backs on one side and Bicycle backs on the other! All combinations included (red\/red, blue\/blue, red\/blue, blue\/red)<\/li>\n<li>3 blank face cards with blue Phoenix backs<\/li>\n<li>3 blank face cards with red Phoenix backs<\/li>\n<li>4 Phoenix Double Backer red \/ red<\/li>\n<li>4 Phoenix Double Backer blue \/ blue<\/li>\n<li>4 Phoenix Double Backer red \/ blue<\/li>\n<\/ul>\n<p> [&#8230;]<\/p>\n<p><a class=\"btn btn-secondary understrap-read-more-link\" href=\"https:\/\/kortleksbolaget.se\/no\/produkt\/phoenix-gaff-large-index\/\">Les mer&#8230;<span class=\"screen-reader-text\"> from Phoenix Gaff Large Index<\/span><\/a><\/p>\n","protected":false},"featured_media":37444,"template":"","meta":{"_acf_changed":false},"product_brand":[],"product_cat":[226],"product_tag":[],"class_list":{"0":"post-42499","1":"product","2":"type-product","3":"status-publish","4":"has-post-thumbnail","6":"varumarke-phoenix-no","7":"product_cat-magisk-no","9":"first","10":"outofstock","11":"taxable","12":"shipping-taxable","13":"purchasable","14":"product-type-simple"},"acf":[],"yoast_head":"<!-- This site is optimized with the Yoast SEO plugin v26.3 - https:\/\/yoast.com\/wordpress\/plugins\/seo\/ -->\n<title>Kortlek Phoenix Gaff Large Index | Kortleksbolaget<\/title>\n<meta name=\"description\" content=\"K\u00f6p Phoenix Gaff Large Index. Snabba leveranser &amp; bra priser. Sveriges st\u00f6rsta sortiment av kortlekar p\u00e5 Kortleksbolaget!\" \/>\n<meta name=\"robots\" content=\"index, follow, max-snippet:-1, max-image-preview:large, max-video-preview:-1\" \/>\n<link rel=\"canonical\" href=\"https:\/\/kortleksbolaget.se\/no\/produkt\/phoenix-gaff-large-index\/\" \/>\n<meta property=\"og:locale\" content=\"nb_NO\" \/>\n<meta property=\"og:type\" content=\"article\" \/>\n<meta property=\"og:title\" content=\"Kortlek Phoenix Gaff Large Index | Kortleksbolaget\" \/>\n<meta property=\"og:description\" content=\"K\u00f6p Phoenix Gaff Large Index. Snabba leveranser &amp; bra priser. Sveriges st\u00f6rsta sortiment av kortlekar p\u00e5 Kortleksbolaget!\" \/>\n<meta property=\"og:url\" content=\"https:\/\/kortleksbolaget.se\/no\/produkt\/phoenix-gaff-large-index\/\" \/>\n<meta property=\"og:site_name\" content=\"Kortleksbolaget\" \/>\n<meta property=\"article:modified_time\" content=\"2020-12-10T16:02:36+00:00\" \/>\n<meta property=\"og:image\" content=\"https:\/\/kortleksbolaget.se\/wp-content\/uploads\/phoenix-gaff-large-1.jpg\" \/>\n\t<meta property=\"og:image:width\" content=\"584\" \/>\n\t<meta property=\"og:image:height\" content=\"876\" \/>\n\t<meta property=\"og:image:type\" content=\"image\/jpeg\" \/>\n<meta name=\"twitter:card\" content=\"summary_large_image\" \/>\n<script type=\"application\/ld+json\" class=\"yoast-schema-graph\">{\"@context\":\"https:\/\/schema.org\",\"@graph\":[{\"@type\":\"WebPage\",\"@id\":\"https:\/\/kortleksbolaget.se\/no\/produkt\/phoenix-gaff-large-index\/\",\"url\":\"https:\/\/kortleksbolaget.se\/no\/produkt\/phoenix-gaff-large-index\/\",\"name\":\"Kortlek Phoenix Gaff Large Index | Kortleksbolaget\",\"isPartOf\":{\"@id\":\"https:\/\/kortleksbolaget.se\/no\/#website\"},\"primaryImageOfPage\":{\"@id\":\"https:\/\/kortleksbolaget.se\/no\/produkt\/phoenix-gaff-large-index\/#primaryimage\"},\"image\":{\"@id\":\"https:\/\/kortleksbolaget.se\/no\/produkt\/phoenix-gaff-large-index\/#primaryimage\"},\"thumbnailUrl\":\"https:\/\/kortleksbolaget.se\/wp-content\/uploads\/phoenix-gaff-large-1.jpg\",\"datePublished\":\"2020-06-11T18:11:57+00:00\",\"dateModified\":\"2020-12-10T16:02:36+00:00\",\"description\":\"K\u00f6p Phoenix Gaff Large Index. Snabba leveranser & bra priser. Sveriges st\u00f6rsta sortiment av kortlekar p\u00e5 Kortleksbolaget!\",\"breadcrumb\":{\"@id\":\"https:\/\/kortleksbolaget.se\/no\/produkt\/phoenix-gaff-large-index\/#breadcrumb\"},\"inLanguage\":\"nb-NO\",\"potentialAction\":[{\"@type\":\"ReadAction\",\"target\":[\"https:\/\/kortleksbolaget.se\/no\/produkt\/phoenix-gaff-large-index\/\"]}]},{\"@type\":\"ImageObject\",\"inLanguage\":\"nb-NO\",\"@id\":\"https:\/\/kortleksbolaget.se\/no\/produkt\/phoenix-gaff-large-index\/#primaryimage\",\"url\":\"https:\/\/kortleksbolaget.se\/wp-content\/uploads\/phoenix-gaff-large-1.jpg\",\"contentUrl\":\"https:\/\/kortleksbolaget.se\/wp-content\/uploads\/phoenix-gaff-large-1.jpg\",\"width\":584,\"height\":876},{\"@type\":\"BreadcrumbList\",\"@id\":\"https:\/\/kortleksbolaget.se\/no\/produkt\/phoenix-gaff-large-index\/#breadcrumb\",\"itemListElement\":[{\"@type\":\"ListItem\",\"position\":1,\"name\":\"Hem\",\"item\":\"https:\/\/kortleksbolaget.se\/no\/\"},{\"@type\":\"ListItem\",\"position\":2,\"name\":\"Alle Kortstokker\",\"item\":\"https:\/\/kortleksbolaget.se\/no\/alla-produkter\/\"},{\"@type\":\"ListItem\",\"position\":3,\"name\":\"Phoenix Gaff Large Index\"}]},{\"@type\":\"WebSite\",\"@id\":\"https:\/\/kortleksbolaget.se\/no\/#website\",\"url\":\"https:\/\/kortleksbolaget.se\/no\/\",\"name\":\"Kortleksbolaget\",\"description\":\"Kortlekar p\u00e5 n\u00e4tet\",\"publisher\":{\"@id\":\"https:\/\/kortleksbolaget.se\/no\/#organization\"},\"potentialAction\":[{\"@type\":\"SearchAction\",\"target\":{\"@type\":\"EntryPoint\",\"urlTemplate\":\"https:\/\/kortleksbolaget.se\/no\/?s={search_term_string}\"},\"query-input\":{\"@type\":\"PropertyValueSpecification\",\"valueRequired\":true,\"valueName\":\"search_term_string\"}}],\"inLanguage\":\"nb-NO\"},{\"@type\":\"Organization\",\"@id\":\"https:\/\/kortleksbolaget.se\/no\/#organization\",\"name\":\"Kortleksbolaget\",\"url\":\"https:\/\/kortleksbolaget.se\/no\/\",\"logo\":{\"@type\":\"ImageObject\",\"inLanguage\":\"nb-NO\",\"@id\":\"https:\/\/kortleksbolaget.se\/no\/#\/schema\/logo\/image\/\",\"url\":\"https:\/\/kortleksbolaget.se\/wp-content\/uploads\/kortleksbolaget_logo-svart.png\",\"contentUrl\":\"https:\/\/kortleksbolaget.se\/wp-content\/uploads\/kortleksbolaget_logo-svart.png\",\"width\":1200,\"height\":296,\"caption\":\"Kortleksbolaget\"},\"image\":{\"@id\":\"https:\/\/kortleksbolaget.se\/no\/#\/schema\/logo\/image\/\"}}]}<\/script>\n<!-- \/ Yoast SEO plugin. -->","yoast_head_json":{"title":"Kortlek Phoenix Gaff Large Index | Kortleksbolaget","description":"K\u00f6p Phoenix Gaff Large Index. Snabba leveranser & bra priser. Sveriges st\u00f6rsta sortiment av kortlekar p\u00e5 Kortleksbolaget!","robots":{"index":"index","follow":"follow","max-snippet":"max-snippet:-1","max-image-preview":"max-image-preview:large","max-video-preview":"max-video-preview:-1"},"canonical":"https:\/\/kortleksbolaget.se\/no\/produkt\/phoenix-gaff-large-index\/","og_locale":"nb_NO","og_type":"article","og_title":"Kortlek Phoenix Gaff Large Index | Kortleksbolaget","og_description":"K\u00f6p Phoenix Gaff Large Index. Snabba leveranser & bra priser. Sveriges st\u00f6rsta sortiment av kortlekar p\u00e5 Kortleksbolaget!","og_url":"https:\/\/kortleksbolaget.se\/no\/produkt\/phoenix-gaff-large-index\/","og_site_name":"Kortleksbolaget","article_modified_time":"2020-12-10T16:02:36+00:00","og_image":[{"width":584,"height":876,"url":"https:\/\/kortleksbolaget.se\/wp-content\/uploads\/phoenix-gaff-large-1.jpg","type":"image\/jpeg"}],"twitter_card":"summary_large_image","schema":{"@context":"https:\/\/schema.org","@graph":[{"@type":"WebPage","@id":"https:\/\/kortleksbolaget.se\/no\/produkt\/phoenix-gaff-large-index\/","url":"https:\/\/kortleksbolaget.se\/no\/produkt\/phoenix-gaff-large-index\/","name":"Kortlek Phoenix Gaff Large Index | Kortleksbolaget","isPartOf":{"@id":"https:\/\/kortleksbolaget.se\/no\/#website"},"primaryImageOfPage":{"@id":"https:\/\/kortleksbolaget.se\/no\/produkt\/phoenix-gaff-large-index\/#primaryimage"},"image":{"@id":"https:\/\/kortleksbolaget.se\/no\/produkt\/phoenix-gaff-large-index\/#primaryimage"},"thumbnailUrl":"https:\/\/kortleksbolaget.se\/wp-content\/uploads\/phoenix-gaff-large-1.jpg","datePublished":"2020-06-11T18:11:57+00:00","dateModified":"2020-12-10T16:02:36+00:00","description":"K\u00f6p Phoenix Gaff Large Index. Snabba leveranser & bra priser. Sveriges st\u00f6rsta sortiment av kortlekar p\u00e5 Kortleksbolaget!","breadcrumb":{"@id":"https:\/\/kortleksbolaget.se\/no\/produkt\/phoenix-gaff-large-index\/#breadcrumb"},"inLanguage":"nb-NO","potentialAction":[{"@type":"ReadAction","target":["https:\/\/kortleksbolaget.se\/no\/produkt\/phoenix-gaff-large-index\/"]}]},{"@type":"ImageObject","inLanguage":"nb-NO","@id":"https:\/\/kortleksbolaget.se\/no\/produkt\/phoenix-gaff-large-index\/#primaryimage","url":"https:\/\/kortleksbolaget.se\/wp-content\/uploads\/phoenix-gaff-large-1.jpg","contentUrl":"https:\/\/kortleksbolaget.se\/wp-content\/uploads\/phoenix-gaff-large-1.jpg","width":584,"height":876},{"@type":"BreadcrumbList","@id":"https:\/\/kortleksbolaget.se\/no\/produkt\/phoenix-gaff-large-index\/#breadcrumb","itemListElement":[{"@type":"ListItem","position":1,"name":"Hem","item":"https:\/\/kortleksbolaget.se\/no\/"},{"@type":"ListItem","position":2,"name":"Alle Kortstokker","item":"https:\/\/kortleksbolaget.se\/no\/alla-produkter\/"},{"@type":"ListItem","position":3,"name":"Phoenix Gaff Large Index"}]},{"@type":"WebSite","@id":"https:\/\/kortleksbolaget.se\/no\/#website","url":"https:\/\/kortleksbolaget.se\/no\/","name":"Kortleksbolaget","description":"Kortlekar p\u00e5 n\u00e4tet","publisher":{"@id":"https:\/\/kortleksbolaget.se\/no\/#organization"},"potentialAction":[{"@type":"SearchAction","target":{"@type":"EntryPoint","urlTemplate":"https:\/\/kortleksbolaget.se\/no\/?s={search_term_string}"},"query-input":{"@type":"PropertyValueSpecification","valueRequired":true,"valueName":"search_term_string"}}],"inLanguage":"nb-NO"},{"@type":"Organization","@id":"https:\/\/kortleksbolaget.se\/no\/#organization","name":"Kortleksbolaget","url":"https:\/\/kortleksbolaget.se\/no\/","logo":{"@type":"ImageObject","inLanguage":"nb-NO","@id":"https:\/\/kortleksbolaget.se\/no\/#\/schema\/logo\/image\/","url":"https:\/\/kortleksbolaget.se\/wp-content\/uploads\/kortleksbolaget_logo-svart.png","contentUrl":"https:\/\/kortleksbolaget.se\/wp-content\/uploads\/kortleksbolaget_logo-svart.png","width":1200,"height":296,"caption":"Kortleksbolaget"},"image":{"@id":"https:\/\/kortleksbolaget.se\/no\/#\/schema\/logo\/image\/"}}]}},"_links":{"self":[{"href":"https:\/\/kortleksbolaget.se\/no\/wp-json\/wp\/v2\/product\/42499","targetHints":{"allow":["GET"]}}],"collection":[{"href":"https:\/\/kortleksbolaget.se\/no\/wp-json\/wp\/v2\/product"}],"about":[{"href":"https:\/\/kortleksbolaget.se\/no\/wp-json\/wp\/v2\/types\/product"}],"wp:featuredmedia":[{"embeddable":true,"href":"https:\/\/kortleksbolaget.se\/no\/wp-json\/wp\/v2\/media\/37444"}],"wp:attachment":[{"href":"https:\/\/kortleksbolaget.se\/no\/wp-json\/wp\/v2\/media?parent=42499"}],"wp:term":[{"taxonomy":"product_brand","embeddable":true,"href":"https:\/\/kortleksbolaget.se\/no\/wp-json\/wp\/v2\/product_brand?post=42499"},{"taxonomy":"product_cat","embeddable":true,"href":"https:\/\/kortleksbolaget.se\/no\/wp-json\/wp\/v2\/product_cat?post=42499"},{"taxonomy":"product_tag","embeddable":true,"href":"https:\/\/kortleksbolaget.se\/no\/wp-json\/wp\/v2\/product_tag?post=42499"}],"curies":[{"name":"wp","href":"https:\/\/api.w.org\/{rel}","templated":true}]}}