{"id":43615,"date":"2019-06-03T12:35:26","date_gmt":"2019-06-03T10:35:26","guid":{"rendered":"https:\/\/kortleksbolaget.se\/nyasidan2021\/produkt\/bicycle-raul-cremona\/"},"modified":"2020-12-10T20:57:11","modified_gmt":"2020-12-10T19:57:11","slug":"bicycle-raul-cremona","status":"publish","type":"product","link":"https:\/\/kortleksbolaget.se\/no\/produkt\/bicycle-raul-cremona\/","title":{"rendered":"Bicycle Raul Cremona"},"content":{"rendered":"","protected":false},"excerpt":{"rendered":"<div class=\"QmZWSe\">\n<div class=\"DHcWmd\">\n<div id=\"tw-target\">\n<div id=\"kAz1tf\" class=\"g9WsWb\">\n<div id=\"tw-target-text-container\" class=\"tw-ta-container tw-nfl\">\n<p id=\"tw-target-text\" class=\"tw-data-text tw-ta tw-text-small\" dir=\"ltr\" data-placeholder=\"\u00d6vers\u00e4ttning\"><span lang=\"sv\" tabindex=\"0\">\u00a0This wonderful deck of cards comes from an idea of Raul Cremona. Raul is one of the most popular showmen in Italy, as well as one of the country s best and most beloved magicians. For the design of the deck, he worked closely with Sam Hayles, an English artist known for the Karnival decks.<br \/>\nAfter months and months of hard work and continuous refinements, a refined and elegant deck was created that will give you a classy touch, and will make your card performances unique.<br \/>\nThe backs of the cards give tribute to his beloved Milan incorporating discreetly into the intricate and detailed design the Duomo of Milan. Both the box and the ace of spades take on with a fantastic design, this reference to the Duomo.<br \/>\nThe discreet signature of Raul is visible to the box on both Jokers.<br \/>\nThe deck is completed by a card with a blank face, and a double backer. These cards will come in handy in many routines.<br \/>\nThe deck, printed in just 3,000 copies from the US. Playing Card Company, was produced with special premium paper stock, and with air cushion finish. It therefore is excellent quality and handles great.<\/span><\/p>\n<\/div>\n<\/div>\n<\/div>\n<\/div>\n<\/div>\n<p> [&#8230;]<\/p>\n<p><a class=\"btn btn-secondary understrap-read-more-link\" href=\"https:\/\/kortleksbolaget.se\/no\/produkt\/bicycle-raul-cremona\/\">Les mer&#8230;<span class=\"screen-reader-text\"> from Bicycle Raul Cremona<\/span><\/a><\/p>\n","protected":false},"featured_media":24143,"template":"","meta":{"_acf_changed":false},"product_brand":[],"product_cat":[232],"product_tag":[],"class_list":{"0":"post-43615","1":"product","2":"type-product","3":"status-publish","4":"has-post-thumbnail","6":"varumarke-bicycle-no","7":"varumarke-uspcc-no","8":"product_cat-special-lyx-limited-no","10":"first","11":"outofstock","12":"taxable","13":"shipping-taxable","14":"purchasable","15":"product-type-simple"},"acf":[],"yoast_head":"<!-- This site is optimized with the Yoast SEO plugin v27.5 - https:\/\/yoast.com\/product\/yoast-seo-wordpress\/ -->\n<title>Kortlek Bicycle Raul Cremona | Kortleksbolaget<\/title>\n<meta name=\"description\" content=\"K\u00f6p Bicycle Raul Cremona. Snabba leveranser &amp; bra priser. Sveriges st\u00f6rsta sortiment av kortlekar p\u00e5 Kortleksbolaget!\" \/>\n<meta name=\"robots\" content=\"index, follow, max-snippet:-1, max-image-preview:large, max-video-preview:-1\" \/>\n<link rel=\"canonical\" href=\"https:\/\/kortleksbolaget.se\/no\/produkt\/bicycle-raul-cremona\/\" \/>\n<meta property=\"og:locale\" content=\"nb_NO\" \/>\n<meta property=\"og:type\" content=\"article\" \/>\n<meta property=\"og:title\" content=\"Kortlek Bicycle Raul Cremona | Kortleksbolaget\" \/>\n<meta property=\"og:description\" content=\"K\u00f6p Bicycle Raul Cremona. Snabba leveranser &amp; bra priser. Sveriges st\u00f6rsta sortiment av kortlekar p\u00e5 Kortleksbolaget!\" \/>\n<meta property=\"og:url\" content=\"https:\/\/kortleksbolaget.se\/no\/produkt\/bicycle-raul-cremona\/\" \/>\n<meta property=\"og:site_name\" content=\"Kortleksbolaget\" \/>\n<meta property=\"article:modified_time\" content=\"2020-12-10T19:57:11+00:00\" \/>\n<meta property=\"og:image\" content=\"https:\/\/kortleksbolaget.se\/wp-content\/uploads\/kortlekar-5478-1.jpg\" \/>\n\t<meta property=\"og:image:width\" content=\"800\" \/>\n\t<meta property=\"og:image:height\" content=\"1200\" \/>\n\t<meta property=\"og:image:type\" content=\"image\/jpeg\" \/>\n<meta name=\"twitter:card\" content=\"summary_large_image\" \/>\n<script type=\"application\/ld+json\" class=\"yoast-schema-graph\">{\"@context\":\"https:\\\/\\\/schema.org\",\"@graph\":[{\"@type\":\"WebPage\",\"@id\":\"https:\\\/\\\/kortleksbolaget.se\\\/no\\\/produkt\\\/bicycle-raul-cremona\\\/\",\"url\":\"https:\\\/\\\/kortleksbolaget.se\\\/no\\\/produkt\\\/bicycle-raul-cremona\\\/\",\"name\":\"Kortlek Bicycle Raul Cremona | Kortleksbolaget\",\"isPartOf\":{\"@id\":\"https:\\\/\\\/kortleksbolaget.se\\\/no\\\/#website\"},\"primaryImageOfPage\":{\"@id\":\"https:\\\/\\\/kortleksbolaget.se\\\/no\\\/produkt\\\/bicycle-raul-cremona\\\/#primaryimage\"},\"image\":{\"@id\":\"https:\\\/\\\/kortleksbolaget.se\\\/no\\\/produkt\\\/bicycle-raul-cremona\\\/#primaryimage\"},\"thumbnailUrl\":\"https:\\\/\\\/kortleksbolaget.se\\\/wp-content\\\/uploads\\\/kortlekar-5478-1.jpg\",\"datePublished\":\"2019-06-03T10:35:26+00:00\",\"dateModified\":\"2020-12-10T19:57:11+00:00\",\"description\":\"K\u00f6p Bicycle Raul Cremona. Snabba leveranser & bra priser. Sveriges st\u00f6rsta sortiment av kortlekar p\u00e5 Kortleksbolaget!\",\"breadcrumb\":{\"@id\":\"https:\\\/\\\/kortleksbolaget.se\\\/no\\\/produkt\\\/bicycle-raul-cremona\\\/#breadcrumb\"},\"inLanguage\":\"nb-NO\",\"potentialAction\":[{\"@type\":\"ReadAction\",\"target\":[\"https:\\\/\\\/kortleksbolaget.se\\\/no\\\/produkt\\\/bicycle-raul-cremona\\\/\"]}]},{\"@type\":\"ImageObject\",\"inLanguage\":\"nb-NO\",\"@id\":\"https:\\\/\\\/kortleksbolaget.se\\\/no\\\/produkt\\\/bicycle-raul-cremona\\\/#primaryimage\",\"url\":\"https:\\\/\\\/kortleksbolaget.se\\\/wp-content\\\/uploads\\\/kortlekar-5478-1.jpg\",\"contentUrl\":\"https:\\\/\\\/kortleksbolaget.se\\\/wp-content\\\/uploads\\\/kortlekar-5478-1.jpg\",\"width\":800,\"height\":1200},{\"@type\":\"BreadcrumbList\",\"@id\":\"https:\\\/\\\/kortleksbolaget.se\\\/no\\\/produkt\\\/bicycle-raul-cremona\\\/#breadcrumb\",\"itemListElement\":[{\"@type\":\"ListItem\",\"position\":1,\"name\":\"Hem\",\"item\":\"https:\\\/\\\/kortleksbolaget.se\\\/no\\\/\"},{\"@type\":\"ListItem\",\"position\":2,\"name\":\"Alle Kortstokker\",\"item\":\"https:\\\/\\\/kortleksbolaget.se\\\/no\\\/alla-produkter\\\/\"},{\"@type\":\"ListItem\",\"position\":3,\"name\":\"Bicycle Raul Cremona\"}]},{\"@type\":\"WebSite\",\"@id\":\"https:\\\/\\\/kortleksbolaget.se\\\/no\\\/#website\",\"url\":\"https:\\\/\\\/kortleksbolaget.se\\\/no\\\/\",\"name\":\"Kortleksbolaget\",\"description\":\"Kortlekar p\u00e5 n\u00e4tet\",\"publisher\":{\"@id\":\"https:\\\/\\\/kortleksbolaget.se\\\/no\\\/#organization\"},\"potentialAction\":[{\"@type\":\"SearchAction\",\"target\":{\"@type\":\"EntryPoint\",\"urlTemplate\":\"https:\\\/\\\/kortleksbolaget.se\\\/no\\\/?s={search_term_string}\"},\"query-input\":{\"@type\":\"PropertyValueSpecification\",\"valueRequired\":true,\"valueName\":\"search_term_string\"}}],\"inLanguage\":\"nb-NO\"},{\"@type\":\"Organization\",\"@id\":\"https:\\\/\\\/kortleksbolaget.se\\\/no\\\/#organization\",\"name\":\"Kortleksbolaget\",\"url\":\"https:\\\/\\\/kortleksbolaget.se\\\/no\\\/\",\"logo\":{\"@type\":\"ImageObject\",\"inLanguage\":\"nb-NO\",\"@id\":\"https:\\\/\\\/kortleksbolaget.se\\\/no\\\/#\\\/schema\\\/logo\\\/image\\\/\",\"url\":\"https:\\\/\\\/kortleksbolaget.se\\\/wp-content\\\/uploads\\\/kortleksbolaget_logo-svart.png\",\"contentUrl\":\"https:\\\/\\\/kortleksbolaget.se\\\/wp-content\\\/uploads\\\/kortleksbolaget_logo-svart.png\",\"width\":1200,\"height\":296,\"caption\":\"Kortleksbolaget\"},\"image\":{\"@id\":\"https:\\\/\\\/kortleksbolaget.se\\\/no\\\/#\\\/schema\\\/logo\\\/image\\\/\"}}]}<\/script>\n<!-- \/ Yoast SEO plugin. -->","yoast_head_json":{"title":"Kortlek Bicycle Raul Cremona | Kortleksbolaget","description":"K\u00f6p Bicycle Raul Cremona. Snabba leveranser & bra priser. Sveriges st\u00f6rsta sortiment av kortlekar p\u00e5 Kortleksbolaget!","robots":{"index":"index","follow":"follow","max-snippet":"max-snippet:-1","max-image-preview":"max-image-preview:large","max-video-preview":"max-video-preview:-1"},"canonical":"https:\/\/kortleksbolaget.se\/no\/produkt\/bicycle-raul-cremona\/","og_locale":"nb_NO","og_type":"article","og_title":"Kortlek Bicycle Raul Cremona | Kortleksbolaget","og_description":"K\u00f6p Bicycle Raul Cremona. Snabba leveranser & bra priser. Sveriges st\u00f6rsta sortiment av kortlekar p\u00e5 Kortleksbolaget!","og_url":"https:\/\/kortleksbolaget.se\/no\/produkt\/bicycle-raul-cremona\/","og_site_name":"Kortleksbolaget","article_modified_time":"2020-12-10T19:57:11+00:00","og_image":[{"width":800,"height":1200,"url":"https:\/\/kortleksbolaget.se\/wp-content\/uploads\/kortlekar-5478-1.jpg","type":"image\/jpeg"}],"twitter_card":"summary_large_image","schema":{"@context":"https:\/\/schema.org","@graph":[{"@type":"WebPage","@id":"https:\/\/kortleksbolaget.se\/no\/produkt\/bicycle-raul-cremona\/","url":"https:\/\/kortleksbolaget.se\/no\/produkt\/bicycle-raul-cremona\/","name":"Kortlek Bicycle Raul Cremona | Kortleksbolaget","isPartOf":{"@id":"https:\/\/kortleksbolaget.se\/no\/#website"},"primaryImageOfPage":{"@id":"https:\/\/kortleksbolaget.se\/no\/produkt\/bicycle-raul-cremona\/#primaryimage"},"image":{"@id":"https:\/\/kortleksbolaget.se\/no\/produkt\/bicycle-raul-cremona\/#primaryimage"},"thumbnailUrl":"https:\/\/kortleksbolaget.se\/wp-content\/uploads\/kortlekar-5478-1.jpg","datePublished":"2019-06-03T10:35:26+00:00","dateModified":"2020-12-10T19:57:11+00:00","description":"K\u00f6p Bicycle Raul Cremona. Snabba leveranser & bra priser. Sveriges st\u00f6rsta sortiment av kortlekar p\u00e5 Kortleksbolaget!","breadcrumb":{"@id":"https:\/\/kortleksbolaget.se\/no\/produkt\/bicycle-raul-cremona\/#breadcrumb"},"inLanguage":"nb-NO","potentialAction":[{"@type":"ReadAction","target":["https:\/\/kortleksbolaget.se\/no\/produkt\/bicycle-raul-cremona\/"]}]},{"@type":"ImageObject","inLanguage":"nb-NO","@id":"https:\/\/kortleksbolaget.se\/no\/produkt\/bicycle-raul-cremona\/#primaryimage","url":"https:\/\/kortleksbolaget.se\/wp-content\/uploads\/kortlekar-5478-1.jpg","contentUrl":"https:\/\/kortleksbolaget.se\/wp-content\/uploads\/kortlekar-5478-1.jpg","width":800,"height":1200},{"@type":"BreadcrumbList","@id":"https:\/\/kortleksbolaget.se\/no\/produkt\/bicycle-raul-cremona\/#breadcrumb","itemListElement":[{"@type":"ListItem","position":1,"name":"Hem","item":"https:\/\/kortleksbolaget.se\/no\/"},{"@type":"ListItem","position":2,"name":"Alle Kortstokker","item":"https:\/\/kortleksbolaget.se\/no\/alla-produkter\/"},{"@type":"ListItem","position":3,"name":"Bicycle Raul Cremona"}]},{"@type":"WebSite","@id":"https:\/\/kortleksbolaget.se\/no\/#website","url":"https:\/\/kortleksbolaget.se\/no\/","name":"Kortleksbolaget","description":"Kortlekar p\u00e5 n\u00e4tet","publisher":{"@id":"https:\/\/kortleksbolaget.se\/no\/#organization"},"potentialAction":[{"@type":"SearchAction","target":{"@type":"EntryPoint","urlTemplate":"https:\/\/kortleksbolaget.se\/no\/?s={search_term_string}"},"query-input":{"@type":"PropertyValueSpecification","valueRequired":true,"valueName":"search_term_string"}}],"inLanguage":"nb-NO"},{"@type":"Organization","@id":"https:\/\/kortleksbolaget.se\/no\/#organization","name":"Kortleksbolaget","url":"https:\/\/kortleksbolaget.se\/no\/","logo":{"@type":"ImageObject","inLanguage":"nb-NO","@id":"https:\/\/kortleksbolaget.se\/no\/#\/schema\/logo\/image\/","url":"https:\/\/kortleksbolaget.se\/wp-content\/uploads\/kortleksbolaget_logo-svart.png","contentUrl":"https:\/\/kortleksbolaget.se\/wp-content\/uploads\/kortleksbolaget_logo-svart.png","width":1200,"height":296,"caption":"Kortleksbolaget"},"image":{"@id":"https:\/\/kortleksbolaget.se\/no\/#\/schema\/logo\/image\/"}}]}},"_links":{"self":[{"href":"https:\/\/kortleksbolaget.se\/no\/wp-json\/wp\/v2\/product\/43615","targetHints":{"allow":["GET"]}}],"collection":[{"href":"https:\/\/kortleksbolaget.se\/no\/wp-json\/wp\/v2\/product"}],"about":[{"href":"https:\/\/kortleksbolaget.se\/no\/wp-json\/wp\/v2\/types\/product"}],"wp:featuredmedia":[{"embeddable":true,"href":"https:\/\/kortleksbolaget.se\/no\/wp-json\/wp\/v2\/media\/24143"}],"wp:attachment":[{"href":"https:\/\/kortleksbolaget.se\/no\/wp-json\/wp\/v2\/media?parent=43615"}],"wp:term":[{"taxonomy":"product_brand","embeddable":true,"href":"https:\/\/kortleksbolaget.se\/no\/wp-json\/wp\/v2\/product_brand?post=43615"},{"taxonomy":"product_cat","embeddable":true,"href":"https:\/\/kortleksbolaget.se\/no\/wp-json\/wp\/v2\/product_cat?post=43615"},{"taxonomy":"product_tag","embeddable":true,"href":"https:\/\/kortleksbolaget.se\/no\/wp-json\/wp\/v2\/product_tag?post=43615"}],"curies":[{"name":"wp","href":"https:\/\/api.w.org\/{rel}","templated":true}]}}