{"id":43968,"date":"2019-06-03T12:29:09","date_gmt":"2019-06-03T10:29:09","guid":{"rendered":"https:\/\/kortleksbolaget.se\/nyasidan2021\/produkt\/dmc-elites-marked-deck-forest-green\/"},"modified":"2019-06-03T12:29:09","modified_gmt":"2019-06-03T10:29:09","slug":"dmc-elites-marked-deck-forest-green","status":"publish","type":"product","link":"https:\/\/kortleksbolaget.se\/no\/produkt\/dmc-elites-marked-deck-forest-green\/","title":{"rendered":"DMC ELITES: Marked Deck &#8211; Forest Green"},"content":{"rendered":"","protected":false},"excerpt":{"rendered":"<p id=\"tw-target-text\" class=\"tw-data-text tw-ta tw-text-small\" dir=\"ltr\" data-placeholder=\"\u00d6vers\u00e4ttning\"><span lang=\"sv\" tabindex=\"0\">The new <b>DMC ELITES V4<\/b> marked deck (now in forest green) is the latest iteration in the ongoing quest by Drummond Money-Coutts to create the most powerful deck of cards available for professional magicians today. The ELITES are a unique collaboration between DMC himself (star of National Geographic&#8217;s CARD SHARK and BEYOND MAGIC WITH DMC, and of the upcoming Netflix series DEATH BY MAGIC) and designer and magic creator Phill Smith &#8211; architect of the revolutionary OPTICAL MARKING SYSTEM. This brand new <b>DMC ELITES V4<\/b> is the most versatile, nuanced and advanced version of ELITES ever created.<\/p>\n<p>For the first time ever, the <b>DMC ELITES V4<\/b> is now printed by the iconic United States Playing Card Company on their legendary Bee stock, still the world&#8217;s favourite choice. The cards will endure hours upon hours of professional use, and all faces are standard USPCC faces for minimum scrutiny or suspicion from your audience.<\/p>\n<p>The cards themselves feature the latest revision of the unique OPTICAL MARKING SYSTEM (OMS), a powerful &#8216;reader&#8217; system designed specifically for the use of magicians and mentalists (as opposed to many decks designed for the gambling world). The OMS has an ingeniously hidden marking mechanic that is readable with extreme speed, at great range and even in poor light. It hides the value and suit of the card in plain sight with no decoding necessary &#8211; the back of the card literally says the value and the suit. Despite this, you can still comfortably hand the deck to a layman, safe in the knowledge that even the most critical observer would not ever suspect, let alone detect, the secret markings. So subtle, in fact, is the OMS that with the first edition of ELITES &#8211; many magicians complained that they&#8217;d been sent an unmarked version!<\/p>\n<p>Drawing on the feedback from many hundreds of performers, the OMS has evolved significantly over the years, and in this version the markings are located in all four corners for the very first time &#8211; welcoming lefties into the ELITES family. A second quantum leap now allows the markings to be read from a relatively slim spread of cards on the table &#8211; or even a fan of cards held in the hands. Finally, the deck also now features a very clear, one-way marking system, allowing for delayed reads and unlocking a whole new realm of methods. Each deck also comes with an instruction card that explains the markings visually &#8211; with no language limitations for international performers.<\/p>\n<p><b>DMC ELITES V4:<\/b> the greatest marked deck in a generation &#8211; now greater than ever. <\/span><\/p>\n<p dir=\"ltr\" data-placeholder=\"\u00d6vers\u00e4ttning\">\n<p> [&#8230;]<\/p>\n<p><a class=\"btn btn-secondary understrap-read-more-link\" href=\"https:\/\/kortleksbolaget.se\/no\/produkt\/dmc-elites-marked-deck-forest-green\/\">Les mer&#8230;<span class=\"screen-reader-text\"> from DMC ELITES: Marked Deck &#8211; Forest Green<\/span><\/a><\/p>\n","protected":false},"featured_media":19760,"template":"","meta":{"_acf_changed":false},"product_brand":[],"product_cat":[226],"product_tag":[],"class_list":{"0":"post-43968","1":"product","2":"type-product","3":"status-publish","4":"has-post-thumbnail","6":"varumarke-uspcc-no","7":"product_cat-magisk-no","9":"first","10":"outofstock","11":"taxable","12":"shipping-taxable","13":"purchasable","14":"product-type-simple"},"acf":[],"yoast_head":"<!-- This site is optimized with the Yoast SEO plugin v26.3 - https:\/\/yoast.com\/wordpress\/plugins\/seo\/ -->\n<title>Kortlek DMC ELITES: Marked Deck - Forest Green | Kortleksbolaget<\/title>\n<meta name=\"description\" content=\"K\u00f6p DMC ELITES: Marked Deck - Forest Green. Snabba leveranser &amp; bra priser. Sveriges st\u00f6rsta sortiment av kortlekar p\u00e5 Kortleksbolaget!\" \/>\n<meta name=\"robots\" content=\"index, follow, max-snippet:-1, max-image-preview:large, max-video-preview:-1\" \/>\n<link rel=\"canonical\" href=\"https:\/\/kortleksbolaget.se\/no\/produkt\/dmc-elites-marked-deck-forest-green\/\" \/>\n<meta property=\"og:locale\" content=\"nb_NO\" \/>\n<meta property=\"og:type\" content=\"article\" \/>\n<meta property=\"og:title\" content=\"Kortlek DMC ELITES: Marked Deck - Forest Green | Kortleksbolaget\" \/>\n<meta property=\"og:description\" content=\"K\u00f6p DMC ELITES: Marked Deck - Forest Green. Snabba leveranser &amp; bra priser. Sveriges st\u00f6rsta sortiment av kortlekar p\u00e5 Kortleksbolaget!\" \/>\n<meta property=\"og:url\" content=\"https:\/\/kortleksbolaget.se\/no\/produkt\/dmc-elites-marked-deck-forest-green\/\" \/>\n<meta property=\"og:site_name\" content=\"Kortleksbolaget\" \/>\n<meta property=\"og:image\" content=\"https:\/\/kortleksbolaget.se\/wp-content\/uploads\/kortlekar-5237-1.jpg\" \/>\n\t<meta property=\"og:image:width\" content=\"800\" \/>\n\t<meta property=\"og:image:height\" content=\"1200\" \/>\n\t<meta property=\"og:image:type\" content=\"image\/jpeg\" \/>\n<meta name=\"twitter:card\" content=\"summary_large_image\" \/>\n<script type=\"application\/ld+json\" class=\"yoast-schema-graph\">{\"@context\":\"https:\/\/schema.org\",\"@graph\":[{\"@type\":\"WebPage\",\"@id\":\"https:\/\/kortleksbolaget.se\/no\/produkt\/dmc-elites-marked-deck-forest-green\/\",\"url\":\"https:\/\/kortleksbolaget.se\/no\/produkt\/dmc-elites-marked-deck-forest-green\/\",\"name\":\"Kortlek DMC ELITES: Marked Deck - Forest Green | Kortleksbolaget\",\"isPartOf\":{\"@id\":\"https:\/\/kortleksbolaget.se\/no\/#website\"},\"primaryImageOfPage\":{\"@id\":\"https:\/\/kortleksbolaget.se\/no\/produkt\/dmc-elites-marked-deck-forest-green\/#primaryimage\"},\"image\":{\"@id\":\"https:\/\/kortleksbolaget.se\/no\/produkt\/dmc-elites-marked-deck-forest-green\/#primaryimage\"},\"thumbnailUrl\":\"https:\/\/kortleksbolaget.se\/wp-content\/uploads\/kortlekar-5237-1.jpg\",\"datePublished\":\"2019-06-03T10:29:09+00:00\",\"description\":\"K\u00f6p DMC ELITES: Marked Deck - Forest Green. Snabba leveranser & bra priser. Sveriges st\u00f6rsta sortiment av kortlekar p\u00e5 Kortleksbolaget!\",\"breadcrumb\":{\"@id\":\"https:\/\/kortleksbolaget.se\/no\/produkt\/dmc-elites-marked-deck-forest-green\/#breadcrumb\"},\"inLanguage\":\"nb-NO\",\"potentialAction\":[{\"@type\":\"ReadAction\",\"target\":[\"https:\/\/kortleksbolaget.se\/no\/produkt\/dmc-elites-marked-deck-forest-green\/\"]}]},{\"@type\":\"ImageObject\",\"inLanguage\":\"nb-NO\",\"@id\":\"https:\/\/kortleksbolaget.se\/no\/produkt\/dmc-elites-marked-deck-forest-green\/#primaryimage\",\"url\":\"https:\/\/kortleksbolaget.se\/wp-content\/uploads\/kortlekar-5237-1.jpg\",\"contentUrl\":\"https:\/\/kortleksbolaget.se\/wp-content\/uploads\/kortlekar-5237-1.jpg\",\"width\":800,\"height\":1200},{\"@type\":\"BreadcrumbList\",\"@id\":\"https:\/\/kortleksbolaget.se\/no\/produkt\/dmc-elites-marked-deck-forest-green\/#breadcrumb\",\"itemListElement\":[{\"@type\":\"ListItem\",\"position\":1,\"name\":\"Hem\",\"item\":\"https:\/\/kortleksbolaget.se\/no\/\"},{\"@type\":\"ListItem\",\"position\":2,\"name\":\"Alle Kortstokker\",\"item\":\"https:\/\/kortleksbolaget.se\/no\/alla-produkter\/\"},{\"@type\":\"ListItem\",\"position\":3,\"name\":\"DMC ELITES: Marked Deck &#8211; Forest Green\"}]},{\"@type\":\"WebSite\",\"@id\":\"https:\/\/kortleksbolaget.se\/no\/#website\",\"url\":\"https:\/\/kortleksbolaget.se\/no\/\",\"name\":\"Kortleksbolaget\",\"description\":\"Kortlekar p\u00e5 n\u00e4tet\",\"publisher\":{\"@id\":\"https:\/\/kortleksbolaget.se\/no\/#organization\"},\"potentialAction\":[{\"@type\":\"SearchAction\",\"target\":{\"@type\":\"EntryPoint\",\"urlTemplate\":\"https:\/\/kortleksbolaget.se\/no\/?s={search_term_string}\"},\"query-input\":{\"@type\":\"PropertyValueSpecification\",\"valueRequired\":true,\"valueName\":\"search_term_string\"}}],\"inLanguage\":\"nb-NO\"},{\"@type\":\"Organization\",\"@id\":\"https:\/\/kortleksbolaget.se\/no\/#organization\",\"name\":\"Kortleksbolaget\",\"url\":\"https:\/\/kortleksbolaget.se\/no\/\",\"logo\":{\"@type\":\"ImageObject\",\"inLanguage\":\"nb-NO\",\"@id\":\"https:\/\/kortleksbolaget.se\/no\/#\/schema\/logo\/image\/\",\"url\":\"https:\/\/kortleksbolaget.se\/wp-content\/uploads\/kortleksbolaget_logo-svart.png\",\"contentUrl\":\"https:\/\/kortleksbolaget.se\/wp-content\/uploads\/kortleksbolaget_logo-svart.png\",\"width\":1200,\"height\":296,\"caption\":\"Kortleksbolaget\"},\"image\":{\"@id\":\"https:\/\/kortleksbolaget.se\/no\/#\/schema\/logo\/image\/\"}}]}<\/script>\n<!-- \/ Yoast SEO plugin. -->","yoast_head_json":{"title":"Kortlek DMC ELITES: Marked Deck - Forest Green | Kortleksbolaget","description":"K\u00f6p DMC ELITES: Marked Deck - Forest Green. Snabba leveranser & bra priser. Sveriges st\u00f6rsta sortiment av kortlekar p\u00e5 Kortleksbolaget!","robots":{"index":"index","follow":"follow","max-snippet":"max-snippet:-1","max-image-preview":"max-image-preview:large","max-video-preview":"max-video-preview:-1"},"canonical":"https:\/\/kortleksbolaget.se\/no\/produkt\/dmc-elites-marked-deck-forest-green\/","og_locale":"nb_NO","og_type":"article","og_title":"Kortlek DMC ELITES: Marked Deck - Forest Green | Kortleksbolaget","og_description":"K\u00f6p DMC ELITES: Marked Deck - Forest Green. Snabba leveranser & bra priser. Sveriges st\u00f6rsta sortiment av kortlekar p\u00e5 Kortleksbolaget!","og_url":"https:\/\/kortleksbolaget.se\/no\/produkt\/dmc-elites-marked-deck-forest-green\/","og_site_name":"Kortleksbolaget","og_image":[{"width":800,"height":1200,"url":"https:\/\/kortleksbolaget.se\/wp-content\/uploads\/kortlekar-5237-1.jpg","type":"image\/jpeg"}],"twitter_card":"summary_large_image","schema":{"@context":"https:\/\/schema.org","@graph":[{"@type":"WebPage","@id":"https:\/\/kortleksbolaget.se\/no\/produkt\/dmc-elites-marked-deck-forest-green\/","url":"https:\/\/kortleksbolaget.se\/no\/produkt\/dmc-elites-marked-deck-forest-green\/","name":"Kortlek DMC ELITES: Marked Deck - Forest Green | Kortleksbolaget","isPartOf":{"@id":"https:\/\/kortleksbolaget.se\/no\/#website"},"primaryImageOfPage":{"@id":"https:\/\/kortleksbolaget.se\/no\/produkt\/dmc-elites-marked-deck-forest-green\/#primaryimage"},"image":{"@id":"https:\/\/kortleksbolaget.se\/no\/produkt\/dmc-elites-marked-deck-forest-green\/#primaryimage"},"thumbnailUrl":"https:\/\/kortleksbolaget.se\/wp-content\/uploads\/kortlekar-5237-1.jpg","datePublished":"2019-06-03T10:29:09+00:00","description":"K\u00f6p DMC ELITES: Marked Deck - Forest Green. Snabba leveranser & bra priser. Sveriges st\u00f6rsta sortiment av kortlekar p\u00e5 Kortleksbolaget!","breadcrumb":{"@id":"https:\/\/kortleksbolaget.se\/no\/produkt\/dmc-elites-marked-deck-forest-green\/#breadcrumb"},"inLanguage":"nb-NO","potentialAction":[{"@type":"ReadAction","target":["https:\/\/kortleksbolaget.se\/no\/produkt\/dmc-elites-marked-deck-forest-green\/"]}]},{"@type":"ImageObject","inLanguage":"nb-NO","@id":"https:\/\/kortleksbolaget.se\/no\/produkt\/dmc-elites-marked-deck-forest-green\/#primaryimage","url":"https:\/\/kortleksbolaget.se\/wp-content\/uploads\/kortlekar-5237-1.jpg","contentUrl":"https:\/\/kortleksbolaget.se\/wp-content\/uploads\/kortlekar-5237-1.jpg","width":800,"height":1200},{"@type":"BreadcrumbList","@id":"https:\/\/kortleksbolaget.se\/no\/produkt\/dmc-elites-marked-deck-forest-green\/#breadcrumb","itemListElement":[{"@type":"ListItem","position":1,"name":"Hem","item":"https:\/\/kortleksbolaget.se\/no\/"},{"@type":"ListItem","position":2,"name":"Alle Kortstokker","item":"https:\/\/kortleksbolaget.se\/no\/alla-produkter\/"},{"@type":"ListItem","position":3,"name":"DMC ELITES: Marked Deck &#8211; Forest Green"}]},{"@type":"WebSite","@id":"https:\/\/kortleksbolaget.se\/no\/#website","url":"https:\/\/kortleksbolaget.se\/no\/","name":"Kortleksbolaget","description":"Kortlekar p\u00e5 n\u00e4tet","publisher":{"@id":"https:\/\/kortleksbolaget.se\/no\/#organization"},"potentialAction":[{"@type":"SearchAction","target":{"@type":"EntryPoint","urlTemplate":"https:\/\/kortleksbolaget.se\/no\/?s={search_term_string}"},"query-input":{"@type":"PropertyValueSpecification","valueRequired":true,"valueName":"search_term_string"}}],"inLanguage":"nb-NO"},{"@type":"Organization","@id":"https:\/\/kortleksbolaget.se\/no\/#organization","name":"Kortleksbolaget","url":"https:\/\/kortleksbolaget.se\/no\/","logo":{"@type":"ImageObject","inLanguage":"nb-NO","@id":"https:\/\/kortleksbolaget.se\/no\/#\/schema\/logo\/image\/","url":"https:\/\/kortleksbolaget.se\/wp-content\/uploads\/kortleksbolaget_logo-svart.png","contentUrl":"https:\/\/kortleksbolaget.se\/wp-content\/uploads\/kortleksbolaget_logo-svart.png","width":1200,"height":296,"caption":"Kortleksbolaget"},"image":{"@id":"https:\/\/kortleksbolaget.se\/no\/#\/schema\/logo\/image\/"}}]}},"_links":{"self":[{"href":"https:\/\/kortleksbolaget.se\/no\/wp-json\/wp\/v2\/product\/43968","targetHints":{"allow":["GET"]}}],"collection":[{"href":"https:\/\/kortleksbolaget.se\/no\/wp-json\/wp\/v2\/product"}],"about":[{"href":"https:\/\/kortleksbolaget.se\/no\/wp-json\/wp\/v2\/types\/product"}],"wp:featuredmedia":[{"embeddable":true,"href":"https:\/\/kortleksbolaget.se\/no\/wp-json\/wp\/v2\/media\/19760"}],"wp:attachment":[{"href":"https:\/\/kortleksbolaget.se\/no\/wp-json\/wp\/v2\/media?parent=43968"}],"wp:term":[{"taxonomy":"product_brand","embeddable":true,"href":"https:\/\/kortleksbolaget.se\/no\/wp-json\/wp\/v2\/product_brand?post=43968"},{"taxonomy":"product_cat","embeddable":true,"href":"https:\/\/kortleksbolaget.se\/no\/wp-json\/wp\/v2\/product_cat?post=43968"},{"taxonomy":"product_tag","embeddable":true,"href":"https:\/\/kortleksbolaget.se\/no\/wp-json\/wp\/v2\/product_tag?post=43968"}],"curies":[{"name":"wp","href":"https:\/\/api.w.org\/{rel}","templated":true}]}}