{"id":56141,"date":"2021-06-16T19:19:14","date_gmt":"2021-06-16T17:19:14","guid":{"rendered":"https:\/\/kortleksbolaget.se\/produkt\/queen-bee\/"},"modified":"2022-08-08T07:29:08","modified_gmt":"2022-08-08T05:29:08","slug":"queen-bee","status":"publish","type":"product","link":"https:\/\/kortleksbolaget.se\/no\/produkt\/queen-bee\/","title":{"rendered":"Queen Bee"},"content":{"rendered":"","protected":false},"excerpt":{"rendered":"<div class=\"box-inner1\">\n<div class=\"product-description Scrollable\">\n<div class=\"product attribute overview\">\n<div class=\"value\">\n<p>&laquo;The Queen Bee is the matriarch of the hive. Worshipped by the entire colony and fiercely protected.<br \/>\nAfter making hugely popular Killer Bee and Super Bee designs in the past, we knew there was only one more level that remained unexplored&#8230; The revered monarch herself: the Queen Bee!<\/p>\n<p>Unlike our Killer and Super Bee decks, which feature a faint white halo around the deck&#8217;s edge &#8211; Queen Bees have no border. The Queens spill over the edge in their glorious abundance.<br \/>\nThe design is a classic of borderless decks, repeating into infinity with bees that fly in opposing directions.<br \/>\nThere is but one break in this rule, the yellow bee that stands out in the top left and top right corner. It accents the design and creates a focal point for your eyes.<br \/>\nThis little splash of yellow in a sea of black looks stunning in fans and spreads, allowing the minimal design to feel more 3-dimensional.<\/p>\n<p>The white faces display custom pips that hold a sinister simplicity.<br \/>\nEach pip is arranged in a completely custom way, with a hidden hive represented in 1 pip of each number card.<br \/>\nThis subtle hint is to compliment the Queen&#8217;s geometric styling.<\/p>\n<p>Each court card is custom, with connecting hexagons encasing an effeminate design, like honey trapped within a single cell of the honeycomb.<br \/>\nThe lines are thin and sleek but the aura for each court card is instantly recognizable.<\/p>\n<p>Each tuck is custom-made by a print house that specializes in intricate details. We&#8217;ve outsourced this job to ensure that Queen Bees carry a quality that can&#8217;t be matched by anyone simply producing playing cards on mass.<br \/>\nThe tuck-paper is matte yellow and thicker than standard deck cases.<br \/>\nAll details on the sides and front are debossed to create texture.<br \/>\nThe back of the tuck is foiled in black stripes featuring the life-giving Queen, taken from the Queen of clubs within the deck.<\/p>\n<p>Ellusionist was one of the first major producers to start printing with Cartamundi in Belgium.<br \/>\nDuring that initial courtship, we asked for only one thing. A slimmer, durable stock to match their already superior printing techniques.<br \/>\nThey worked hard to create E7 stock and it was launched with our Blue Cohorts playing cards 2 years ago. The deck credited by many, for switching their allegiance from USPCC to Cartamundi decks.<br \/>\nQueen Bees have this very same stock, the stock we believe is the best for magic, gambling, and card handling in general. Nothing feels better.<\/p>\n<p>2019 saw the highest loss of Bee colonies ever recorded. Over 40% &#8211; gone.<br \/>\nTo think that this doesn&#8217;t affect you is wrong. Honey bees alone pollinate $15 billion of the food we eat in the United States each year. They are vital to our survival.<br \/>\nAggressive farming techniques and a reliance on devastating pesticides have been decimating the bee population all over the world, causing CCD (colony collapse disorder). Whole hives are annihilated almost instantly.<br \/>\nOur passion for bees has led us to create this Queen Bee project. We hope that this deck of cards can bring widespread awareness to these majestic insects.<\/p>\n<p>Ellusionist will donate 10% of the profits from each deck sold to the fight for the Bee&#8217;s survival.&raquo;<\/p>\n<\/div>\n<\/div>\n<\/div>\n<\/div>\n<div class=\"row flex\">\n<div class=\"col flex col-lg-7 col-md-12 price-col\">\n<div class=\"price-box price-final_price\" data-role=\"priceBox\" data-product-id=\"57004\" data-price-box=\"product-id-57004\"><\/div>\n<div class=\"info-qty info-cartoni\"><label class=\"tooltip2 label\"> <label class=\"label\"><i class=\"fas fa-box-open fa-2x\" aria-hidden=\"true\"><\/i><\/label> <span class=\"tooltiptext\"><br \/>\n<\/span> <\/label><\/div>\n<\/div>\n<\/div>\n<p> [&#8230;]<\/p>\n<p><a class=\"btn btn-secondary understrap-read-more-link\" href=\"https:\/\/kortleksbolaget.se\/no\/produkt\/queen-bee\/\">Les mer&#8230;<span class=\"screen-reader-text\"> from Queen Bee<\/span><\/a><\/p>\n","protected":false},"featured_media":56137,"template":"","meta":{"_acf_changed":false},"product_brand":[],"product_cat":[232],"product_tag":[],"class_list":{"0":"post-56141","1":"product","2":"type-product","3":"status-publish","4":"has-post-thumbnail","6":"varumarke-ellusionist-no","7":"product_cat-special-lyx-limited-no","9":"first","10":"outofstock","11":"taxable","12":"shipping-taxable","13":"purchasable","14":"product-type-simple"},"acf":[],"yoast_head":"<!-- This site is optimized with the Yoast SEO plugin v26.3 - https:\/\/yoast.com\/wordpress\/plugins\/seo\/ -->\n<title>Kortlek Queen Bee | Kortleksbolaget<\/title>\n<meta name=\"description\" content=\"K\u00f6p Queen Bee. Snabba leveranser &amp; bra priser. Sveriges st\u00f6rsta sortiment av kortlekar p\u00e5 Kortleksbolaget!\" \/>\n<meta name=\"robots\" content=\"index, follow, max-snippet:-1, max-image-preview:large, max-video-preview:-1\" \/>\n<link rel=\"canonical\" href=\"https:\/\/kortleksbolaget.se\/no\/produkt\/queen-bee\/\" \/>\n<meta property=\"og:locale\" content=\"nb_NO\" \/>\n<meta property=\"og:type\" content=\"article\" \/>\n<meta property=\"og:title\" content=\"Kortlek Queen Bee | Kortleksbolaget\" \/>\n<meta property=\"og:description\" content=\"K\u00f6p Queen Bee. Snabba leveranser &amp; bra priser. Sveriges st\u00f6rsta sortiment av kortlekar p\u00e5 Kortleksbolaget!\" \/>\n<meta property=\"og:url\" content=\"https:\/\/kortleksbolaget.se\/no\/produkt\/queen-bee\/\" \/>\n<meta property=\"og:site_name\" content=\"Kortleksbolaget\" \/>\n<meta property=\"article:modified_time\" content=\"2022-08-08T05:29:08+00:00\" \/>\n<meta property=\"og:image\" content=\"https:\/\/kortleksbolaget.se\/wp-content\/uploads\/Queen-Bee-Playing-cards-1.jpg\" \/>\n\t<meta property=\"og:image:width\" content=\"539\" \/>\n\t<meta property=\"og:image:height\" content=\"808\" \/>\n\t<meta property=\"og:image:type\" content=\"image\/jpeg\" \/>\n<meta name=\"twitter:card\" content=\"summary_large_image\" \/>\n<script type=\"application\/ld+json\" class=\"yoast-schema-graph\">{\"@context\":\"https:\/\/schema.org\",\"@graph\":[{\"@type\":\"WebPage\",\"@id\":\"https:\/\/kortleksbolaget.se\/no\/produkt\/queen-bee\/\",\"url\":\"https:\/\/kortleksbolaget.se\/no\/produkt\/queen-bee\/\",\"name\":\"Kortlek Queen Bee | Kortleksbolaget\",\"isPartOf\":{\"@id\":\"https:\/\/kortleksbolaget.se\/no\/#website\"},\"primaryImageOfPage\":{\"@id\":\"https:\/\/kortleksbolaget.se\/no\/produkt\/queen-bee\/#primaryimage\"},\"image\":{\"@id\":\"https:\/\/kortleksbolaget.se\/no\/produkt\/queen-bee\/#primaryimage\"},\"thumbnailUrl\":\"https:\/\/kortleksbolaget.se\/wp-content\/uploads\/Queen-Bee-Playing-cards-1.jpg\",\"datePublished\":\"2021-06-16T17:19:14+00:00\",\"dateModified\":\"2022-08-08T05:29:08+00:00\",\"description\":\"K\u00f6p Queen Bee. Snabba leveranser & bra priser. Sveriges st\u00f6rsta sortiment av kortlekar p\u00e5 Kortleksbolaget!\",\"breadcrumb\":{\"@id\":\"https:\/\/kortleksbolaget.se\/no\/produkt\/queen-bee\/#breadcrumb\"},\"inLanguage\":\"nb-NO\",\"potentialAction\":[{\"@type\":\"ReadAction\",\"target\":[\"https:\/\/kortleksbolaget.se\/no\/produkt\/queen-bee\/\"]}]},{\"@type\":\"ImageObject\",\"inLanguage\":\"nb-NO\",\"@id\":\"https:\/\/kortleksbolaget.se\/no\/produkt\/queen-bee\/#primaryimage\",\"url\":\"https:\/\/kortleksbolaget.se\/wp-content\/uploads\/Queen-Bee-Playing-cards-1.jpg\",\"contentUrl\":\"https:\/\/kortleksbolaget.se\/wp-content\/uploads\/Queen-Bee-Playing-cards-1.jpg\",\"width\":539,\"height\":808},{\"@type\":\"BreadcrumbList\",\"@id\":\"https:\/\/kortleksbolaget.se\/no\/produkt\/queen-bee\/#breadcrumb\",\"itemListElement\":[{\"@type\":\"ListItem\",\"position\":1,\"name\":\"Hem\",\"item\":\"https:\/\/kortleksbolaget.se\/no\/\"},{\"@type\":\"ListItem\",\"position\":2,\"name\":\"Alle Kortstokker\",\"item\":\"https:\/\/kortleksbolaget.se\/no\/alla-produkter\/\"},{\"@type\":\"ListItem\",\"position\":3,\"name\":\"Queen Bee\"}]},{\"@type\":\"WebSite\",\"@id\":\"https:\/\/kortleksbolaget.se\/no\/#website\",\"url\":\"https:\/\/kortleksbolaget.se\/no\/\",\"name\":\"Kortleksbolaget\",\"description\":\"Kortlekar p\u00e5 n\u00e4tet\",\"publisher\":{\"@id\":\"https:\/\/kortleksbolaget.se\/no\/#organization\"},\"potentialAction\":[{\"@type\":\"SearchAction\",\"target\":{\"@type\":\"EntryPoint\",\"urlTemplate\":\"https:\/\/kortleksbolaget.se\/no\/?s={search_term_string}\"},\"query-input\":{\"@type\":\"PropertyValueSpecification\",\"valueRequired\":true,\"valueName\":\"search_term_string\"}}],\"inLanguage\":\"nb-NO\"},{\"@type\":\"Organization\",\"@id\":\"https:\/\/kortleksbolaget.se\/no\/#organization\",\"name\":\"Kortleksbolaget\",\"url\":\"https:\/\/kortleksbolaget.se\/no\/\",\"logo\":{\"@type\":\"ImageObject\",\"inLanguage\":\"nb-NO\",\"@id\":\"https:\/\/kortleksbolaget.se\/no\/#\/schema\/logo\/image\/\",\"url\":\"https:\/\/kortleksbolaget.se\/wp-content\/uploads\/kortleksbolaget_logo-svart.png\",\"contentUrl\":\"https:\/\/kortleksbolaget.se\/wp-content\/uploads\/kortleksbolaget_logo-svart.png\",\"width\":1200,\"height\":296,\"caption\":\"Kortleksbolaget\"},\"image\":{\"@id\":\"https:\/\/kortleksbolaget.se\/no\/#\/schema\/logo\/image\/\"}}]}<\/script>\n<!-- \/ Yoast SEO plugin. -->","yoast_head_json":{"title":"Kortlek Queen Bee | Kortleksbolaget","description":"K\u00f6p Queen Bee. Snabba leveranser & bra priser. Sveriges st\u00f6rsta sortiment av kortlekar p\u00e5 Kortleksbolaget!","robots":{"index":"index","follow":"follow","max-snippet":"max-snippet:-1","max-image-preview":"max-image-preview:large","max-video-preview":"max-video-preview:-1"},"canonical":"https:\/\/kortleksbolaget.se\/no\/produkt\/queen-bee\/","og_locale":"nb_NO","og_type":"article","og_title":"Kortlek Queen Bee | Kortleksbolaget","og_description":"K\u00f6p Queen Bee. Snabba leveranser & bra priser. Sveriges st\u00f6rsta sortiment av kortlekar p\u00e5 Kortleksbolaget!","og_url":"https:\/\/kortleksbolaget.se\/no\/produkt\/queen-bee\/","og_site_name":"Kortleksbolaget","article_modified_time":"2022-08-08T05:29:08+00:00","og_image":[{"width":539,"height":808,"url":"https:\/\/kortleksbolaget.se\/wp-content\/uploads\/Queen-Bee-Playing-cards-1.jpg","type":"image\/jpeg"}],"twitter_card":"summary_large_image","schema":{"@context":"https:\/\/schema.org","@graph":[{"@type":"WebPage","@id":"https:\/\/kortleksbolaget.se\/no\/produkt\/queen-bee\/","url":"https:\/\/kortleksbolaget.se\/no\/produkt\/queen-bee\/","name":"Kortlek Queen Bee | Kortleksbolaget","isPartOf":{"@id":"https:\/\/kortleksbolaget.se\/no\/#website"},"primaryImageOfPage":{"@id":"https:\/\/kortleksbolaget.se\/no\/produkt\/queen-bee\/#primaryimage"},"image":{"@id":"https:\/\/kortleksbolaget.se\/no\/produkt\/queen-bee\/#primaryimage"},"thumbnailUrl":"https:\/\/kortleksbolaget.se\/wp-content\/uploads\/Queen-Bee-Playing-cards-1.jpg","datePublished":"2021-06-16T17:19:14+00:00","dateModified":"2022-08-08T05:29:08+00:00","description":"K\u00f6p Queen Bee. Snabba leveranser & bra priser. Sveriges st\u00f6rsta sortiment av kortlekar p\u00e5 Kortleksbolaget!","breadcrumb":{"@id":"https:\/\/kortleksbolaget.se\/no\/produkt\/queen-bee\/#breadcrumb"},"inLanguage":"nb-NO","potentialAction":[{"@type":"ReadAction","target":["https:\/\/kortleksbolaget.se\/no\/produkt\/queen-bee\/"]}]},{"@type":"ImageObject","inLanguage":"nb-NO","@id":"https:\/\/kortleksbolaget.se\/no\/produkt\/queen-bee\/#primaryimage","url":"https:\/\/kortleksbolaget.se\/wp-content\/uploads\/Queen-Bee-Playing-cards-1.jpg","contentUrl":"https:\/\/kortleksbolaget.se\/wp-content\/uploads\/Queen-Bee-Playing-cards-1.jpg","width":539,"height":808},{"@type":"BreadcrumbList","@id":"https:\/\/kortleksbolaget.se\/no\/produkt\/queen-bee\/#breadcrumb","itemListElement":[{"@type":"ListItem","position":1,"name":"Hem","item":"https:\/\/kortleksbolaget.se\/no\/"},{"@type":"ListItem","position":2,"name":"Alle Kortstokker","item":"https:\/\/kortleksbolaget.se\/no\/alla-produkter\/"},{"@type":"ListItem","position":3,"name":"Queen Bee"}]},{"@type":"WebSite","@id":"https:\/\/kortleksbolaget.se\/no\/#website","url":"https:\/\/kortleksbolaget.se\/no\/","name":"Kortleksbolaget","description":"Kortlekar p\u00e5 n\u00e4tet","publisher":{"@id":"https:\/\/kortleksbolaget.se\/no\/#organization"},"potentialAction":[{"@type":"SearchAction","target":{"@type":"EntryPoint","urlTemplate":"https:\/\/kortleksbolaget.se\/no\/?s={search_term_string}"},"query-input":{"@type":"PropertyValueSpecification","valueRequired":true,"valueName":"search_term_string"}}],"inLanguage":"nb-NO"},{"@type":"Organization","@id":"https:\/\/kortleksbolaget.se\/no\/#organization","name":"Kortleksbolaget","url":"https:\/\/kortleksbolaget.se\/no\/","logo":{"@type":"ImageObject","inLanguage":"nb-NO","@id":"https:\/\/kortleksbolaget.se\/no\/#\/schema\/logo\/image\/","url":"https:\/\/kortleksbolaget.se\/wp-content\/uploads\/kortleksbolaget_logo-svart.png","contentUrl":"https:\/\/kortleksbolaget.se\/wp-content\/uploads\/kortleksbolaget_logo-svart.png","width":1200,"height":296,"caption":"Kortleksbolaget"},"image":{"@id":"https:\/\/kortleksbolaget.se\/no\/#\/schema\/logo\/image\/"}}]}},"_links":{"self":[{"href":"https:\/\/kortleksbolaget.se\/no\/wp-json\/wp\/v2\/product\/56141","targetHints":{"allow":["GET"]}}],"collection":[{"href":"https:\/\/kortleksbolaget.se\/no\/wp-json\/wp\/v2\/product"}],"about":[{"href":"https:\/\/kortleksbolaget.se\/no\/wp-json\/wp\/v2\/types\/product"}],"wp:featuredmedia":[{"embeddable":true,"href":"https:\/\/kortleksbolaget.se\/no\/wp-json\/wp\/v2\/media\/56137"}],"wp:attachment":[{"href":"https:\/\/kortleksbolaget.se\/no\/wp-json\/wp\/v2\/media?parent=56141"}],"wp:term":[{"taxonomy":"product_brand","embeddable":true,"href":"https:\/\/kortleksbolaget.se\/no\/wp-json\/wp\/v2\/product_brand?post=56141"},{"taxonomy":"product_cat","embeddable":true,"href":"https:\/\/kortleksbolaget.se\/no\/wp-json\/wp\/v2\/product_cat?post=56141"},{"taxonomy":"product_tag","embeddable":true,"href":"https:\/\/kortleksbolaget.se\/no\/wp-json\/wp\/v2\/product_tag?post=56141"}],"curies":[{"name":"wp","href":"https:\/\/api.w.org\/{rel}","templated":true}]}}