{"id":58291,"date":"2021-07-21T19:25:21","date_gmt":"2021-07-21T17:25:21","guid":{"rendered":"https:\/\/kortleksbolaget.se\/produkt\/vhs-early-light-limited-edition\/"},"modified":"2021-07-21T19:25:21","modified_gmt":"2021-07-21T17:25:21","slug":"vhs-early-light-limited-edition","status":"publish","type":"product","link":"https:\/\/kortleksbolaget.se\/no\/produkt\/vhs-early-light-limited-edition\/","title":{"rendered":"VHS &#8211; Early Light &#8211; Limited Edition"},"content":{"rendered":"","protected":false},"excerpt":{"rendered":"<p>The first series of the VHS Variants are finally here! Bringing with it the nostalgia from the &#8217;80s by using these iconic and bold styles of vintage cassette covers. These new variants contain the same, holographic court cards and numbered cards as the original VHS deck. All the new variants also feature a new back design with, &laquo;Be Kind Rewind!&raquo; stickers and a new flashy pink to blue holographic gradient and holographic foiling on the face cards.<\/p>\n<p>These decks are printed by the Expert Playing Card Company in the Classic Stock.<\/p>\n<p><span class=\"Y2IQFc\" lang=\"sv\">\u00a0<\/span> [&#8230;]<\/p>\n<p><a class=\"btn btn-secondary understrap-read-more-link\" href=\"https:\/\/kortleksbolaget.se\/no\/produkt\/vhs-early-light-limited-edition\/\">Les mer&#8230;<span class=\"screen-reader-text\"> from VHS &#8211; Early Light &#8211; Limited Edition<\/span><\/a><\/p>\n","protected":false},"featured_media":58268,"template":"","meta":{"_acf_changed":false},"product_brand":[],"product_cat":[232],"product_tag":[],"class_list":{"0":"post-58291","1":"product","2":"type-product","3":"status-publish","4":"has-post-thumbnail","6":"varumarke-kings-wild-project-no","7":"product_cat-special-lyx-limited-no","9":"first","10":"outofstock","11":"taxable","12":"shipping-taxable","13":"purchasable","14":"product-type-simple"},"acf":[],"yoast_head":"<!-- This site is optimized with the Yoast SEO plugin v26.3 - https:\/\/yoast.com\/wordpress\/plugins\/seo\/ -->\n<title>Kortlek VHS - Early Light - Limited Edition | Kortleksbolaget<\/title>\n<meta name=\"description\" content=\"K\u00f6p VHS - Early Light - Limited Edition. Snabba leveranser &amp; bra priser. Sveriges st\u00f6rsta sortiment av kortlekar p\u00e5 Kortleksbolaget!\" \/>\n<meta name=\"robots\" content=\"index, follow, max-snippet:-1, max-image-preview:large, max-video-preview:-1\" \/>\n<link rel=\"canonical\" href=\"https:\/\/kortleksbolaget.se\/no\/produkt\/vhs-early-light-limited-edition\/\" \/>\n<meta property=\"og:locale\" content=\"nb_NO\" \/>\n<meta property=\"og:type\" content=\"article\" \/>\n<meta property=\"og:title\" content=\"Kortlek VHS - Early Light - Limited Edition | Kortleksbolaget\" \/>\n<meta property=\"og:description\" content=\"K\u00f6p VHS - Early Light - Limited Edition. Snabba leveranser &amp; bra priser. Sveriges st\u00f6rsta sortiment av kortlekar p\u00e5 Kortleksbolaget!\" \/>\n<meta property=\"og:url\" content=\"https:\/\/kortleksbolaget.se\/no\/produkt\/vhs-early-light-limited-edition\/\" \/>\n<meta property=\"og:site_name\" content=\"Kortleksbolaget\" \/>\n<meta property=\"og:image\" content=\"https:\/\/kortleksbolaget.se\/wp-content\/uploads\/vhs-1982-kingswild.jpg\" \/>\n\t<meta property=\"og:image:width\" content=\"540\" \/>\n\t<meta property=\"og:image:height\" content=\"809\" \/>\n\t<meta property=\"og:image:type\" content=\"image\/jpeg\" \/>\n<meta name=\"twitter:card\" content=\"summary_large_image\" \/>\n<script type=\"application\/ld+json\" class=\"yoast-schema-graph\">{\"@context\":\"https:\/\/schema.org\",\"@graph\":[{\"@type\":\"WebPage\",\"@id\":\"https:\/\/kortleksbolaget.se\/no\/produkt\/vhs-early-light-limited-edition\/\",\"url\":\"https:\/\/kortleksbolaget.se\/no\/produkt\/vhs-early-light-limited-edition\/\",\"name\":\"Kortlek VHS - Early Light - Limited Edition | Kortleksbolaget\",\"isPartOf\":{\"@id\":\"https:\/\/kortleksbolaget.se\/no\/#website\"},\"primaryImageOfPage\":{\"@id\":\"https:\/\/kortleksbolaget.se\/no\/produkt\/vhs-early-light-limited-edition\/#primaryimage\"},\"image\":{\"@id\":\"https:\/\/kortleksbolaget.se\/no\/produkt\/vhs-early-light-limited-edition\/#primaryimage\"},\"thumbnailUrl\":\"https:\/\/kortleksbolaget.se\/wp-content\/uploads\/vhs-1982-kingswild.jpg\",\"datePublished\":\"2021-07-21T17:25:21+00:00\",\"description\":\"K\u00f6p VHS - Early Light - Limited Edition. Snabba leveranser & bra priser. Sveriges st\u00f6rsta sortiment av kortlekar p\u00e5 Kortleksbolaget!\",\"breadcrumb\":{\"@id\":\"https:\/\/kortleksbolaget.se\/no\/produkt\/vhs-early-light-limited-edition\/#breadcrumb\"},\"inLanguage\":\"nb-NO\",\"potentialAction\":[{\"@type\":\"ReadAction\",\"target\":[\"https:\/\/kortleksbolaget.se\/no\/produkt\/vhs-early-light-limited-edition\/\"]}]},{\"@type\":\"ImageObject\",\"inLanguage\":\"nb-NO\",\"@id\":\"https:\/\/kortleksbolaget.se\/no\/produkt\/vhs-early-light-limited-edition\/#primaryimage\",\"url\":\"https:\/\/kortleksbolaget.se\/wp-content\/uploads\/vhs-1982-kingswild.jpg\",\"contentUrl\":\"https:\/\/kortleksbolaget.se\/wp-content\/uploads\/vhs-1982-kingswild.jpg\",\"width\":540,\"height\":809},{\"@type\":\"BreadcrumbList\",\"@id\":\"https:\/\/kortleksbolaget.se\/no\/produkt\/vhs-early-light-limited-edition\/#breadcrumb\",\"itemListElement\":[{\"@type\":\"ListItem\",\"position\":1,\"name\":\"Hem\",\"item\":\"https:\/\/kortleksbolaget.se\/no\/\"},{\"@type\":\"ListItem\",\"position\":2,\"name\":\"Alle Kortstokker\",\"item\":\"https:\/\/kortleksbolaget.se\/no\/alla-produkter\/\"},{\"@type\":\"ListItem\",\"position\":3,\"name\":\"VHS &#8211; Early Light &#8211; Limited Edition\"}]},{\"@type\":\"WebSite\",\"@id\":\"https:\/\/kortleksbolaget.se\/no\/#website\",\"url\":\"https:\/\/kortleksbolaget.se\/no\/\",\"name\":\"Kortleksbolaget\",\"description\":\"Kortlekar p\u00e5 n\u00e4tet\",\"publisher\":{\"@id\":\"https:\/\/kortleksbolaget.se\/no\/#organization\"},\"potentialAction\":[{\"@type\":\"SearchAction\",\"target\":{\"@type\":\"EntryPoint\",\"urlTemplate\":\"https:\/\/kortleksbolaget.se\/no\/?s={search_term_string}\"},\"query-input\":{\"@type\":\"PropertyValueSpecification\",\"valueRequired\":true,\"valueName\":\"search_term_string\"}}],\"inLanguage\":\"nb-NO\"},{\"@type\":\"Organization\",\"@id\":\"https:\/\/kortleksbolaget.se\/no\/#organization\",\"name\":\"Kortleksbolaget\",\"url\":\"https:\/\/kortleksbolaget.se\/no\/\",\"logo\":{\"@type\":\"ImageObject\",\"inLanguage\":\"nb-NO\",\"@id\":\"https:\/\/kortleksbolaget.se\/no\/#\/schema\/logo\/image\/\",\"url\":\"https:\/\/kortleksbolaget.se\/wp-content\/uploads\/kortleksbolaget_logo-svart.png\",\"contentUrl\":\"https:\/\/kortleksbolaget.se\/wp-content\/uploads\/kortleksbolaget_logo-svart.png\",\"width\":1200,\"height\":296,\"caption\":\"Kortleksbolaget\"},\"image\":{\"@id\":\"https:\/\/kortleksbolaget.se\/no\/#\/schema\/logo\/image\/\"}}]}<\/script>\n<!-- \/ Yoast SEO plugin. -->","yoast_head_json":{"title":"Kortlek VHS - Early Light - Limited Edition | Kortleksbolaget","description":"K\u00f6p VHS - Early Light - Limited Edition. Snabba leveranser & bra priser. Sveriges st\u00f6rsta sortiment av kortlekar p\u00e5 Kortleksbolaget!","robots":{"index":"index","follow":"follow","max-snippet":"max-snippet:-1","max-image-preview":"max-image-preview:large","max-video-preview":"max-video-preview:-1"},"canonical":"https:\/\/kortleksbolaget.se\/no\/produkt\/vhs-early-light-limited-edition\/","og_locale":"nb_NO","og_type":"article","og_title":"Kortlek VHS - Early Light - Limited Edition | Kortleksbolaget","og_description":"K\u00f6p VHS - Early Light - Limited Edition. Snabba leveranser & bra priser. Sveriges st\u00f6rsta sortiment av kortlekar p\u00e5 Kortleksbolaget!","og_url":"https:\/\/kortleksbolaget.se\/no\/produkt\/vhs-early-light-limited-edition\/","og_site_name":"Kortleksbolaget","og_image":[{"width":540,"height":809,"url":"https:\/\/kortleksbolaget.se\/wp-content\/uploads\/vhs-1982-kingswild.jpg","type":"image\/jpeg"}],"twitter_card":"summary_large_image","schema":{"@context":"https:\/\/schema.org","@graph":[{"@type":"WebPage","@id":"https:\/\/kortleksbolaget.se\/no\/produkt\/vhs-early-light-limited-edition\/","url":"https:\/\/kortleksbolaget.se\/no\/produkt\/vhs-early-light-limited-edition\/","name":"Kortlek VHS - Early Light - Limited Edition | Kortleksbolaget","isPartOf":{"@id":"https:\/\/kortleksbolaget.se\/no\/#website"},"primaryImageOfPage":{"@id":"https:\/\/kortleksbolaget.se\/no\/produkt\/vhs-early-light-limited-edition\/#primaryimage"},"image":{"@id":"https:\/\/kortleksbolaget.se\/no\/produkt\/vhs-early-light-limited-edition\/#primaryimage"},"thumbnailUrl":"https:\/\/kortleksbolaget.se\/wp-content\/uploads\/vhs-1982-kingswild.jpg","datePublished":"2021-07-21T17:25:21+00:00","description":"K\u00f6p VHS - Early Light - Limited Edition. Snabba leveranser & bra priser. Sveriges st\u00f6rsta sortiment av kortlekar p\u00e5 Kortleksbolaget!","breadcrumb":{"@id":"https:\/\/kortleksbolaget.se\/no\/produkt\/vhs-early-light-limited-edition\/#breadcrumb"},"inLanguage":"nb-NO","potentialAction":[{"@type":"ReadAction","target":["https:\/\/kortleksbolaget.se\/no\/produkt\/vhs-early-light-limited-edition\/"]}]},{"@type":"ImageObject","inLanguage":"nb-NO","@id":"https:\/\/kortleksbolaget.se\/no\/produkt\/vhs-early-light-limited-edition\/#primaryimage","url":"https:\/\/kortleksbolaget.se\/wp-content\/uploads\/vhs-1982-kingswild.jpg","contentUrl":"https:\/\/kortleksbolaget.se\/wp-content\/uploads\/vhs-1982-kingswild.jpg","width":540,"height":809},{"@type":"BreadcrumbList","@id":"https:\/\/kortleksbolaget.se\/no\/produkt\/vhs-early-light-limited-edition\/#breadcrumb","itemListElement":[{"@type":"ListItem","position":1,"name":"Hem","item":"https:\/\/kortleksbolaget.se\/no\/"},{"@type":"ListItem","position":2,"name":"Alle Kortstokker","item":"https:\/\/kortleksbolaget.se\/no\/alla-produkter\/"},{"@type":"ListItem","position":3,"name":"VHS &#8211; Early Light &#8211; Limited Edition"}]},{"@type":"WebSite","@id":"https:\/\/kortleksbolaget.se\/no\/#website","url":"https:\/\/kortleksbolaget.se\/no\/","name":"Kortleksbolaget","description":"Kortlekar p\u00e5 n\u00e4tet","publisher":{"@id":"https:\/\/kortleksbolaget.se\/no\/#organization"},"potentialAction":[{"@type":"SearchAction","target":{"@type":"EntryPoint","urlTemplate":"https:\/\/kortleksbolaget.se\/no\/?s={search_term_string}"},"query-input":{"@type":"PropertyValueSpecification","valueRequired":true,"valueName":"search_term_string"}}],"inLanguage":"nb-NO"},{"@type":"Organization","@id":"https:\/\/kortleksbolaget.se\/no\/#organization","name":"Kortleksbolaget","url":"https:\/\/kortleksbolaget.se\/no\/","logo":{"@type":"ImageObject","inLanguage":"nb-NO","@id":"https:\/\/kortleksbolaget.se\/no\/#\/schema\/logo\/image\/","url":"https:\/\/kortleksbolaget.se\/wp-content\/uploads\/kortleksbolaget_logo-svart.png","contentUrl":"https:\/\/kortleksbolaget.se\/wp-content\/uploads\/kortleksbolaget_logo-svart.png","width":1200,"height":296,"caption":"Kortleksbolaget"},"image":{"@id":"https:\/\/kortleksbolaget.se\/no\/#\/schema\/logo\/image\/"}}]}},"_links":{"self":[{"href":"https:\/\/kortleksbolaget.se\/no\/wp-json\/wp\/v2\/product\/58291","targetHints":{"allow":["GET"]}}],"collection":[{"href":"https:\/\/kortleksbolaget.se\/no\/wp-json\/wp\/v2\/product"}],"about":[{"href":"https:\/\/kortleksbolaget.se\/no\/wp-json\/wp\/v2\/types\/product"}],"wp:featuredmedia":[{"embeddable":true,"href":"https:\/\/kortleksbolaget.se\/no\/wp-json\/wp\/v2\/media\/58268"}],"wp:attachment":[{"href":"https:\/\/kortleksbolaget.se\/no\/wp-json\/wp\/v2\/media?parent=58291"}],"wp:term":[{"taxonomy":"product_brand","embeddable":true,"href":"https:\/\/kortleksbolaget.se\/no\/wp-json\/wp\/v2\/product_brand?post=58291"},{"taxonomy":"product_cat","embeddable":true,"href":"https:\/\/kortleksbolaget.se\/no\/wp-json\/wp\/v2\/product_cat?post=58291"},{"taxonomy":"product_tag","embeddable":true,"href":"https:\/\/kortleksbolaget.se\/no\/wp-json\/wp\/v2\/product_tag?post=58291"}],"curies":[{"name":"wp","href":"https:\/\/api.w.org\/{rel}","templated":true}]}}