{"id":68800,"date":"2021-11-30T23:10:16","date_gmt":"2021-11-30T22:10:16","guid":{"rendered":"https:\/\/kortleksbolaget.se\/produkt\/fig-25-standard-edition\/"},"modified":"2022-12-15T20:42:27","modified_gmt":"2022-12-15T19:42:27","slug":"fig-25-standard-edition","status":"publish","type":"product","link":"https:\/\/kortleksbolaget.se\/no\/produkt\/fig-25-standard-edition\/","title":{"rendered":"Fig. 25 Standard Edition"},"content":{"rendered":"","protected":false},"excerpt":{"rendered":"<p id=\"tw-target-text\" class=\"tw-data-text tw-text-large tw-ta\" dir=\"ltr\" data-placeholder=\"\u00d6vers\u00e4ttning\"><span class=\"Y2IQFc\" lang=\"sv\"><b>Fig. 25 Playing Cards<\/b> is a detailed tribute to Erdnase and the infamous <i>Expert at the Card Table<\/i> book. Not only do the decks include illustrations from the book, each deck is uniquely wrapped to look like a mini replica <i>Expert at the Card Table<\/i> book.<\/p>\n<p>The cards themselves are elegant, having custom back designs with METALLIC inks.<\/p>\n<p>Why are they called <b>Fig. 25<\/b>?<\/p>\n<p>S.W. Erdnase stated that the most important &laquo;artifice&raquo; one could master with a deck of playing cards is the bottom deal. The M.D. Smith illustration for this invaluable lesson is fig. 25.<\/p>\n<p><b>The Back Design<\/b><\/p>\n<p><b>Fig. 25<\/b> illustration is tastefully incorporated into the back design. The floral back design frames the illustration with acorns, a symbol from the book&#8217;s original 1902 cover.<\/p>\n<p><b>Card Stock and Finish<\/b><\/p>\n<p>The cards are printed on the highest quality Bee card stock as is used by casinos around the world.<\/p>\n<p><b>Traditional Cut<\/b><\/p>\n<p>The deck is cut using the &laquo;Traditional&raquo; cut method made famous by Richard Turner. This is the method preferred by professionals for the precise handling and shuffling of the cards.<\/p>\n<p><b>Custom Jokers and Ace of Spades<\/b><\/p>\n<p>The custom Jokers use imagery from the deck&#8217;s floral back design, along with two of the most popular and famous quotes from the book (one of them regarding the bottom deal&#8217;s importance).<\/p>\n<p>The Ace of Spades: The shape of the &laquo;Spade&raquo; is modeled after the Ace of Spades from the &laquo;Bicycle Spectrum Playing Deck,&raquo; which is also the Logo for the Spectrum Playing Cards LLC.<\/p>\n<p>The Ace also contains copyright information and the company name using actual typeface from the <i>Expert at the Card Table<\/i> book.<\/p>\n<p><b>The Faces<\/b><\/p>\n<p>The original intention was to place the various illustrations by The M.D. Smith throughout the deck until Mark Calabrese, an Erdnase aficionado as well as a highly skilled sleight of hand artist, had a brilliant idea:<\/p>\n<p>Imagine cutting the shape of a card directly from the pages of the book&#8230; and then printing each page on EVERY card! GENIUS!<\/p>\n<p>The result is the most detailed and TRUE TRIBUTE DECK to Erdnase, EVER designed!<\/p>\n<p>EACH page was scanned at high resolution, carefully placed for aesthetics, one card at a time, and then meticulously lightened and colorized in a sepia tone to balance out the contrast of the image.<\/span><\/p>\n<p dir=\"ltr\" data-placeholder=\"\u00d6vers\u00e4ttning\">STANDARD EDITION:<\/p>\n<ul>\n<li>Linen card stock replica book cover around the tuck<\/li>\n<li>Gold foil embossed printing on cover and spine<\/li>\n<li>52 custom Erdnase illustrated cards with elegant green metallic backs<\/li>\n<\/ul>\n<p> [&#8230;]<\/p>\n<p><a class=\"btn btn-secondary understrap-read-more-link\" href=\"https:\/\/kortleksbolaget.se\/no\/produkt\/fig-25-standard-edition\/\">Les mer&#8230;<span class=\"screen-reader-text\"> from Fig. 25 Standard Edition<\/span><\/a><\/p>\n","protected":false},"featured_media":68790,"template":"","meta":{"_acf_changed":false},"product_brand":[],"product_cat":[232],"product_tag":[],"class_list":{"0":"post-68800","1":"product","2":"type-product","3":"status-publish","4":"has-post-thumbnail","6":"varumarke-uspcc-no","7":"product_cat-special-lyx-limited-no","9":"first","10":"outofstock","11":"taxable","12":"shipping-taxable","13":"purchasable","14":"product-type-simple"},"acf":[],"yoast_head":"<!-- This site is optimized with the Yoast SEO plugin v27.5 - https:\/\/yoast.com\/product\/yoast-seo-wordpress\/ -->\n<title>Kortlek Fig. 25 Standard Edition | Kortleksbolaget<\/title>\n<meta name=\"description\" content=\"K\u00f6p Fig. 25 Standard Edition. Snabba leveranser &amp; bra priser. Sveriges st\u00f6rsta sortiment av kortlekar p\u00e5 Kortleksbolaget!\" \/>\n<meta name=\"robots\" content=\"index, follow, max-snippet:-1, max-image-preview:large, max-video-preview:-1\" \/>\n<link rel=\"canonical\" href=\"https:\/\/kortleksbolaget.se\/no\/produkt\/fig-25-standard-edition\/\" \/>\n<meta property=\"og:locale\" content=\"nb_NO\" \/>\n<meta property=\"og:type\" content=\"article\" \/>\n<meta property=\"og:title\" content=\"Kortlek Fig. 25 Standard Edition | Kortleksbolaget\" \/>\n<meta property=\"og:description\" content=\"K\u00f6p Fig. 25 Standard Edition. Snabba leveranser &amp; bra priser. Sveriges st\u00f6rsta sortiment av kortlekar p\u00e5 Kortleksbolaget!\" \/>\n<meta property=\"og:url\" content=\"https:\/\/kortleksbolaget.se\/no\/produkt\/fig-25-standard-edition\/\" \/>\n<meta property=\"og:site_name\" content=\"Kortleksbolaget\" \/>\n<meta property=\"article:modified_time\" content=\"2022-12-15T19:42:27+00:00\" \/>\n<meta property=\"og:image\" content=\"https:\/\/kortleksbolaget.se\/wp-content\/uploads\/the-expert-at-the-card-table.jpg\" \/>\n\t<meta property=\"og:image:width\" content=\"525\" \/>\n\t<meta property=\"og:image:height\" content=\"788\" \/>\n\t<meta property=\"og:image:type\" content=\"image\/jpeg\" \/>\n<meta name=\"twitter:card\" content=\"summary_large_image\" \/>\n<script type=\"application\/ld+json\" class=\"yoast-schema-graph\">{\"@context\":\"https:\\\/\\\/schema.org\",\"@graph\":[{\"@type\":\"WebPage\",\"@id\":\"https:\\\/\\\/kortleksbolaget.se\\\/no\\\/produkt\\\/fig-25-standard-edition\\\/\",\"url\":\"https:\\\/\\\/kortleksbolaget.se\\\/no\\\/produkt\\\/fig-25-standard-edition\\\/\",\"name\":\"Kortlek Fig. 25 Standard Edition | Kortleksbolaget\",\"isPartOf\":{\"@id\":\"https:\\\/\\\/kortleksbolaget.se\\\/no\\\/#website\"},\"primaryImageOfPage\":{\"@id\":\"https:\\\/\\\/kortleksbolaget.se\\\/no\\\/produkt\\\/fig-25-standard-edition\\\/#primaryimage\"},\"image\":{\"@id\":\"https:\\\/\\\/kortleksbolaget.se\\\/no\\\/produkt\\\/fig-25-standard-edition\\\/#primaryimage\"},\"thumbnailUrl\":\"https:\\\/\\\/kortleksbolaget.se\\\/wp-content\\\/uploads\\\/the-expert-at-the-card-table.jpg\",\"datePublished\":\"2021-11-30T22:10:16+00:00\",\"dateModified\":\"2022-12-15T19:42:27+00:00\",\"description\":\"K\u00f6p Fig. 25 Standard Edition. Snabba leveranser & bra priser. Sveriges st\u00f6rsta sortiment av kortlekar p\u00e5 Kortleksbolaget!\",\"breadcrumb\":{\"@id\":\"https:\\\/\\\/kortleksbolaget.se\\\/no\\\/produkt\\\/fig-25-standard-edition\\\/#breadcrumb\"},\"inLanguage\":\"nb-NO\",\"potentialAction\":[{\"@type\":\"ReadAction\",\"target\":[\"https:\\\/\\\/kortleksbolaget.se\\\/no\\\/produkt\\\/fig-25-standard-edition\\\/\"]}]},{\"@type\":\"ImageObject\",\"inLanguage\":\"nb-NO\",\"@id\":\"https:\\\/\\\/kortleksbolaget.se\\\/no\\\/produkt\\\/fig-25-standard-edition\\\/#primaryimage\",\"url\":\"https:\\\/\\\/kortleksbolaget.se\\\/wp-content\\\/uploads\\\/the-expert-at-the-card-table.jpg\",\"contentUrl\":\"https:\\\/\\\/kortleksbolaget.se\\\/wp-content\\\/uploads\\\/the-expert-at-the-card-table.jpg\",\"width\":525,\"height\":788},{\"@type\":\"BreadcrumbList\",\"@id\":\"https:\\\/\\\/kortleksbolaget.se\\\/no\\\/produkt\\\/fig-25-standard-edition\\\/#breadcrumb\",\"itemListElement\":[{\"@type\":\"ListItem\",\"position\":1,\"name\":\"Hem\",\"item\":\"https:\\\/\\\/kortleksbolaget.se\\\/no\\\/\"},{\"@type\":\"ListItem\",\"position\":2,\"name\":\"Alle Kortstokker\",\"item\":\"https:\\\/\\\/kortleksbolaget.se\\\/no\\\/alla-produkter\\\/\"},{\"@type\":\"ListItem\",\"position\":3,\"name\":\"Fig. 25 Standard Edition\"}]},{\"@type\":\"WebSite\",\"@id\":\"https:\\\/\\\/kortleksbolaget.se\\\/no\\\/#website\",\"url\":\"https:\\\/\\\/kortleksbolaget.se\\\/no\\\/\",\"name\":\"Kortleksbolaget\",\"description\":\"Kortlekar p\u00e5 n\u00e4tet\",\"publisher\":{\"@id\":\"https:\\\/\\\/kortleksbolaget.se\\\/no\\\/#organization\"},\"potentialAction\":[{\"@type\":\"SearchAction\",\"target\":{\"@type\":\"EntryPoint\",\"urlTemplate\":\"https:\\\/\\\/kortleksbolaget.se\\\/no\\\/?s={search_term_string}\"},\"query-input\":{\"@type\":\"PropertyValueSpecification\",\"valueRequired\":true,\"valueName\":\"search_term_string\"}}],\"inLanguage\":\"nb-NO\"},{\"@type\":\"Organization\",\"@id\":\"https:\\\/\\\/kortleksbolaget.se\\\/no\\\/#organization\",\"name\":\"Kortleksbolaget\",\"url\":\"https:\\\/\\\/kortleksbolaget.se\\\/no\\\/\",\"logo\":{\"@type\":\"ImageObject\",\"inLanguage\":\"nb-NO\",\"@id\":\"https:\\\/\\\/kortleksbolaget.se\\\/no\\\/#\\\/schema\\\/logo\\\/image\\\/\",\"url\":\"https:\\\/\\\/kortleksbolaget.se\\\/wp-content\\\/uploads\\\/kortleksbolaget_logo-svart.png\",\"contentUrl\":\"https:\\\/\\\/kortleksbolaget.se\\\/wp-content\\\/uploads\\\/kortleksbolaget_logo-svart.png\",\"width\":1200,\"height\":296,\"caption\":\"Kortleksbolaget\"},\"image\":{\"@id\":\"https:\\\/\\\/kortleksbolaget.se\\\/no\\\/#\\\/schema\\\/logo\\\/image\\\/\"}}]}<\/script>\n<!-- \/ Yoast SEO plugin. -->","yoast_head_json":{"title":"Kortlek Fig. 25 Standard Edition | Kortleksbolaget","description":"K\u00f6p Fig. 25 Standard Edition. Snabba leveranser & bra priser. Sveriges st\u00f6rsta sortiment av kortlekar p\u00e5 Kortleksbolaget!","robots":{"index":"index","follow":"follow","max-snippet":"max-snippet:-1","max-image-preview":"max-image-preview:large","max-video-preview":"max-video-preview:-1"},"canonical":"https:\/\/kortleksbolaget.se\/no\/produkt\/fig-25-standard-edition\/","og_locale":"nb_NO","og_type":"article","og_title":"Kortlek Fig. 25 Standard Edition | Kortleksbolaget","og_description":"K\u00f6p Fig. 25 Standard Edition. Snabba leveranser & bra priser. Sveriges st\u00f6rsta sortiment av kortlekar p\u00e5 Kortleksbolaget!","og_url":"https:\/\/kortleksbolaget.se\/no\/produkt\/fig-25-standard-edition\/","og_site_name":"Kortleksbolaget","article_modified_time":"2022-12-15T19:42:27+00:00","og_image":[{"width":525,"height":788,"url":"https:\/\/kortleksbolaget.se\/wp-content\/uploads\/the-expert-at-the-card-table.jpg","type":"image\/jpeg"}],"twitter_card":"summary_large_image","schema":{"@context":"https:\/\/schema.org","@graph":[{"@type":"WebPage","@id":"https:\/\/kortleksbolaget.se\/no\/produkt\/fig-25-standard-edition\/","url":"https:\/\/kortleksbolaget.se\/no\/produkt\/fig-25-standard-edition\/","name":"Kortlek Fig. 25 Standard Edition | Kortleksbolaget","isPartOf":{"@id":"https:\/\/kortleksbolaget.se\/no\/#website"},"primaryImageOfPage":{"@id":"https:\/\/kortleksbolaget.se\/no\/produkt\/fig-25-standard-edition\/#primaryimage"},"image":{"@id":"https:\/\/kortleksbolaget.se\/no\/produkt\/fig-25-standard-edition\/#primaryimage"},"thumbnailUrl":"https:\/\/kortleksbolaget.se\/wp-content\/uploads\/the-expert-at-the-card-table.jpg","datePublished":"2021-11-30T22:10:16+00:00","dateModified":"2022-12-15T19:42:27+00:00","description":"K\u00f6p Fig. 25 Standard Edition. Snabba leveranser & bra priser. Sveriges st\u00f6rsta sortiment av kortlekar p\u00e5 Kortleksbolaget!","breadcrumb":{"@id":"https:\/\/kortleksbolaget.se\/no\/produkt\/fig-25-standard-edition\/#breadcrumb"},"inLanguage":"nb-NO","potentialAction":[{"@type":"ReadAction","target":["https:\/\/kortleksbolaget.se\/no\/produkt\/fig-25-standard-edition\/"]}]},{"@type":"ImageObject","inLanguage":"nb-NO","@id":"https:\/\/kortleksbolaget.se\/no\/produkt\/fig-25-standard-edition\/#primaryimage","url":"https:\/\/kortleksbolaget.se\/wp-content\/uploads\/the-expert-at-the-card-table.jpg","contentUrl":"https:\/\/kortleksbolaget.se\/wp-content\/uploads\/the-expert-at-the-card-table.jpg","width":525,"height":788},{"@type":"BreadcrumbList","@id":"https:\/\/kortleksbolaget.se\/no\/produkt\/fig-25-standard-edition\/#breadcrumb","itemListElement":[{"@type":"ListItem","position":1,"name":"Hem","item":"https:\/\/kortleksbolaget.se\/no\/"},{"@type":"ListItem","position":2,"name":"Alle Kortstokker","item":"https:\/\/kortleksbolaget.se\/no\/alla-produkter\/"},{"@type":"ListItem","position":3,"name":"Fig. 25 Standard Edition"}]},{"@type":"WebSite","@id":"https:\/\/kortleksbolaget.se\/no\/#website","url":"https:\/\/kortleksbolaget.se\/no\/","name":"Kortleksbolaget","description":"Kortlekar p\u00e5 n\u00e4tet","publisher":{"@id":"https:\/\/kortleksbolaget.se\/no\/#organization"},"potentialAction":[{"@type":"SearchAction","target":{"@type":"EntryPoint","urlTemplate":"https:\/\/kortleksbolaget.se\/no\/?s={search_term_string}"},"query-input":{"@type":"PropertyValueSpecification","valueRequired":true,"valueName":"search_term_string"}}],"inLanguage":"nb-NO"},{"@type":"Organization","@id":"https:\/\/kortleksbolaget.se\/no\/#organization","name":"Kortleksbolaget","url":"https:\/\/kortleksbolaget.se\/no\/","logo":{"@type":"ImageObject","inLanguage":"nb-NO","@id":"https:\/\/kortleksbolaget.se\/no\/#\/schema\/logo\/image\/","url":"https:\/\/kortleksbolaget.se\/wp-content\/uploads\/kortleksbolaget_logo-svart.png","contentUrl":"https:\/\/kortleksbolaget.se\/wp-content\/uploads\/kortleksbolaget_logo-svart.png","width":1200,"height":296,"caption":"Kortleksbolaget"},"image":{"@id":"https:\/\/kortleksbolaget.se\/no\/#\/schema\/logo\/image\/"}}]}},"_links":{"self":[{"href":"https:\/\/kortleksbolaget.se\/no\/wp-json\/wp\/v2\/product\/68800","targetHints":{"allow":["GET"]}}],"collection":[{"href":"https:\/\/kortleksbolaget.se\/no\/wp-json\/wp\/v2\/product"}],"about":[{"href":"https:\/\/kortleksbolaget.se\/no\/wp-json\/wp\/v2\/types\/product"}],"wp:featuredmedia":[{"embeddable":true,"href":"https:\/\/kortleksbolaget.se\/no\/wp-json\/wp\/v2\/media\/68790"}],"wp:attachment":[{"href":"https:\/\/kortleksbolaget.se\/no\/wp-json\/wp\/v2\/media?parent=68800"}],"wp:term":[{"taxonomy":"product_brand","embeddable":true,"href":"https:\/\/kortleksbolaget.se\/no\/wp-json\/wp\/v2\/product_brand?post=68800"},{"taxonomy":"product_cat","embeddable":true,"href":"https:\/\/kortleksbolaget.se\/no\/wp-json\/wp\/v2\/product_cat?post=68800"},{"taxonomy":"product_tag","embeddable":true,"href":"https:\/\/kortleksbolaget.se\/no\/wp-json\/wp\/v2\/product_tag?post=68800"}],"curies":[{"name":"wp","href":"https:\/\/api.w.org\/{rel}","templated":true}]}}