{"id":68892,"date":"2021-12-01T13:36:54","date_gmt":"2021-12-01T12:36:54","guid":{"rendered":"https:\/\/kortleksbolaget.se\/produkt\/bicycle-bridge-large-print\/"},"modified":"2024-03-02T21:28:42","modified_gmt":"2024-03-02T20:28:42","slug":"bicycle-bridge-large-print","status":"publish","type":"product","link":"https:\/\/kortleksbolaget.se\/no\/produkt\/bicycle-bridge-large-print\/","title":{"rendered":"Bicycle Bridge Large Print"},"content":{"rendered":"","protected":false},"excerpt":{"rendered":"<p id=\"tw-target-text\" class=\"tw-data-text tw-text-large tw-ta\" dir=\"ltr\" data-placeholder=\"\u00d6vers\u00e4ttning\"><span class=\"Y2IQFc\" lang=\"sv\"><b>Bicycle Large Print Deck<\/b> makes it easy to identify any card in the deck.<\/p>\n<p>The larger fonts and pips on these cards make them easy to read for anyone with vision impairment-and their smaller size (think Bridge cards) makes them easy to hold. In addition to ease of reading, the large print size makes them ideal for teaching young children card games.<\/p>\n<p>The <b>Bicycle Large Print Deck<\/b> contains original artwork on the front of each card and the court cards. Made in the USA at The United States Playing Card Company on premium stock with a quality finish.<\/span><\/p>\n<p> [&#8230;]<\/p>\n<p><a class=\"btn btn-secondary understrap-read-more-link\" href=\"https:\/\/kortleksbolaget.se\/no\/produkt\/bicycle-bridge-large-print\/\">Les mer&#8230;<span class=\"screen-reader-text\"> from Bicycle Bridge Large Print<\/span><\/a><\/p>\n","protected":false},"featured_media":68887,"template":"","meta":{"_acf_changed":false},"product_brand":[],"product_cat":[234],"product_tag":[],"class_list":{"0":"post-68892","1":"product","2":"type-product","3":"status-publish","4":"has-post-thumbnail","6":"varumarke-bicycle-no","7":"varumarke-uspcc-no","8":"product_cat-standard-no","10":"first","11":"outofstock","12":"taxable","13":"shipping-taxable","14":"purchasable","15":"product-type-simple"},"acf":[],"yoast_head":"<!-- This site is optimized with the Yoast SEO plugin v27.5 - https:\/\/yoast.com\/product\/yoast-seo-wordpress\/ -->\n<title>Kortlek Bicycle Bridge Large Print | Kortleksbolaget<\/title>\n<meta name=\"description\" content=\"K\u00f6p Bicycle Bridge Large Print. Snabba leveranser &amp; bra priser. Sveriges st\u00f6rsta sortiment av kortlekar p\u00e5 Kortleksbolaget!\" \/>\n<meta name=\"robots\" content=\"index, follow, max-snippet:-1, max-image-preview:large, max-video-preview:-1\" \/>\n<link rel=\"canonical\" href=\"https:\/\/kortleksbolaget.se\/no\/produkt\/bicycle-bridge-large-print\/\" \/>\n<meta property=\"og:locale\" content=\"nb_NO\" \/>\n<meta property=\"og:type\" content=\"article\" \/>\n<meta property=\"og:title\" content=\"Kortlek Bicycle Bridge Large Print | Kortleksbolaget\" \/>\n<meta property=\"og:description\" content=\"K\u00f6p Bicycle Bridge Large Print. Snabba leveranser &amp; bra priser. Sveriges st\u00f6rsta sortiment av kortlekar p\u00e5 Kortleksbolaget!\" \/>\n<meta property=\"og:url\" content=\"https:\/\/kortleksbolaget.se\/no\/produkt\/bicycle-bridge-large-print\/\" \/>\n<meta property=\"og:site_name\" content=\"Kortleksbolaget\" \/>\n<meta property=\"article:modified_time\" content=\"2024-03-02T20:28:42+00:00\" \/>\n<meta property=\"og:image\" content=\"https:\/\/kortleksbolaget.se\/wp-content\/uploads\/bicycle-large-print-1.jpg\" \/>\n\t<meta property=\"og:image:width\" content=\"524\" \/>\n\t<meta property=\"og:image:height\" content=\"786\" \/>\n\t<meta property=\"og:image:type\" content=\"image\/jpeg\" \/>\n<meta name=\"twitter:card\" content=\"summary_large_image\" \/>\n<script type=\"application\/ld+json\" class=\"yoast-schema-graph\">{\"@context\":\"https:\\\/\\\/schema.org\",\"@graph\":[{\"@type\":\"WebPage\",\"@id\":\"https:\\\/\\\/kortleksbolaget.se\\\/no\\\/produkt\\\/bicycle-bridge-large-print\\\/\",\"url\":\"https:\\\/\\\/kortleksbolaget.se\\\/no\\\/produkt\\\/bicycle-bridge-large-print\\\/\",\"name\":\"Kortlek Bicycle Bridge Large Print | Kortleksbolaget\",\"isPartOf\":{\"@id\":\"https:\\\/\\\/kortleksbolaget.se\\\/no\\\/#website\"},\"primaryImageOfPage\":{\"@id\":\"https:\\\/\\\/kortleksbolaget.se\\\/no\\\/produkt\\\/bicycle-bridge-large-print\\\/#primaryimage\"},\"image\":{\"@id\":\"https:\\\/\\\/kortleksbolaget.se\\\/no\\\/produkt\\\/bicycle-bridge-large-print\\\/#primaryimage\"},\"thumbnailUrl\":\"https:\\\/\\\/kortleksbolaget.se\\\/wp-content\\\/uploads\\\/bicycle-large-print-1.jpg\",\"datePublished\":\"2021-12-01T12:36:54+00:00\",\"dateModified\":\"2024-03-02T20:28:42+00:00\",\"description\":\"K\u00f6p Bicycle Bridge Large Print. Snabba leveranser & bra priser. Sveriges st\u00f6rsta sortiment av kortlekar p\u00e5 Kortleksbolaget!\",\"breadcrumb\":{\"@id\":\"https:\\\/\\\/kortleksbolaget.se\\\/no\\\/produkt\\\/bicycle-bridge-large-print\\\/#breadcrumb\"},\"inLanguage\":\"nb-NO\",\"potentialAction\":[{\"@type\":\"ReadAction\",\"target\":[\"https:\\\/\\\/kortleksbolaget.se\\\/no\\\/produkt\\\/bicycle-bridge-large-print\\\/\"]}]},{\"@type\":\"ImageObject\",\"inLanguage\":\"nb-NO\",\"@id\":\"https:\\\/\\\/kortleksbolaget.se\\\/no\\\/produkt\\\/bicycle-bridge-large-print\\\/#primaryimage\",\"url\":\"https:\\\/\\\/kortleksbolaget.se\\\/wp-content\\\/uploads\\\/bicycle-large-print-1.jpg\",\"contentUrl\":\"https:\\\/\\\/kortleksbolaget.se\\\/wp-content\\\/uploads\\\/bicycle-large-print-1.jpg\",\"width\":524,\"height\":786},{\"@type\":\"BreadcrumbList\",\"@id\":\"https:\\\/\\\/kortleksbolaget.se\\\/no\\\/produkt\\\/bicycle-bridge-large-print\\\/#breadcrumb\",\"itemListElement\":[{\"@type\":\"ListItem\",\"position\":1,\"name\":\"Hem\",\"item\":\"https:\\\/\\\/kortleksbolaget.se\\\/no\\\/\"},{\"@type\":\"ListItem\",\"position\":2,\"name\":\"Alle Kortstokker\",\"item\":\"https:\\\/\\\/kortleksbolaget.se\\\/no\\\/alla-produkter\\\/\"},{\"@type\":\"ListItem\",\"position\":3,\"name\":\"Bicycle Bridge Large Print\"}]},{\"@type\":\"WebSite\",\"@id\":\"https:\\\/\\\/kortleksbolaget.se\\\/no\\\/#website\",\"url\":\"https:\\\/\\\/kortleksbolaget.se\\\/no\\\/\",\"name\":\"Kortleksbolaget\",\"description\":\"Kortlekar p\u00e5 n\u00e4tet\",\"publisher\":{\"@id\":\"https:\\\/\\\/kortleksbolaget.se\\\/no\\\/#organization\"},\"potentialAction\":[{\"@type\":\"SearchAction\",\"target\":{\"@type\":\"EntryPoint\",\"urlTemplate\":\"https:\\\/\\\/kortleksbolaget.se\\\/no\\\/?s={search_term_string}\"},\"query-input\":{\"@type\":\"PropertyValueSpecification\",\"valueRequired\":true,\"valueName\":\"search_term_string\"}}],\"inLanguage\":\"nb-NO\"},{\"@type\":\"Organization\",\"@id\":\"https:\\\/\\\/kortleksbolaget.se\\\/no\\\/#organization\",\"name\":\"Kortleksbolaget\",\"url\":\"https:\\\/\\\/kortleksbolaget.se\\\/no\\\/\",\"logo\":{\"@type\":\"ImageObject\",\"inLanguage\":\"nb-NO\",\"@id\":\"https:\\\/\\\/kortleksbolaget.se\\\/no\\\/#\\\/schema\\\/logo\\\/image\\\/\",\"url\":\"https:\\\/\\\/kortleksbolaget.se\\\/wp-content\\\/uploads\\\/kortleksbolaget_logo-svart.png\",\"contentUrl\":\"https:\\\/\\\/kortleksbolaget.se\\\/wp-content\\\/uploads\\\/kortleksbolaget_logo-svart.png\",\"width\":1200,\"height\":296,\"caption\":\"Kortleksbolaget\"},\"image\":{\"@id\":\"https:\\\/\\\/kortleksbolaget.se\\\/no\\\/#\\\/schema\\\/logo\\\/image\\\/\"}}]}<\/script>\n<!-- \/ Yoast SEO plugin. -->","yoast_head_json":{"title":"Kortlek Bicycle Bridge Large Print | Kortleksbolaget","description":"K\u00f6p Bicycle Bridge Large Print. Snabba leveranser & bra priser. Sveriges st\u00f6rsta sortiment av kortlekar p\u00e5 Kortleksbolaget!","robots":{"index":"index","follow":"follow","max-snippet":"max-snippet:-1","max-image-preview":"max-image-preview:large","max-video-preview":"max-video-preview:-1"},"canonical":"https:\/\/kortleksbolaget.se\/no\/produkt\/bicycle-bridge-large-print\/","og_locale":"nb_NO","og_type":"article","og_title":"Kortlek Bicycle Bridge Large Print | Kortleksbolaget","og_description":"K\u00f6p Bicycle Bridge Large Print. Snabba leveranser & bra priser. Sveriges st\u00f6rsta sortiment av kortlekar p\u00e5 Kortleksbolaget!","og_url":"https:\/\/kortleksbolaget.se\/no\/produkt\/bicycle-bridge-large-print\/","og_site_name":"Kortleksbolaget","article_modified_time":"2024-03-02T20:28:42+00:00","og_image":[{"width":524,"height":786,"url":"https:\/\/kortleksbolaget.se\/wp-content\/uploads\/bicycle-large-print-1.jpg","type":"image\/jpeg"}],"twitter_card":"summary_large_image","schema":{"@context":"https:\/\/schema.org","@graph":[{"@type":"WebPage","@id":"https:\/\/kortleksbolaget.se\/no\/produkt\/bicycle-bridge-large-print\/","url":"https:\/\/kortleksbolaget.se\/no\/produkt\/bicycle-bridge-large-print\/","name":"Kortlek Bicycle Bridge Large Print | Kortleksbolaget","isPartOf":{"@id":"https:\/\/kortleksbolaget.se\/no\/#website"},"primaryImageOfPage":{"@id":"https:\/\/kortleksbolaget.se\/no\/produkt\/bicycle-bridge-large-print\/#primaryimage"},"image":{"@id":"https:\/\/kortleksbolaget.se\/no\/produkt\/bicycle-bridge-large-print\/#primaryimage"},"thumbnailUrl":"https:\/\/kortleksbolaget.se\/wp-content\/uploads\/bicycle-large-print-1.jpg","datePublished":"2021-12-01T12:36:54+00:00","dateModified":"2024-03-02T20:28:42+00:00","description":"K\u00f6p Bicycle Bridge Large Print. Snabba leveranser & bra priser. Sveriges st\u00f6rsta sortiment av kortlekar p\u00e5 Kortleksbolaget!","breadcrumb":{"@id":"https:\/\/kortleksbolaget.se\/no\/produkt\/bicycle-bridge-large-print\/#breadcrumb"},"inLanguage":"nb-NO","potentialAction":[{"@type":"ReadAction","target":["https:\/\/kortleksbolaget.se\/no\/produkt\/bicycle-bridge-large-print\/"]}]},{"@type":"ImageObject","inLanguage":"nb-NO","@id":"https:\/\/kortleksbolaget.se\/no\/produkt\/bicycle-bridge-large-print\/#primaryimage","url":"https:\/\/kortleksbolaget.se\/wp-content\/uploads\/bicycle-large-print-1.jpg","contentUrl":"https:\/\/kortleksbolaget.se\/wp-content\/uploads\/bicycle-large-print-1.jpg","width":524,"height":786},{"@type":"BreadcrumbList","@id":"https:\/\/kortleksbolaget.se\/no\/produkt\/bicycle-bridge-large-print\/#breadcrumb","itemListElement":[{"@type":"ListItem","position":1,"name":"Hem","item":"https:\/\/kortleksbolaget.se\/no\/"},{"@type":"ListItem","position":2,"name":"Alle Kortstokker","item":"https:\/\/kortleksbolaget.se\/no\/alla-produkter\/"},{"@type":"ListItem","position":3,"name":"Bicycle Bridge Large Print"}]},{"@type":"WebSite","@id":"https:\/\/kortleksbolaget.se\/no\/#website","url":"https:\/\/kortleksbolaget.se\/no\/","name":"Kortleksbolaget","description":"Kortlekar p\u00e5 n\u00e4tet","publisher":{"@id":"https:\/\/kortleksbolaget.se\/no\/#organization"},"potentialAction":[{"@type":"SearchAction","target":{"@type":"EntryPoint","urlTemplate":"https:\/\/kortleksbolaget.se\/no\/?s={search_term_string}"},"query-input":{"@type":"PropertyValueSpecification","valueRequired":true,"valueName":"search_term_string"}}],"inLanguage":"nb-NO"},{"@type":"Organization","@id":"https:\/\/kortleksbolaget.se\/no\/#organization","name":"Kortleksbolaget","url":"https:\/\/kortleksbolaget.se\/no\/","logo":{"@type":"ImageObject","inLanguage":"nb-NO","@id":"https:\/\/kortleksbolaget.se\/no\/#\/schema\/logo\/image\/","url":"https:\/\/kortleksbolaget.se\/wp-content\/uploads\/kortleksbolaget_logo-svart.png","contentUrl":"https:\/\/kortleksbolaget.se\/wp-content\/uploads\/kortleksbolaget_logo-svart.png","width":1200,"height":296,"caption":"Kortleksbolaget"},"image":{"@id":"https:\/\/kortleksbolaget.se\/no\/#\/schema\/logo\/image\/"}}]}},"_links":{"self":[{"href":"https:\/\/kortleksbolaget.se\/no\/wp-json\/wp\/v2\/product\/68892","targetHints":{"allow":["GET"]}}],"collection":[{"href":"https:\/\/kortleksbolaget.se\/no\/wp-json\/wp\/v2\/product"}],"about":[{"href":"https:\/\/kortleksbolaget.se\/no\/wp-json\/wp\/v2\/types\/product"}],"wp:featuredmedia":[{"embeddable":true,"href":"https:\/\/kortleksbolaget.se\/no\/wp-json\/wp\/v2\/media\/68887"}],"wp:attachment":[{"href":"https:\/\/kortleksbolaget.se\/no\/wp-json\/wp\/v2\/media?parent=68892"}],"wp:term":[{"taxonomy":"product_brand","embeddable":true,"href":"https:\/\/kortleksbolaget.se\/no\/wp-json\/wp\/v2\/product_brand?post=68892"},{"taxonomy":"product_cat","embeddable":true,"href":"https:\/\/kortleksbolaget.se\/no\/wp-json\/wp\/v2\/product_cat?post=68892"},{"taxonomy":"product_tag","embeddable":true,"href":"https:\/\/kortleksbolaget.se\/no\/wp-json\/wp\/v2\/product_tag?post=68892"}],"curies":[{"name":"wp","href":"https:\/\/api.w.org\/{rel}","templated":true}]}}