{"id":73142,"date":"2021-12-27T16:06:36","date_gmt":"2021-12-27T15:06:36","guid":{"rendered":"https:\/\/kortleksbolaget.se\/produkt\/harry-potter-red-gryffindor\/"},"modified":"2025-02-04T09:18:08","modified_gmt":"2025-02-04T08:18:08","slug":"harry-potter-red-gryffindor","status":"publish","type":"product","link":"https:\/\/kortleksbolaget.se\/no\/produkt\/harry-potter-red-gryffindor\/","title":{"rendered":"Harry Potter Red Gryffindor"},"content":{"rendered":"","protected":false},"excerpt":{"rendered":"<p>Dine favorittkarakterer vekket til live<\/p>\n<p><strong>F\u00f8rsteklasses spillekort<\/strong> av theory11 med alle favorittkarakterene dine i fire trollbindende fargeutgaver, som representerer de fire husene til Galtvort: Gryffindor, Slytherin, Ravenclaw og Hufflepuff! Gjenopplev de mest minneverdige \u00f8yeblikkene i den ikoniske serien hver gang kortene tas frem for spill.<\/p>\n<p>Den ytre emballasjen<br \/>\nHANTASTISK DESIGN<\/p>\n<p>Den ytre emballasjen er rett og slett magisk. Overd\u00e5dig, utsmykket gullfolie. Sl\u00e5ende husfargede folieaksenter. N\u00f8yaktig, ultra-detaljert preging. En boks som er luksuri\u00f8s \u00e5 ta p\u00e5 og \u00f8ynene i alle vinkler.<\/p>\n<p>Harry Potters verden i dine hender<br \/>\nFavorittkarakterene dine har blitt vekket til live! Harry holder stolt den gyldne snikk og sin Nimbus 2000. Voldemort bruker tryllestaven sin laget av barlind. Snape underviser i Potions-klassen med l\u00e6reboken sin Advanced Potion Making. Luna Lovegood har sine karakteristiske Spectrespecs, sammen med mange flere karakterer!<\/p>\n<p>Uovertruffen utskriftskvalitet<br \/>\nLAGET I AMERIKA<\/p>\n<p>theory11 produserer verdens fineste spillkort. Selve kortene er laget i USA &#8211; trykt p\u00e5 FSC-sertifisert papir avledet fra b\u00e6rekraftige skoger, gr\u00f8nnsaksbasert blekk og stivelsesbaserte laminater.<\/p>\n<p>Innsiden og ut<br \/>\nHELT TILPASSET KUNSTVERK<\/p>\n<p><strong>Harry Potter-spillekort<\/strong> har fullstendig tilpassede kunstverk i alle aspekter av designet, med ess, jokere, boksdesign og banekort inspirert direkte av fan-favorittkarakterer og hendelser i Wizarding World.<\/p>\n<p>En magisk feiring<br \/>\nAV Trollmannsverdenen<\/p>\n<p>Harry Potter-spillekort er den perfekte hyllest til trollmannsverdenen. Fra De vises stein til D\u00f8dstalismanene, f\u00f8lg og opplev historien og dens ikoniske \u00f8yeblikk hver gang de holdes i hendene dine. [&#8230;]<\/p>\n<p><a class=\"btn btn-secondary understrap-read-more-link\" href=\"https:\/\/kortleksbolaget.se\/no\/produkt\/harry-potter-red-gryffindor\/\">Les mer&#8230;<span class=\"screen-reader-text\"> from Harry Potter Red Gryffindor<\/span><\/a><\/p>\n","protected":false},"featured_media":73126,"template":"","meta":{"_acf_changed":false},"product_brand":[],"product_cat":[232],"product_tag":[],"class_list":{"0":"post-73142","1":"product","2":"type-product","3":"status-publish","4":"has-post-thumbnail","6":"varumarke-theory11-no","7":"varumarke-uspcc-no","8":"product_cat-special-lyx-limited-no","10":"first","11":"instock","12":"taxable","13":"shipping-taxable","14":"purchasable","15":"product-type-simple"},"acf":[],"yoast_head":"<!-- This site is optimized with the Yoast SEO plugin v26.3 - https:\/\/yoast.com\/wordpress\/plugins\/seo\/ -->\n<title>Kortlek Harry Potter Red Gryffindor | Kortleksbolaget<\/title>\n<meta name=\"description\" content=\"K\u00f6p Harry Potter Red Gryffindor. Snabba leveranser &amp; bra priser. Sveriges st\u00f6rsta sortiment av kortlekar p\u00e5 Kortleksbolaget!\" \/>\n<meta name=\"robots\" content=\"index, follow, max-snippet:-1, max-image-preview:large, max-video-preview:-1\" \/>\n<link rel=\"canonical\" href=\"https:\/\/kortleksbolaget.se\/no\/produkt\/harry-potter-red-gryffindor\/\" \/>\n<meta property=\"og:locale\" content=\"nb_NO\" \/>\n<meta property=\"og:type\" content=\"article\" \/>\n<meta property=\"og:title\" content=\"Kortlek Harry Potter Red Gryffindor | Kortleksbolaget\" \/>\n<meta property=\"og:description\" content=\"K\u00f6p Harry Potter Red Gryffindor. Snabba leveranser &amp; bra priser. Sveriges st\u00f6rsta sortiment av kortlekar p\u00e5 Kortleksbolaget!\" \/>\n<meta property=\"og:url\" content=\"https:\/\/kortleksbolaget.se\/no\/produkt\/harry-potter-red-gryffindor\/\" \/>\n<meta property=\"og:site_name\" content=\"Kortleksbolaget\" \/>\n<meta property=\"article:modified_time\" content=\"2025-02-04T08:18:08+00:00\" \/>\n<meta property=\"og:image\" content=\"https:\/\/kortleksbolaget.se\/wp-content\/uploads\/red-harry-potter-1.jpg\" \/>\n\t<meta property=\"og:image:width\" content=\"519\" \/>\n\t<meta property=\"og:image:height\" content=\"779\" \/>\n\t<meta property=\"og:image:type\" content=\"image\/jpeg\" \/>\n<meta name=\"twitter:card\" content=\"summary_large_image\" \/>\n<script type=\"application\/ld+json\" class=\"yoast-schema-graph\">{\"@context\":\"https:\/\/schema.org\",\"@graph\":[{\"@type\":\"WebPage\",\"@id\":\"https:\/\/kortleksbolaget.se\/no\/produkt\/harry-potter-red-gryffindor\/\",\"url\":\"https:\/\/kortleksbolaget.se\/no\/produkt\/harry-potter-red-gryffindor\/\",\"name\":\"Kortlek Harry Potter Red Gryffindor | Kortleksbolaget\",\"isPartOf\":{\"@id\":\"https:\/\/kortleksbolaget.se\/no\/#website\"},\"primaryImageOfPage\":{\"@id\":\"https:\/\/kortleksbolaget.se\/no\/produkt\/harry-potter-red-gryffindor\/#primaryimage\"},\"image\":{\"@id\":\"https:\/\/kortleksbolaget.se\/no\/produkt\/harry-potter-red-gryffindor\/#primaryimage\"},\"thumbnailUrl\":\"https:\/\/kortleksbolaget.se\/wp-content\/uploads\/red-harry-potter-1.jpg\",\"datePublished\":\"2021-12-27T15:06:36+00:00\",\"dateModified\":\"2025-02-04T08:18:08+00:00\",\"description\":\"K\u00f6p Harry Potter Red Gryffindor. Snabba leveranser & bra priser. Sveriges st\u00f6rsta sortiment av kortlekar p\u00e5 Kortleksbolaget!\",\"breadcrumb\":{\"@id\":\"https:\/\/kortleksbolaget.se\/no\/produkt\/harry-potter-red-gryffindor\/#breadcrumb\"},\"inLanguage\":\"nb-NO\",\"potentialAction\":[{\"@type\":\"ReadAction\",\"target\":[\"https:\/\/kortleksbolaget.se\/no\/produkt\/harry-potter-red-gryffindor\/\"]}]},{\"@type\":\"ImageObject\",\"inLanguage\":\"nb-NO\",\"@id\":\"https:\/\/kortleksbolaget.se\/no\/produkt\/harry-potter-red-gryffindor\/#primaryimage\",\"url\":\"https:\/\/kortleksbolaget.se\/wp-content\/uploads\/red-harry-potter-1.jpg\",\"contentUrl\":\"https:\/\/kortleksbolaget.se\/wp-content\/uploads\/red-harry-potter-1.jpg\",\"width\":519,\"height\":779},{\"@type\":\"BreadcrumbList\",\"@id\":\"https:\/\/kortleksbolaget.se\/no\/produkt\/harry-potter-red-gryffindor\/#breadcrumb\",\"itemListElement\":[{\"@type\":\"ListItem\",\"position\":1,\"name\":\"Hem\",\"item\":\"https:\/\/kortleksbolaget.se\/no\/\"},{\"@type\":\"ListItem\",\"position\":2,\"name\":\"Alle Kortstokker\",\"item\":\"https:\/\/kortleksbolaget.se\/no\/alla-produkter\/\"},{\"@type\":\"ListItem\",\"position\":3,\"name\":\"Harry Potter Red Gryffindor\"}]},{\"@type\":\"WebSite\",\"@id\":\"https:\/\/kortleksbolaget.se\/no\/#website\",\"url\":\"https:\/\/kortleksbolaget.se\/no\/\",\"name\":\"Kortleksbolaget\",\"description\":\"Kortlekar p\u00e5 n\u00e4tet\",\"publisher\":{\"@id\":\"https:\/\/kortleksbolaget.se\/no\/#organization\"},\"potentialAction\":[{\"@type\":\"SearchAction\",\"target\":{\"@type\":\"EntryPoint\",\"urlTemplate\":\"https:\/\/kortleksbolaget.se\/no\/?s={search_term_string}\"},\"query-input\":{\"@type\":\"PropertyValueSpecification\",\"valueRequired\":true,\"valueName\":\"search_term_string\"}}],\"inLanguage\":\"nb-NO\"},{\"@type\":\"Organization\",\"@id\":\"https:\/\/kortleksbolaget.se\/no\/#organization\",\"name\":\"Kortleksbolaget\",\"url\":\"https:\/\/kortleksbolaget.se\/no\/\",\"logo\":{\"@type\":\"ImageObject\",\"inLanguage\":\"nb-NO\",\"@id\":\"https:\/\/kortleksbolaget.se\/no\/#\/schema\/logo\/image\/\",\"url\":\"https:\/\/kortleksbolaget.se\/wp-content\/uploads\/kortleksbolaget_logo-svart.png\",\"contentUrl\":\"https:\/\/kortleksbolaget.se\/wp-content\/uploads\/kortleksbolaget_logo-svart.png\",\"width\":1200,\"height\":296,\"caption\":\"Kortleksbolaget\"},\"image\":{\"@id\":\"https:\/\/kortleksbolaget.se\/no\/#\/schema\/logo\/image\/\"}}]}<\/script>\n<!-- \/ Yoast SEO plugin. -->","yoast_head_json":{"title":"Kortlek Harry Potter Red Gryffindor | Kortleksbolaget","description":"K\u00f6p Harry Potter Red Gryffindor. Snabba leveranser & bra priser. Sveriges st\u00f6rsta sortiment av kortlekar p\u00e5 Kortleksbolaget!","robots":{"index":"index","follow":"follow","max-snippet":"max-snippet:-1","max-image-preview":"max-image-preview:large","max-video-preview":"max-video-preview:-1"},"canonical":"https:\/\/kortleksbolaget.se\/no\/produkt\/harry-potter-red-gryffindor\/","og_locale":"nb_NO","og_type":"article","og_title":"Kortlek Harry Potter Red Gryffindor | Kortleksbolaget","og_description":"K\u00f6p Harry Potter Red Gryffindor. Snabba leveranser & bra priser. Sveriges st\u00f6rsta sortiment av kortlekar p\u00e5 Kortleksbolaget!","og_url":"https:\/\/kortleksbolaget.se\/no\/produkt\/harry-potter-red-gryffindor\/","og_site_name":"Kortleksbolaget","article_modified_time":"2025-02-04T08:18:08+00:00","og_image":[{"width":519,"height":779,"url":"https:\/\/kortleksbolaget.se\/wp-content\/uploads\/red-harry-potter-1.jpg","type":"image\/jpeg"}],"twitter_card":"summary_large_image","schema":{"@context":"https:\/\/schema.org","@graph":[{"@type":"WebPage","@id":"https:\/\/kortleksbolaget.se\/no\/produkt\/harry-potter-red-gryffindor\/","url":"https:\/\/kortleksbolaget.se\/no\/produkt\/harry-potter-red-gryffindor\/","name":"Kortlek Harry Potter Red Gryffindor | Kortleksbolaget","isPartOf":{"@id":"https:\/\/kortleksbolaget.se\/no\/#website"},"primaryImageOfPage":{"@id":"https:\/\/kortleksbolaget.se\/no\/produkt\/harry-potter-red-gryffindor\/#primaryimage"},"image":{"@id":"https:\/\/kortleksbolaget.se\/no\/produkt\/harry-potter-red-gryffindor\/#primaryimage"},"thumbnailUrl":"https:\/\/kortleksbolaget.se\/wp-content\/uploads\/red-harry-potter-1.jpg","datePublished":"2021-12-27T15:06:36+00:00","dateModified":"2025-02-04T08:18:08+00:00","description":"K\u00f6p Harry Potter Red Gryffindor. Snabba leveranser & bra priser. Sveriges st\u00f6rsta sortiment av kortlekar p\u00e5 Kortleksbolaget!","breadcrumb":{"@id":"https:\/\/kortleksbolaget.se\/no\/produkt\/harry-potter-red-gryffindor\/#breadcrumb"},"inLanguage":"nb-NO","potentialAction":[{"@type":"ReadAction","target":["https:\/\/kortleksbolaget.se\/no\/produkt\/harry-potter-red-gryffindor\/"]}]},{"@type":"ImageObject","inLanguage":"nb-NO","@id":"https:\/\/kortleksbolaget.se\/no\/produkt\/harry-potter-red-gryffindor\/#primaryimage","url":"https:\/\/kortleksbolaget.se\/wp-content\/uploads\/red-harry-potter-1.jpg","contentUrl":"https:\/\/kortleksbolaget.se\/wp-content\/uploads\/red-harry-potter-1.jpg","width":519,"height":779},{"@type":"BreadcrumbList","@id":"https:\/\/kortleksbolaget.se\/no\/produkt\/harry-potter-red-gryffindor\/#breadcrumb","itemListElement":[{"@type":"ListItem","position":1,"name":"Hem","item":"https:\/\/kortleksbolaget.se\/no\/"},{"@type":"ListItem","position":2,"name":"Alle Kortstokker","item":"https:\/\/kortleksbolaget.se\/no\/alla-produkter\/"},{"@type":"ListItem","position":3,"name":"Harry Potter Red Gryffindor"}]},{"@type":"WebSite","@id":"https:\/\/kortleksbolaget.se\/no\/#website","url":"https:\/\/kortleksbolaget.se\/no\/","name":"Kortleksbolaget","description":"Kortlekar p\u00e5 n\u00e4tet","publisher":{"@id":"https:\/\/kortleksbolaget.se\/no\/#organization"},"potentialAction":[{"@type":"SearchAction","target":{"@type":"EntryPoint","urlTemplate":"https:\/\/kortleksbolaget.se\/no\/?s={search_term_string}"},"query-input":{"@type":"PropertyValueSpecification","valueRequired":true,"valueName":"search_term_string"}}],"inLanguage":"nb-NO"},{"@type":"Organization","@id":"https:\/\/kortleksbolaget.se\/no\/#organization","name":"Kortleksbolaget","url":"https:\/\/kortleksbolaget.se\/no\/","logo":{"@type":"ImageObject","inLanguage":"nb-NO","@id":"https:\/\/kortleksbolaget.se\/no\/#\/schema\/logo\/image\/","url":"https:\/\/kortleksbolaget.se\/wp-content\/uploads\/kortleksbolaget_logo-svart.png","contentUrl":"https:\/\/kortleksbolaget.se\/wp-content\/uploads\/kortleksbolaget_logo-svart.png","width":1200,"height":296,"caption":"Kortleksbolaget"},"image":{"@id":"https:\/\/kortleksbolaget.se\/no\/#\/schema\/logo\/image\/"}}]}},"_links":{"self":[{"href":"https:\/\/kortleksbolaget.se\/no\/wp-json\/wp\/v2\/product\/73142","targetHints":{"allow":["GET"]}}],"collection":[{"href":"https:\/\/kortleksbolaget.se\/no\/wp-json\/wp\/v2\/product"}],"about":[{"href":"https:\/\/kortleksbolaget.se\/no\/wp-json\/wp\/v2\/types\/product"}],"wp:featuredmedia":[{"embeddable":true,"href":"https:\/\/kortleksbolaget.se\/no\/wp-json\/wp\/v2\/media\/73126"}],"wp:attachment":[{"href":"https:\/\/kortleksbolaget.se\/no\/wp-json\/wp\/v2\/media?parent=73142"}],"wp:term":[{"taxonomy":"product_brand","embeddable":true,"href":"https:\/\/kortleksbolaget.se\/no\/wp-json\/wp\/v2\/product_brand?post=73142"},{"taxonomy":"product_cat","embeddable":true,"href":"https:\/\/kortleksbolaget.se\/no\/wp-json\/wp\/v2\/product_cat?post=73142"},{"taxonomy":"product_tag","embeddable":true,"href":"https:\/\/kortleksbolaget.se\/no\/wp-json\/wp\/v2\/product_tag?post=73142"}],"curies":[{"name":"wp","href":"https:\/\/api.w.org\/{rel}","templated":true}]}}