{"id":87685,"date":"2022-05-27T15:57:38","date_gmt":"2022-05-27T13:57:38","guid":{"rendered":"https:\/\/kortleksbolaget.se\/produkt\/opticks-box-set-deck-with-online-instructions-by-harapan-ong\/"},"modified":"2022-05-27T15:57:38","modified_gmt":"2022-05-27T13:57:38","slug":"opticks-box-set-deck-with-online-instructions-by-harapan-ong","status":"publish","type":"product","link":"https:\/\/kortleksbolaget.se\/no\/produkt\/opticks-box-set-deck-with-online-instructions-by-harapan-ong\/","title":{"rendered":"Opticks Box Set (Deck with Online Instructions) by Harapan Ong"},"content":{"rendered":"","protected":false},"excerpt":{"rendered":"<div id=\"tw-target-text-container\" class=\"tw-ta-container F0azHf tw-nfl\" tabindex=\"0\">\n<p class=\"tw-data-text tw-text-large tw-ta\" dir=\"ltr\" data-placeholder=\"\u00d6vers\u00e4ttning\"><span class=\"Y2IQFc\" lang=\"sv\">An incredible collection of 26 innovative effects from the wildly-creative mind of Harapan Ong who, along with Vanishing Inc., brings you the highly-anticipated sequel to *Principia*.<\/p>\n<p>When Vanishing Inc. released *Principia*, the magic community was introduced to the creative genius of Harapan Ong. The magician from Singapore had already been an underground sensation, but this bestselling book cemented his place as one of the most innovative card magicians in the world. It continues to be one of Vanishing Inc.&#8217;s bestselling books of all time.<\/p>\n<p>Now, Harapan is back with &laquo;<b>Opticks<\/b>&laquo;, a new digital video release featuring the same style of entertaining and inventive card magic you loved from *Principia*. But, this time, instead of a book, you&#8217;ll get access to full video performances and explanations. This format enables you to better appreciate how innovative Harapan&#8217;s card magic really is.<\/p>\n<p>You&#8217;ll gain access to a video featuring 26 entertaining and powerful magic tricks that test the limits of creative card magic. There are tons of new effects, updated handlings for forgotten early underground material, as well as new performances and recordings for a few old favorites.<\/p>\n<p>&laquo;<b>Opticks<\/b>&raquo; features something for all skill levels. There is everything from complete routines to snappy color changes and moves. This practical material is explained in full detail and accompanied by full performances.<\/p>\n<p>Each download access code comes in an awesome, middle-split box that opens up to reveal a custom deck of cards designed by Stefan Eriksson and inspired by Sir Isaac Newton (a nod to Harapan&#8217;s passion for physics). You&#8217;ll also find a packet containing all the necessary gimmick cards for the routines that require them.<\/p>\n<p>What you Receive:<\/span><\/p>\n<ul>\n<li>Video explanations and full performances for 26 effects<\/li>\n<li>Limited edition deck of Newton Playing Cards printed on crushed stock by USPCC<\/li>\n<li>Gaff cards (both red and blue Bicycle backs)<\/li>\n<li>One-of-a-kind, mechanical collector&#8217;s case and display case<\/li>\n<\/ul>\n<p id=\"tw-target-text\" class=\"tw-data-text tw-text-large tw-ta\" dir=\"ltr\" data-placeholder=\"\u00d6vers\u00e4ttning\"><span class=\"Y2IQFc\" lang=\"sv\">&laquo;<b>Opticks<\/b>&raquo; is a must-own for any fan of *Principia* or truly unique card magic.<br \/>\n<\/span><\/p>\n<\/div>\n<div id=\"tw-target-rmn-container\" class=\"tw-target-rmn tw-ta-container F0azHf tw-nfl\">\n<pre id=\"tw-target-rmn\" class=\"tw-data-placeholder tw-text-small tw-ta\" dir=\"ltr\" data-placeholder=\"\"><\/pre>\n<\/div>\n<p> [&#8230;]<\/p>\n<p><a class=\"btn btn-secondary understrap-read-more-link\" href=\"https:\/\/kortleksbolaget.se\/no\/produkt\/opticks-box-set-deck-with-online-instructions-by-harapan-ong\/\">Les mer&#8230;<span class=\"screen-reader-text\"> from Opticks Box Set (Deck with Online Instructions) by Harapan Ong<\/span><\/a><\/p>\n","protected":false},"featured_media":87690,"template":"","meta":{"_acf_changed":false},"product_brand":[],"product_cat":[226],"product_tag":[],"class_list":{"0":"post-87685","1":"product","2":"type-product","3":"status-publish","4":"has-post-thumbnail","6":"varumarke-cards-by-stfn-no","7":"product_cat-magisk-no","9":"first","10":"outofstock","11":"taxable","12":"shipping-taxable","13":"purchasable","14":"product-type-simple"},"acf":[],"yoast_head":"<!-- This site is optimized with the Yoast SEO plugin v27.5 - https:\/\/yoast.com\/product\/yoast-seo-wordpress\/ -->\n<title>Kortlek Opticks Box Set (Deck with Online Instructions) by Harapan Ong | Kortleksbolaget<\/title>\n<meta name=\"description\" content=\"K\u00f6p Opticks Box Set (Deck with Online Instructions) by Harapan Ong. Snabba leveranser &amp; bra priser. Sveriges st\u00f6rsta sortiment av kortlekar p\u00e5 Kortleksbolaget!\" \/>\n<meta name=\"robots\" content=\"index, follow, max-snippet:-1, max-image-preview:large, max-video-preview:-1\" \/>\n<link rel=\"canonical\" href=\"https:\/\/kortleksbolaget.se\/no\/produkt\/opticks-box-set-deck-with-online-instructions-by-harapan-ong\/\" \/>\n<meta property=\"og:locale\" content=\"nb_NO\" \/>\n<meta property=\"og:type\" content=\"article\" \/>\n<meta property=\"og:title\" content=\"Kortlek Opticks Box Set (Deck with Online Instructions) by Harapan Ong | Kortleksbolaget\" \/>\n<meta property=\"og:description\" content=\"K\u00f6p Opticks Box Set (Deck with Online Instructions) by Harapan Ong. Snabba leveranser &amp; bra priser. Sveriges st\u00f6rsta sortiment av kortlekar p\u00e5 Kortleksbolaget!\" \/>\n<meta property=\"og:url\" content=\"https:\/\/kortleksbolaget.se\/no\/produkt\/opticks-box-set-deck-with-online-instructions-by-harapan-ong\/\" \/>\n<meta property=\"og:site_name\" content=\"Kortleksbolaget\" \/>\n<meta property=\"og:image\" content=\"https:\/\/kortleksbolaget.se\/wp-content\/uploads\/opticks-harapan-ong-1.jpg\" \/>\n\t<meta property=\"og:image:width\" content=\"921\" \/>\n\t<meta property=\"og:image:height\" content=\"1380\" \/>\n\t<meta property=\"og:image:type\" content=\"image\/jpeg\" \/>\n<meta name=\"twitter:card\" content=\"summary_large_image\" \/>\n<script type=\"application\/ld+json\" class=\"yoast-schema-graph\">{\"@context\":\"https:\\\/\\\/schema.org\",\"@graph\":[{\"@type\":\"WebPage\",\"@id\":\"https:\\\/\\\/kortleksbolaget.se\\\/no\\\/produkt\\\/opticks-box-set-deck-with-online-instructions-by-harapan-ong\\\/\",\"url\":\"https:\\\/\\\/kortleksbolaget.se\\\/no\\\/produkt\\\/opticks-box-set-deck-with-online-instructions-by-harapan-ong\\\/\",\"name\":\"Kortlek Opticks Box Set (Deck with Online Instructions) by Harapan Ong | Kortleksbolaget\",\"isPartOf\":{\"@id\":\"https:\\\/\\\/kortleksbolaget.se\\\/no\\\/#website\"},\"primaryImageOfPage\":{\"@id\":\"https:\\\/\\\/kortleksbolaget.se\\\/no\\\/produkt\\\/opticks-box-set-deck-with-online-instructions-by-harapan-ong\\\/#primaryimage\"},\"image\":{\"@id\":\"https:\\\/\\\/kortleksbolaget.se\\\/no\\\/produkt\\\/opticks-box-set-deck-with-online-instructions-by-harapan-ong\\\/#primaryimage\"},\"thumbnailUrl\":\"https:\\\/\\\/kortleksbolaget.se\\\/wp-content\\\/uploads\\\/opticks-harapan-ong-1.jpg\",\"datePublished\":\"2022-05-27T13:57:38+00:00\",\"description\":\"K\u00f6p Opticks Box Set (Deck with Online Instructions) by Harapan Ong. Snabba leveranser & bra priser. Sveriges st\u00f6rsta sortiment av kortlekar p\u00e5 Kortleksbolaget!\",\"breadcrumb\":{\"@id\":\"https:\\\/\\\/kortleksbolaget.se\\\/no\\\/produkt\\\/opticks-box-set-deck-with-online-instructions-by-harapan-ong\\\/#breadcrumb\"},\"inLanguage\":\"nb-NO\",\"potentialAction\":[{\"@type\":\"ReadAction\",\"target\":[\"https:\\\/\\\/kortleksbolaget.se\\\/no\\\/produkt\\\/opticks-box-set-deck-with-online-instructions-by-harapan-ong\\\/\"]}]},{\"@type\":\"ImageObject\",\"inLanguage\":\"nb-NO\",\"@id\":\"https:\\\/\\\/kortleksbolaget.se\\\/no\\\/produkt\\\/opticks-box-set-deck-with-online-instructions-by-harapan-ong\\\/#primaryimage\",\"url\":\"https:\\\/\\\/kortleksbolaget.se\\\/wp-content\\\/uploads\\\/opticks-harapan-ong-1.jpg\",\"contentUrl\":\"https:\\\/\\\/kortleksbolaget.se\\\/wp-content\\\/uploads\\\/opticks-harapan-ong-1.jpg\",\"width\":921,\"height\":1380},{\"@type\":\"BreadcrumbList\",\"@id\":\"https:\\\/\\\/kortleksbolaget.se\\\/no\\\/produkt\\\/opticks-box-set-deck-with-online-instructions-by-harapan-ong\\\/#breadcrumb\",\"itemListElement\":[{\"@type\":\"ListItem\",\"position\":1,\"name\":\"Hem\",\"item\":\"https:\\\/\\\/kortleksbolaget.se\\\/no\\\/\"},{\"@type\":\"ListItem\",\"position\":2,\"name\":\"Alle Kortstokker\",\"item\":\"https:\\\/\\\/kortleksbolaget.se\\\/no\\\/alla-produkter\\\/\"},{\"@type\":\"ListItem\",\"position\":3,\"name\":\"Opticks Box Set (Deck with Online Instructions) by Harapan Ong\"}]},{\"@type\":\"WebSite\",\"@id\":\"https:\\\/\\\/kortleksbolaget.se\\\/no\\\/#website\",\"url\":\"https:\\\/\\\/kortleksbolaget.se\\\/no\\\/\",\"name\":\"Kortleksbolaget\",\"description\":\"Kortlekar p\u00e5 n\u00e4tet\",\"publisher\":{\"@id\":\"https:\\\/\\\/kortleksbolaget.se\\\/no\\\/#organization\"},\"potentialAction\":[{\"@type\":\"SearchAction\",\"target\":{\"@type\":\"EntryPoint\",\"urlTemplate\":\"https:\\\/\\\/kortleksbolaget.se\\\/no\\\/?s={search_term_string}\"},\"query-input\":{\"@type\":\"PropertyValueSpecification\",\"valueRequired\":true,\"valueName\":\"search_term_string\"}}],\"inLanguage\":\"nb-NO\"},{\"@type\":\"Organization\",\"@id\":\"https:\\\/\\\/kortleksbolaget.se\\\/no\\\/#organization\",\"name\":\"Kortleksbolaget\",\"url\":\"https:\\\/\\\/kortleksbolaget.se\\\/no\\\/\",\"logo\":{\"@type\":\"ImageObject\",\"inLanguage\":\"nb-NO\",\"@id\":\"https:\\\/\\\/kortleksbolaget.se\\\/no\\\/#\\\/schema\\\/logo\\\/image\\\/\",\"url\":\"https:\\\/\\\/kortleksbolaget.se\\\/wp-content\\\/uploads\\\/kortleksbolaget_logo-svart.png\",\"contentUrl\":\"https:\\\/\\\/kortleksbolaget.se\\\/wp-content\\\/uploads\\\/kortleksbolaget_logo-svart.png\",\"width\":1200,\"height\":296,\"caption\":\"Kortleksbolaget\"},\"image\":{\"@id\":\"https:\\\/\\\/kortleksbolaget.se\\\/no\\\/#\\\/schema\\\/logo\\\/image\\\/\"}}]}<\/script>\n<!-- \/ Yoast SEO plugin. -->","yoast_head_json":{"title":"Kortlek Opticks Box Set (Deck with Online Instructions) by Harapan Ong | Kortleksbolaget","description":"K\u00f6p Opticks Box Set (Deck with Online Instructions) by Harapan Ong. Snabba leveranser & bra priser. Sveriges st\u00f6rsta sortiment av kortlekar p\u00e5 Kortleksbolaget!","robots":{"index":"index","follow":"follow","max-snippet":"max-snippet:-1","max-image-preview":"max-image-preview:large","max-video-preview":"max-video-preview:-1"},"canonical":"https:\/\/kortleksbolaget.se\/no\/produkt\/opticks-box-set-deck-with-online-instructions-by-harapan-ong\/","og_locale":"nb_NO","og_type":"article","og_title":"Kortlek Opticks Box Set (Deck with Online Instructions) by Harapan Ong | Kortleksbolaget","og_description":"K\u00f6p Opticks Box Set (Deck with Online Instructions) by Harapan Ong. Snabba leveranser & bra priser. Sveriges st\u00f6rsta sortiment av kortlekar p\u00e5 Kortleksbolaget!","og_url":"https:\/\/kortleksbolaget.se\/no\/produkt\/opticks-box-set-deck-with-online-instructions-by-harapan-ong\/","og_site_name":"Kortleksbolaget","og_image":[{"width":921,"height":1380,"url":"https:\/\/kortleksbolaget.se\/wp-content\/uploads\/opticks-harapan-ong-1.jpg","type":"image\/jpeg"}],"twitter_card":"summary_large_image","schema":{"@context":"https:\/\/schema.org","@graph":[{"@type":"WebPage","@id":"https:\/\/kortleksbolaget.se\/no\/produkt\/opticks-box-set-deck-with-online-instructions-by-harapan-ong\/","url":"https:\/\/kortleksbolaget.se\/no\/produkt\/opticks-box-set-deck-with-online-instructions-by-harapan-ong\/","name":"Kortlek Opticks Box Set (Deck with Online Instructions) by Harapan Ong | Kortleksbolaget","isPartOf":{"@id":"https:\/\/kortleksbolaget.se\/no\/#website"},"primaryImageOfPage":{"@id":"https:\/\/kortleksbolaget.se\/no\/produkt\/opticks-box-set-deck-with-online-instructions-by-harapan-ong\/#primaryimage"},"image":{"@id":"https:\/\/kortleksbolaget.se\/no\/produkt\/opticks-box-set-deck-with-online-instructions-by-harapan-ong\/#primaryimage"},"thumbnailUrl":"https:\/\/kortleksbolaget.se\/wp-content\/uploads\/opticks-harapan-ong-1.jpg","datePublished":"2022-05-27T13:57:38+00:00","description":"K\u00f6p Opticks Box Set (Deck with Online Instructions) by Harapan Ong. Snabba leveranser & bra priser. Sveriges st\u00f6rsta sortiment av kortlekar p\u00e5 Kortleksbolaget!","breadcrumb":{"@id":"https:\/\/kortleksbolaget.se\/no\/produkt\/opticks-box-set-deck-with-online-instructions-by-harapan-ong\/#breadcrumb"},"inLanguage":"nb-NO","potentialAction":[{"@type":"ReadAction","target":["https:\/\/kortleksbolaget.se\/no\/produkt\/opticks-box-set-deck-with-online-instructions-by-harapan-ong\/"]}]},{"@type":"ImageObject","inLanguage":"nb-NO","@id":"https:\/\/kortleksbolaget.se\/no\/produkt\/opticks-box-set-deck-with-online-instructions-by-harapan-ong\/#primaryimage","url":"https:\/\/kortleksbolaget.se\/wp-content\/uploads\/opticks-harapan-ong-1.jpg","contentUrl":"https:\/\/kortleksbolaget.se\/wp-content\/uploads\/opticks-harapan-ong-1.jpg","width":921,"height":1380},{"@type":"BreadcrumbList","@id":"https:\/\/kortleksbolaget.se\/no\/produkt\/opticks-box-set-deck-with-online-instructions-by-harapan-ong\/#breadcrumb","itemListElement":[{"@type":"ListItem","position":1,"name":"Hem","item":"https:\/\/kortleksbolaget.se\/no\/"},{"@type":"ListItem","position":2,"name":"Alle Kortstokker","item":"https:\/\/kortleksbolaget.se\/no\/alla-produkter\/"},{"@type":"ListItem","position":3,"name":"Opticks Box Set (Deck with Online Instructions) by Harapan Ong"}]},{"@type":"WebSite","@id":"https:\/\/kortleksbolaget.se\/no\/#website","url":"https:\/\/kortleksbolaget.se\/no\/","name":"Kortleksbolaget","description":"Kortlekar p\u00e5 n\u00e4tet","publisher":{"@id":"https:\/\/kortleksbolaget.se\/no\/#organization"},"potentialAction":[{"@type":"SearchAction","target":{"@type":"EntryPoint","urlTemplate":"https:\/\/kortleksbolaget.se\/no\/?s={search_term_string}"},"query-input":{"@type":"PropertyValueSpecification","valueRequired":true,"valueName":"search_term_string"}}],"inLanguage":"nb-NO"},{"@type":"Organization","@id":"https:\/\/kortleksbolaget.se\/no\/#organization","name":"Kortleksbolaget","url":"https:\/\/kortleksbolaget.se\/no\/","logo":{"@type":"ImageObject","inLanguage":"nb-NO","@id":"https:\/\/kortleksbolaget.se\/no\/#\/schema\/logo\/image\/","url":"https:\/\/kortleksbolaget.se\/wp-content\/uploads\/kortleksbolaget_logo-svart.png","contentUrl":"https:\/\/kortleksbolaget.se\/wp-content\/uploads\/kortleksbolaget_logo-svart.png","width":1200,"height":296,"caption":"Kortleksbolaget"},"image":{"@id":"https:\/\/kortleksbolaget.se\/no\/#\/schema\/logo\/image\/"}}]}},"_links":{"self":[{"href":"https:\/\/kortleksbolaget.se\/no\/wp-json\/wp\/v2\/product\/87685","targetHints":{"allow":["GET"]}}],"collection":[{"href":"https:\/\/kortleksbolaget.se\/no\/wp-json\/wp\/v2\/product"}],"about":[{"href":"https:\/\/kortleksbolaget.se\/no\/wp-json\/wp\/v2\/types\/product"}],"wp:featuredmedia":[{"embeddable":true,"href":"https:\/\/kortleksbolaget.se\/no\/wp-json\/wp\/v2\/media\/87690"}],"wp:attachment":[{"href":"https:\/\/kortleksbolaget.se\/no\/wp-json\/wp\/v2\/media?parent=87685"}],"wp:term":[{"taxonomy":"product_brand","embeddable":true,"href":"https:\/\/kortleksbolaget.se\/no\/wp-json\/wp\/v2\/product_brand?post=87685"},{"taxonomy":"product_cat","embeddable":true,"href":"https:\/\/kortleksbolaget.se\/no\/wp-json\/wp\/v2\/product_cat?post=87685"},{"taxonomy":"product_tag","embeddable":true,"href":"https:\/\/kortleksbolaget.se\/no\/wp-json\/wp\/v2\/product_tag?post=87685"}],"curies":[{"name":"wp","href":"https:\/\/api.w.org\/{rel}","templated":true}]}}