{"id":89119,"date":"2022-06-19T09:34:45","date_gmt":"2022-06-19T07:34:45","guid":{"rendered":"https:\/\/kortleksbolaget.se\/produkt\/the-babbitt-effect\/"},"modified":"2022-06-20T20:56:48","modified_gmt":"2022-06-20T18:56:48","slug":"the-babbitt-effect","status":"publish","type":"product","link":"https:\/\/kortleksbolaget.se\/no\/produkt\/the-babbitt-effect\/","title":{"rendered":"The Babbitt Effect"},"content":{"rendered":"","protected":false},"excerpt":{"rendered":"<p>The Babbitt Effect is its own little act, and we think you will love this beautiful routine by Swedish Per Eklund.\u00a0It puts focus on the two spectators rather than the performer, and creates the feeling that one spectator got superpowers&#8230;<\/p>\n<p><strong>The story:<\/strong><br \/>\nHave you seen the movie &laquo;Rain Man&raquo; about the relationship between the two brothers Charlie (Tom Cruise) and Raymond Babbitt (Dustin Hoffman). Raymond is suffering from autism, but at the same time he also got superpowers. He can estimate anything from the amount of toothpicks dropped to the floor to the value and numbers af cards used in a game. Well, maybe we all do have superpowers&#8230; Lets try our luck in Las Vegas.<\/p>\n<p><strong>The effect:<\/strong><br \/>\nAfter showing the deck, spectator A cuts to a card and remembers it. Spectator B estimate the amount of card spectator A cuts. <strong>It turns out that this number is correct and the chosen card is found at just that location!<br \/>\n<\/strong><br \/>\n&#8211; Interesting presentation with themes that fascinate everyone.<br \/>\n&#8211; The Babbitt Effect can be performed close-up, in a parlour setting or even on zoom.<br \/>\n&#8211; After the introduction, everything is handled by the spectators &#8211; you don\u2019t need to touch the deck.<br \/>\n&#8211; The Babbitt Effect can be performed sorrounded and resets automatically.<br \/>\n&#8211; Great looking prop that adds to the story.<br \/>\n&#8211; Limited number carefully produced by hand by the creator Per Eklund himself.<br \/>\n&#8211; Distributed worldwide exclusively by Pegani.<\/p>\n<p>You receive the wooden display with the brass sign from &laquo;Dunes Casino&raquo; along with the Casino Bee Deck and Per Eklunds clear illustrated English instructions. Everything nicely packed in a soft velvet bag.<\/p>\n<p>What&#8217;s not to like?<\/p>\n<div id=\"tw-target-text-container\" class=\"tw-ta-container F0azHf tw-nfl\" tabindex=\"0\">\n<p id=\"tw-target-text\" class=\"tw-data-text tw-text-large tw-ta\" dir=\"ltr\" data-placeholder=\"\u00d6vers\u00e4ttning\"><span class=\"Y2IQFc\" lang=\"en\">Watch a short demo from the Swedish Championships in magic in Uppsala. In the film you see, among others, Per Eklund, Julien Dauphin and Johan St\u00e5hl. This magic routine is absolutely best experienced live as it takes about 3-5 minutes in its entirety.<\/span><\/p>\n<\/div>\n<div id=\"tw-target-rmn-container\" class=\"tw-target-rmn tw-ta-container F0azHf tw-nfl\">\n<pre id=\"tw-target-rmn\" class=\"tw-data-placeholder tw-text-small tw-ta\" dir=\"ltr\" data-placeholder=\"\"><\/pre>\n<\/div>\n<p> [&#8230;]<\/p>\n<p><a class=\"btn btn-secondary understrap-read-more-link\" href=\"https:\/\/kortleksbolaget.se\/no\/produkt\/the-babbitt-effect\/\">Les mer&#8230;<span class=\"screen-reader-text\"> from The Babbitt Effect<\/span><\/a><\/p>\n","protected":false},"featured_media":89109,"template":"","meta":{"_acf_changed":false},"product_brand":[],"product_cat":[226],"product_tag":[],"class_list":{"0":"post-89119","1":"product","2":"type-product","3":"status-publish","4":"has-post-thumbnail","6":"product_cat-magisk-no","8":"first","9":"instock","10":"taxable","11":"shipping-taxable","12":"purchasable","13":"product-type-simple"},"acf":[],"yoast_head":"<!-- This site is optimized with the Yoast SEO plugin v26.3 - https:\/\/yoast.com\/wordpress\/plugins\/seo\/ -->\n<title>Kortlek The Babbitt Effect | Kortleksbolaget<\/title>\n<meta name=\"description\" content=\"K\u00f6p The Babbitt Effect. Snabba leveranser &amp; bra priser. Sveriges st\u00f6rsta sortiment av kortlekar p\u00e5 Kortleksbolaget!\" \/>\n<meta name=\"robots\" content=\"index, follow, max-snippet:-1, max-image-preview:large, max-video-preview:-1\" \/>\n<link rel=\"canonical\" href=\"https:\/\/kortleksbolaget.se\/no\/produkt\/the-babbitt-effect\/\" \/>\n<meta property=\"og:locale\" content=\"nb_NO\" \/>\n<meta property=\"og:type\" content=\"article\" \/>\n<meta property=\"og:title\" content=\"Kortlek The Babbitt Effect | Kortleksbolaget\" \/>\n<meta property=\"og:description\" content=\"K\u00f6p The Babbitt Effect. Snabba leveranser &amp; bra priser. Sveriges st\u00f6rsta sortiment av kortlekar p\u00e5 Kortleksbolaget!\" \/>\n<meta property=\"og:url\" content=\"https:\/\/kortleksbolaget.se\/no\/produkt\/the-babbitt-effect\/\" \/>\n<meta property=\"og:site_name\" content=\"Kortleksbolaget\" \/>\n<meta property=\"article:modified_time\" content=\"2022-06-20T18:56:48+00:00\" \/>\n<meta property=\"og:image\" content=\"https:\/\/kortleksbolaget.se\/wp-content\/uploads\/the-babbitt-effect.jpg\" \/>\n\t<meta property=\"og:image:width\" content=\"709\" \/>\n\t<meta property=\"og:image:height\" content=\"1064\" \/>\n\t<meta property=\"og:image:type\" content=\"image\/jpeg\" \/>\n<meta name=\"twitter:card\" content=\"summary_large_image\" \/>\n<script type=\"application\/ld+json\" class=\"yoast-schema-graph\">{\"@context\":\"https:\/\/schema.org\",\"@graph\":[{\"@type\":\"WebPage\",\"@id\":\"https:\/\/kortleksbolaget.se\/no\/produkt\/the-babbitt-effect\/\",\"url\":\"https:\/\/kortleksbolaget.se\/no\/produkt\/the-babbitt-effect\/\",\"name\":\"Kortlek The Babbitt Effect | Kortleksbolaget\",\"isPartOf\":{\"@id\":\"https:\/\/kortleksbolaget.se\/no\/#website\"},\"primaryImageOfPage\":{\"@id\":\"https:\/\/kortleksbolaget.se\/no\/produkt\/the-babbitt-effect\/#primaryimage\"},\"image\":{\"@id\":\"https:\/\/kortleksbolaget.se\/no\/produkt\/the-babbitt-effect\/#primaryimage\"},\"thumbnailUrl\":\"https:\/\/kortleksbolaget.se\/wp-content\/uploads\/the-babbitt-effect.jpg\",\"datePublished\":\"2022-06-19T07:34:45+00:00\",\"dateModified\":\"2022-06-20T18:56:48+00:00\",\"description\":\"K\u00f6p The Babbitt Effect. Snabba leveranser & bra priser. Sveriges st\u00f6rsta sortiment av kortlekar p\u00e5 Kortleksbolaget!\",\"breadcrumb\":{\"@id\":\"https:\/\/kortleksbolaget.se\/no\/produkt\/the-babbitt-effect\/#breadcrumb\"},\"inLanguage\":\"nb-NO\",\"potentialAction\":[{\"@type\":\"ReadAction\",\"target\":[\"https:\/\/kortleksbolaget.se\/no\/produkt\/the-babbitt-effect\/\"]}]},{\"@type\":\"ImageObject\",\"inLanguage\":\"nb-NO\",\"@id\":\"https:\/\/kortleksbolaget.se\/no\/produkt\/the-babbitt-effect\/#primaryimage\",\"url\":\"https:\/\/kortleksbolaget.se\/wp-content\/uploads\/the-babbitt-effect.jpg\",\"contentUrl\":\"https:\/\/kortleksbolaget.se\/wp-content\/uploads\/the-babbitt-effect.jpg\",\"width\":709,\"height\":1064},{\"@type\":\"BreadcrumbList\",\"@id\":\"https:\/\/kortleksbolaget.se\/no\/produkt\/the-babbitt-effect\/#breadcrumb\",\"itemListElement\":[{\"@type\":\"ListItem\",\"position\":1,\"name\":\"Hem\",\"item\":\"https:\/\/kortleksbolaget.se\/no\/\"},{\"@type\":\"ListItem\",\"position\":2,\"name\":\"Alle Kortstokker\",\"item\":\"https:\/\/kortleksbolaget.se\/no\/alla-produkter\/\"},{\"@type\":\"ListItem\",\"position\":3,\"name\":\"The Babbitt Effect\"}]},{\"@type\":\"WebSite\",\"@id\":\"https:\/\/kortleksbolaget.se\/no\/#website\",\"url\":\"https:\/\/kortleksbolaget.se\/no\/\",\"name\":\"Kortleksbolaget\",\"description\":\"Kortlekar p\u00e5 n\u00e4tet\",\"publisher\":{\"@id\":\"https:\/\/kortleksbolaget.se\/no\/#organization\"},\"potentialAction\":[{\"@type\":\"SearchAction\",\"target\":{\"@type\":\"EntryPoint\",\"urlTemplate\":\"https:\/\/kortleksbolaget.se\/no\/?s={search_term_string}\"},\"query-input\":{\"@type\":\"PropertyValueSpecification\",\"valueRequired\":true,\"valueName\":\"search_term_string\"}}],\"inLanguage\":\"nb-NO\"},{\"@type\":\"Organization\",\"@id\":\"https:\/\/kortleksbolaget.se\/no\/#organization\",\"name\":\"Kortleksbolaget\",\"url\":\"https:\/\/kortleksbolaget.se\/no\/\",\"logo\":{\"@type\":\"ImageObject\",\"inLanguage\":\"nb-NO\",\"@id\":\"https:\/\/kortleksbolaget.se\/no\/#\/schema\/logo\/image\/\",\"url\":\"https:\/\/kortleksbolaget.se\/wp-content\/uploads\/kortleksbolaget_logo-svart.png\",\"contentUrl\":\"https:\/\/kortleksbolaget.se\/wp-content\/uploads\/kortleksbolaget_logo-svart.png\",\"width\":1200,\"height\":296,\"caption\":\"Kortleksbolaget\"},\"image\":{\"@id\":\"https:\/\/kortleksbolaget.se\/no\/#\/schema\/logo\/image\/\"}}]}<\/script>\n<!-- \/ Yoast SEO plugin. -->","yoast_head_json":{"title":"Kortlek The Babbitt Effect | Kortleksbolaget","description":"K\u00f6p The Babbitt Effect. Snabba leveranser & bra priser. Sveriges st\u00f6rsta sortiment av kortlekar p\u00e5 Kortleksbolaget!","robots":{"index":"index","follow":"follow","max-snippet":"max-snippet:-1","max-image-preview":"max-image-preview:large","max-video-preview":"max-video-preview:-1"},"canonical":"https:\/\/kortleksbolaget.se\/no\/produkt\/the-babbitt-effect\/","og_locale":"nb_NO","og_type":"article","og_title":"Kortlek The Babbitt Effect | Kortleksbolaget","og_description":"K\u00f6p The Babbitt Effect. Snabba leveranser & bra priser. Sveriges st\u00f6rsta sortiment av kortlekar p\u00e5 Kortleksbolaget!","og_url":"https:\/\/kortleksbolaget.se\/no\/produkt\/the-babbitt-effect\/","og_site_name":"Kortleksbolaget","article_modified_time":"2022-06-20T18:56:48+00:00","og_image":[{"width":709,"height":1064,"url":"https:\/\/kortleksbolaget.se\/wp-content\/uploads\/the-babbitt-effect.jpg","type":"image\/jpeg"}],"twitter_card":"summary_large_image","schema":{"@context":"https:\/\/schema.org","@graph":[{"@type":"WebPage","@id":"https:\/\/kortleksbolaget.se\/no\/produkt\/the-babbitt-effect\/","url":"https:\/\/kortleksbolaget.se\/no\/produkt\/the-babbitt-effect\/","name":"Kortlek The Babbitt Effect | Kortleksbolaget","isPartOf":{"@id":"https:\/\/kortleksbolaget.se\/no\/#website"},"primaryImageOfPage":{"@id":"https:\/\/kortleksbolaget.se\/no\/produkt\/the-babbitt-effect\/#primaryimage"},"image":{"@id":"https:\/\/kortleksbolaget.se\/no\/produkt\/the-babbitt-effect\/#primaryimage"},"thumbnailUrl":"https:\/\/kortleksbolaget.se\/wp-content\/uploads\/the-babbitt-effect.jpg","datePublished":"2022-06-19T07:34:45+00:00","dateModified":"2022-06-20T18:56:48+00:00","description":"K\u00f6p The Babbitt Effect. Snabba leveranser & bra priser. Sveriges st\u00f6rsta sortiment av kortlekar p\u00e5 Kortleksbolaget!","breadcrumb":{"@id":"https:\/\/kortleksbolaget.se\/no\/produkt\/the-babbitt-effect\/#breadcrumb"},"inLanguage":"nb-NO","potentialAction":[{"@type":"ReadAction","target":["https:\/\/kortleksbolaget.se\/no\/produkt\/the-babbitt-effect\/"]}]},{"@type":"ImageObject","inLanguage":"nb-NO","@id":"https:\/\/kortleksbolaget.se\/no\/produkt\/the-babbitt-effect\/#primaryimage","url":"https:\/\/kortleksbolaget.se\/wp-content\/uploads\/the-babbitt-effect.jpg","contentUrl":"https:\/\/kortleksbolaget.se\/wp-content\/uploads\/the-babbitt-effect.jpg","width":709,"height":1064},{"@type":"BreadcrumbList","@id":"https:\/\/kortleksbolaget.se\/no\/produkt\/the-babbitt-effect\/#breadcrumb","itemListElement":[{"@type":"ListItem","position":1,"name":"Hem","item":"https:\/\/kortleksbolaget.se\/no\/"},{"@type":"ListItem","position":2,"name":"Alle Kortstokker","item":"https:\/\/kortleksbolaget.se\/no\/alla-produkter\/"},{"@type":"ListItem","position":3,"name":"The Babbitt Effect"}]},{"@type":"WebSite","@id":"https:\/\/kortleksbolaget.se\/no\/#website","url":"https:\/\/kortleksbolaget.se\/no\/","name":"Kortleksbolaget","description":"Kortlekar p\u00e5 n\u00e4tet","publisher":{"@id":"https:\/\/kortleksbolaget.se\/no\/#organization"},"potentialAction":[{"@type":"SearchAction","target":{"@type":"EntryPoint","urlTemplate":"https:\/\/kortleksbolaget.se\/no\/?s={search_term_string}"},"query-input":{"@type":"PropertyValueSpecification","valueRequired":true,"valueName":"search_term_string"}}],"inLanguage":"nb-NO"},{"@type":"Organization","@id":"https:\/\/kortleksbolaget.se\/no\/#organization","name":"Kortleksbolaget","url":"https:\/\/kortleksbolaget.se\/no\/","logo":{"@type":"ImageObject","inLanguage":"nb-NO","@id":"https:\/\/kortleksbolaget.se\/no\/#\/schema\/logo\/image\/","url":"https:\/\/kortleksbolaget.se\/wp-content\/uploads\/kortleksbolaget_logo-svart.png","contentUrl":"https:\/\/kortleksbolaget.se\/wp-content\/uploads\/kortleksbolaget_logo-svart.png","width":1200,"height":296,"caption":"Kortleksbolaget"},"image":{"@id":"https:\/\/kortleksbolaget.se\/no\/#\/schema\/logo\/image\/"}}]}},"_links":{"self":[{"href":"https:\/\/kortleksbolaget.se\/no\/wp-json\/wp\/v2\/product\/89119","targetHints":{"allow":["GET"]}}],"collection":[{"href":"https:\/\/kortleksbolaget.se\/no\/wp-json\/wp\/v2\/product"}],"about":[{"href":"https:\/\/kortleksbolaget.se\/no\/wp-json\/wp\/v2\/types\/product"}],"wp:featuredmedia":[{"embeddable":true,"href":"https:\/\/kortleksbolaget.se\/no\/wp-json\/wp\/v2\/media\/89109"}],"wp:attachment":[{"href":"https:\/\/kortleksbolaget.se\/no\/wp-json\/wp\/v2\/media?parent=89119"}],"wp:term":[{"taxonomy":"product_brand","embeddable":true,"href":"https:\/\/kortleksbolaget.se\/no\/wp-json\/wp\/v2\/product_brand?post=89119"},{"taxonomy":"product_cat","embeddable":true,"href":"https:\/\/kortleksbolaget.se\/no\/wp-json\/wp\/v2\/product_cat?post=89119"},{"taxonomy":"product_tag","embeddable":true,"href":"https:\/\/kortleksbolaget.se\/no\/wp-json\/wp\/v2\/product_tag?post=89119"}],"curies":[{"name":"wp","href":"https:\/\/api.w.org\/{rel}","templated":true}]}}