{"id":99501,"date":"2022-10-04T21:29:19","date_gmt":"2022-10-04T19:29:19","guid":{"rendered":"https:\/\/kortleksbolaget.se\/produkt\/odyssey-genesys-holographic-exclusive-limited-edition\/"},"modified":"2022-11-19T00:04:10","modified_gmt":"2022-11-18T23:04:10","slug":"odyssey-genesys-holographic-exclusive-limited-edition","status":"publish","type":"product","link":"https:\/\/kortleksbolaget.se\/no\/produkt\/odyssey-genesys-holographic-exclusive-limited-edition\/","title":{"rendered":"Odyssey Genesys Holographic Exclusive Limited Edition"},"content":{"rendered":"","protected":false},"excerpt":{"rendered":"<div id=\"tw-target-text-container\" class=\"tw-ta-container F0azHf tw-nfl\" tabindex=\"0\">\n<div class=\"box-inner1\">\n<div class=\"product-description Scrollable\">\n<div class=\"product attribute overview\">\n<div class=\"value\">\n<p>Odyssey Genesys is inspired by high minimal shapes. The minimalism and the futurims at its most. The luxury is presented with impresive materials and tonalities like holographic. However this is not just a foiled deck of cards&#8230;this is again a totally different way to Feel The Universe but keeping the essence of brand.<\/p>\n<p>The MOST AMBITIOUS Odyssey project.<br \/>\nEvery deck of cards will be NUMBERED! Luxury seals\u00a0have been created\u00a0which will include the number of the deck so&#8230;they will be super limited.<\/p>\n<p>General Features:<br \/>\n&#8211;\u00a0Tuck case with Holo foil.<br \/>\n&#8211;\u00a0Luxury inner printing. Holo foil. Absolutely astonishing.<br \/>\n&#8211;\u00a052 playing Cards + 2 Jokers Poker size.<br \/>\n&#8211;\u00a0Produced by\u00a0 Feel The Universe Card Co. and TCC.<br \/>\n&#8211; Printed by TCC PLAYING CARDS Company.<\/p>\n<p>PAPER STOCK AND FINISH<br \/>\nFeel The Universe and TCC have been working together in the craft of a unique and special paper stock and finish that enhances the holographic effect but keeping the high quality of the cards.<br \/>\nThis means a great handling, perfect for cardistry and magic with a beautiful holografic cold foil effect. This paper stock and finish are called:\u00a0Prime Paper Stock and Finish. And was used\u00a0a SUPER premium tuck case material. You will love it.<\/p>\n<p>TUCK CASES<br \/>\nGenesys has maybe the most impressive case design ever created for an Odyssey.\u00a0The Holographic is from another world.<\/p>\n<p>BACK DESIGN<br \/>\nOdyssey Genesys comes with a depured back design. The diagonal line is elegant, minimal and elegant. Pure Odyssey.<\/p>\n<p>ACE DESIGN<br \/>\nClassic ace design but adding some details with Genesys aesthetic.<\/p>\n<p>FIGURES<br \/>\nMetallic plates conforms the armor and weapons of the knights. Again combining the futuristic touches with the minimal design.<\/p>\n<p>The design talks by itself. Admire the beauty of the Exclusive Holo Genesys edition.<\/p>\n<\/div>\n<\/div>\n<\/div>\n<\/div>\n<p id=\"tw-target-text\" class=\"tw-data-text tw-text-large tw-ta\" dir=\"ltr\" data-placeholder=\"\u00d6vers\u00e4ttning\"><span class=\"Y2IQFc\" lang=\"sv\">\u00a0<\/span><\/p>\n<\/div>\n<p> [&#8230;]<\/p>\n<p><a class=\"btn btn-secondary understrap-read-more-link\" href=\"https:\/\/kortleksbolaget.se\/no\/produkt\/odyssey-genesys-holographic-exclusive-limited-edition\/\">Les mer&#8230;<span class=\"screen-reader-text\"> from Odyssey Genesys Holographic Exclusive Limited Edition<\/span><\/a><\/p>\n","protected":false},"featured_media":99492,"template":"","meta":{"_acf_changed":false},"product_brand":[],"product_cat":[223,232],"product_tag":[],"class_list":{"0":"post-99501","1":"product","2":"type-product","3":"status-publish","4":"has-post-thumbnail","6":"product_cat-cardistry-no","7":"product_cat-special-lyx-limited-no","9":"first","10":"outofstock","11":"taxable","12":"shipping-taxable","13":"purchasable","14":"product-type-simple"},"acf":[],"yoast_head":"<!-- This site is optimized with the Yoast SEO plugin v26.3 - https:\/\/yoast.com\/wordpress\/plugins\/seo\/ -->\n<title>Kortlek Odyssey Genesys Holographic Exclusive Limited Edition | Kortleksbolaget<\/title>\n<meta name=\"description\" content=\"K\u00f6p Odyssey Genesys Holographic Exclusive Limited Edition. Snabba leveranser &amp; bra priser. Sveriges st\u00f6rsta sortiment av kortlekar p\u00e5 Kortleksbolaget!\" \/>\n<meta name=\"robots\" content=\"index, follow, max-snippet:-1, max-image-preview:large, max-video-preview:-1\" \/>\n<link rel=\"canonical\" href=\"https:\/\/kortleksbolaget.se\/no\/produkt\/odyssey-genesys-holographic-exclusive-limited-edition\/\" \/>\n<meta property=\"og:locale\" content=\"nb_NO\" \/>\n<meta property=\"og:type\" content=\"article\" \/>\n<meta property=\"og:title\" content=\"Kortlek Odyssey Genesys Holographic Exclusive Limited Edition | Kortleksbolaget\" \/>\n<meta property=\"og:description\" content=\"K\u00f6p Odyssey Genesys Holographic Exclusive Limited Edition. Snabba leveranser &amp; bra priser. Sveriges st\u00f6rsta sortiment av kortlekar p\u00e5 Kortleksbolaget!\" \/>\n<meta property=\"og:url\" content=\"https:\/\/kortleksbolaget.se\/no\/produkt\/odyssey-genesys-holographic-exclusive-limited-edition\/\" \/>\n<meta property=\"og:site_name\" content=\"Kortleksbolaget\" \/>\n<meta property=\"article:modified_time\" content=\"2022-11-18T23:04:10+00:00\" \/>\n<meta property=\"og:image\" content=\"https:\/\/kortleksbolaget.se\/wp-content\/uploads\/genesys-holographic.jpg\" \/>\n\t<meta property=\"og:image:width\" content=\"410\" \/>\n\t<meta property=\"og:image:height\" content=\"615\" \/>\n\t<meta property=\"og:image:type\" content=\"image\/jpeg\" \/>\n<meta name=\"twitter:card\" content=\"summary_large_image\" \/>\n<script type=\"application\/ld+json\" class=\"yoast-schema-graph\">{\"@context\":\"https:\/\/schema.org\",\"@graph\":[{\"@type\":\"WebPage\",\"@id\":\"https:\/\/kortleksbolaget.se\/no\/produkt\/odyssey-genesys-holographic-exclusive-limited-edition\/\",\"url\":\"https:\/\/kortleksbolaget.se\/no\/produkt\/odyssey-genesys-holographic-exclusive-limited-edition\/\",\"name\":\"Kortlek Odyssey Genesys Holographic Exclusive Limited Edition | Kortleksbolaget\",\"isPartOf\":{\"@id\":\"https:\/\/kortleksbolaget.se\/no\/#website\"},\"primaryImageOfPage\":{\"@id\":\"https:\/\/kortleksbolaget.se\/no\/produkt\/odyssey-genesys-holographic-exclusive-limited-edition\/#primaryimage\"},\"image\":{\"@id\":\"https:\/\/kortleksbolaget.se\/no\/produkt\/odyssey-genesys-holographic-exclusive-limited-edition\/#primaryimage\"},\"thumbnailUrl\":\"https:\/\/kortleksbolaget.se\/wp-content\/uploads\/genesys-holographic.jpg\",\"datePublished\":\"2022-10-04T19:29:19+00:00\",\"dateModified\":\"2022-11-18T23:04:10+00:00\",\"description\":\"K\u00f6p Odyssey Genesys Holographic Exclusive Limited Edition. Snabba leveranser & bra priser. Sveriges st\u00f6rsta sortiment av kortlekar p\u00e5 Kortleksbolaget!\",\"breadcrumb\":{\"@id\":\"https:\/\/kortleksbolaget.se\/no\/produkt\/odyssey-genesys-holographic-exclusive-limited-edition\/#breadcrumb\"},\"inLanguage\":\"nb-NO\",\"potentialAction\":[{\"@type\":\"ReadAction\",\"target\":[\"https:\/\/kortleksbolaget.se\/no\/produkt\/odyssey-genesys-holographic-exclusive-limited-edition\/\"]}]},{\"@type\":\"ImageObject\",\"inLanguage\":\"nb-NO\",\"@id\":\"https:\/\/kortleksbolaget.se\/no\/produkt\/odyssey-genesys-holographic-exclusive-limited-edition\/#primaryimage\",\"url\":\"https:\/\/kortleksbolaget.se\/wp-content\/uploads\/genesys-holographic.jpg\",\"contentUrl\":\"https:\/\/kortleksbolaget.se\/wp-content\/uploads\/genesys-holographic.jpg\",\"width\":410,\"height\":615},{\"@type\":\"BreadcrumbList\",\"@id\":\"https:\/\/kortleksbolaget.se\/no\/produkt\/odyssey-genesys-holographic-exclusive-limited-edition\/#breadcrumb\",\"itemListElement\":[{\"@type\":\"ListItem\",\"position\":1,\"name\":\"Hem\",\"item\":\"https:\/\/kortleksbolaget.se\/no\/\"},{\"@type\":\"ListItem\",\"position\":2,\"name\":\"Alle Kortstokker\",\"item\":\"https:\/\/kortleksbolaget.se\/no\/alla-produkter\/\"},{\"@type\":\"ListItem\",\"position\":3,\"name\":\"Odyssey Genesys Holographic Exclusive Limited Edition\"}]},{\"@type\":\"WebSite\",\"@id\":\"https:\/\/kortleksbolaget.se\/no\/#website\",\"url\":\"https:\/\/kortleksbolaget.se\/no\/\",\"name\":\"Kortleksbolaget\",\"description\":\"Kortlekar p\u00e5 n\u00e4tet\",\"publisher\":{\"@id\":\"https:\/\/kortleksbolaget.se\/no\/#organization\"},\"potentialAction\":[{\"@type\":\"SearchAction\",\"target\":{\"@type\":\"EntryPoint\",\"urlTemplate\":\"https:\/\/kortleksbolaget.se\/no\/?s={search_term_string}\"},\"query-input\":{\"@type\":\"PropertyValueSpecification\",\"valueRequired\":true,\"valueName\":\"search_term_string\"}}],\"inLanguage\":\"nb-NO\"},{\"@type\":\"Organization\",\"@id\":\"https:\/\/kortleksbolaget.se\/no\/#organization\",\"name\":\"Kortleksbolaget\",\"url\":\"https:\/\/kortleksbolaget.se\/no\/\",\"logo\":{\"@type\":\"ImageObject\",\"inLanguage\":\"nb-NO\",\"@id\":\"https:\/\/kortleksbolaget.se\/no\/#\/schema\/logo\/image\/\",\"url\":\"https:\/\/kortleksbolaget.se\/wp-content\/uploads\/kortleksbolaget_logo-svart.png\",\"contentUrl\":\"https:\/\/kortleksbolaget.se\/wp-content\/uploads\/kortleksbolaget_logo-svart.png\",\"width\":1200,\"height\":296,\"caption\":\"Kortleksbolaget\"},\"image\":{\"@id\":\"https:\/\/kortleksbolaget.se\/no\/#\/schema\/logo\/image\/\"}}]}<\/script>\n<!-- \/ Yoast SEO plugin. -->","yoast_head_json":{"title":"Kortlek Odyssey Genesys Holographic Exclusive Limited Edition | Kortleksbolaget","description":"K\u00f6p Odyssey Genesys Holographic Exclusive Limited Edition. Snabba leveranser & bra priser. Sveriges st\u00f6rsta sortiment av kortlekar p\u00e5 Kortleksbolaget!","robots":{"index":"index","follow":"follow","max-snippet":"max-snippet:-1","max-image-preview":"max-image-preview:large","max-video-preview":"max-video-preview:-1"},"canonical":"https:\/\/kortleksbolaget.se\/no\/produkt\/odyssey-genesys-holographic-exclusive-limited-edition\/","og_locale":"nb_NO","og_type":"article","og_title":"Kortlek Odyssey Genesys Holographic Exclusive Limited Edition | Kortleksbolaget","og_description":"K\u00f6p Odyssey Genesys Holographic Exclusive Limited Edition. Snabba leveranser & bra priser. Sveriges st\u00f6rsta sortiment av kortlekar p\u00e5 Kortleksbolaget!","og_url":"https:\/\/kortleksbolaget.se\/no\/produkt\/odyssey-genesys-holographic-exclusive-limited-edition\/","og_site_name":"Kortleksbolaget","article_modified_time":"2022-11-18T23:04:10+00:00","og_image":[{"width":410,"height":615,"url":"https:\/\/kortleksbolaget.se\/wp-content\/uploads\/genesys-holographic.jpg","type":"image\/jpeg"}],"twitter_card":"summary_large_image","schema":{"@context":"https:\/\/schema.org","@graph":[{"@type":"WebPage","@id":"https:\/\/kortleksbolaget.se\/no\/produkt\/odyssey-genesys-holographic-exclusive-limited-edition\/","url":"https:\/\/kortleksbolaget.se\/no\/produkt\/odyssey-genesys-holographic-exclusive-limited-edition\/","name":"Kortlek Odyssey Genesys Holographic Exclusive Limited Edition | Kortleksbolaget","isPartOf":{"@id":"https:\/\/kortleksbolaget.se\/no\/#website"},"primaryImageOfPage":{"@id":"https:\/\/kortleksbolaget.se\/no\/produkt\/odyssey-genesys-holographic-exclusive-limited-edition\/#primaryimage"},"image":{"@id":"https:\/\/kortleksbolaget.se\/no\/produkt\/odyssey-genesys-holographic-exclusive-limited-edition\/#primaryimage"},"thumbnailUrl":"https:\/\/kortleksbolaget.se\/wp-content\/uploads\/genesys-holographic.jpg","datePublished":"2022-10-04T19:29:19+00:00","dateModified":"2022-11-18T23:04:10+00:00","description":"K\u00f6p Odyssey Genesys Holographic Exclusive Limited Edition. Snabba leveranser & bra priser. Sveriges st\u00f6rsta sortiment av kortlekar p\u00e5 Kortleksbolaget!","breadcrumb":{"@id":"https:\/\/kortleksbolaget.se\/no\/produkt\/odyssey-genesys-holographic-exclusive-limited-edition\/#breadcrumb"},"inLanguage":"nb-NO","potentialAction":[{"@type":"ReadAction","target":["https:\/\/kortleksbolaget.se\/no\/produkt\/odyssey-genesys-holographic-exclusive-limited-edition\/"]}]},{"@type":"ImageObject","inLanguage":"nb-NO","@id":"https:\/\/kortleksbolaget.se\/no\/produkt\/odyssey-genesys-holographic-exclusive-limited-edition\/#primaryimage","url":"https:\/\/kortleksbolaget.se\/wp-content\/uploads\/genesys-holographic.jpg","contentUrl":"https:\/\/kortleksbolaget.se\/wp-content\/uploads\/genesys-holographic.jpg","width":410,"height":615},{"@type":"BreadcrumbList","@id":"https:\/\/kortleksbolaget.se\/no\/produkt\/odyssey-genesys-holographic-exclusive-limited-edition\/#breadcrumb","itemListElement":[{"@type":"ListItem","position":1,"name":"Hem","item":"https:\/\/kortleksbolaget.se\/no\/"},{"@type":"ListItem","position":2,"name":"Alle Kortstokker","item":"https:\/\/kortleksbolaget.se\/no\/alla-produkter\/"},{"@type":"ListItem","position":3,"name":"Odyssey Genesys Holographic Exclusive Limited Edition"}]},{"@type":"WebSite","@id":"https:\/\/kortleksbolaget.se\/no\/#website","url":"https:\/\/kortleksbolaget.se\/no\/","name":"Kortleksbolaget","description":"Kortlekar p\u00e5 n\u00e4tet","publisher":{"@id":"https:\/\/kortleksbolaget.se\/no\/#organization"},"potentialAction":[{"@type":"SearchAction","target":{"@type":"EntryPoint","urlTemplate":"https:\/\/kortleksbolaget.se\/no\/?s={search_term_string}"},"query-input":{"@type":"PropertyValueSpecification","valueRequired":true,"valueName":"search_term_string"}}],"inLanguage":"nb-NO"},{"@type":"Organization","@id":"https:\/\/kortleksbolaget.se\/no\/#organization","name":"Kortleksbolaget","url":"https:\/\/kortleksbolaget.se\/no\/","logo":{"@type":"ImageObject","inLanguage":"nb-NO","@id":"https:\/\/kortleksbolaget.se\/no\/#\/schema\/logo\/image\/","url":"https:\/\/kortleksbolaget.se\/wp-content\/uploads\/kortleksbolaget_logo-svart.png","contentUrl":"https:\/\/kortleksbolaget.se\/wp-content\/uploads\/kortleksbolaget_logo-svart.png","width":1200,"height":296,"caption":"Kortleksbolaget"},"image":{"@id":"https:\/\/kortleksbolaget.se\/no\/#\/schema\/logo\/image\/"}}]}},"_links":{"self":[{"href":"https:\/\/kortleksbolaget.se\/no\/wp-json\/wp\/v2\/product\/99501","targetHints":{"allow":["GET"]}}],"collection":[{"href":"https:\/\/kortleksbolaget.se\/no\/wp-json\/wp\/v2\/product"}],"about":[{"href":"https:\/\/kortleksbolaget.se\/no\/wp-json\/wp\/v2\/types\/product"}],"wp:featuredmedia":[{"embeddable":true,"href":"https:\/\/kortleksbolaget.se\/no\/wp-json\/wp\/v2\/media\/99492"}],"wp:attachment":[{"href":"https:\/\/kortleksbolaget.se\/no\/wp-json\/wp\/v2\/media?parent=99501"}],"wp:term":[{"taxonomy":"product_brand","embeddable":true,"href":"https:\/\/kortleksbolaget.se\/no\/wp-json\/wp\/v2\/product_brand?post=99501"},{"taxonomy":"product_cat","embeddable":true,"href":"https:\/\/kortleksbolaget.se\/no\/wp-json\/wp\/v2\/product_cat?post=99501"},{"taxonomy":"product_tag","embeddable":true,"href":"https:\/\/kortleksbolaget.se\/no\/wp-json\/wp\/v2\/product_tag?post=99501"}],"curies":[{"name":"wp","href":"https:\/\/api.w.org\/{rel}","templated":true}]}}